{"id":595,"date":"2018-10-16T13:42:07","date_gmt":"2018-10-16T16:42:07","guid":{"rendered":"https:\/\/www.unisantos.br\/pos\/?page_id=595"},"modified":"2023-08-14T14:08:18","modified_gmt":"2023-08-14T17:08:18","slug":"gestao-de-servicos-com-foco-na-qualidade-e-no-consumidor-interno-e-externo","status":"publish","type":"page","link":"https:\/\/www.unisantos.br\/pos\/qualificacao\/gestao-de-servicos-com-foco-na-qualidade-e-no-consumidor-interno-e-externo\/","title":{"rendered":"Gest\u00e3o de Servi\u00e7os com Foco na Qualidade e no Consumidor Interno e Externo"},"content":{"rendered":"<p><strong>PROFESSORES RESPONS\u00c1VEIS<\/strong><br \/>\nProf. Dr. Ant\u00f4nio Miranda Galle\u00e3o<br \/>\nProf\u00aa. Esp. Sandra Regina Giocondo Ramos<\/p>\n<p><strong>CARGA HOR\u00c1RIA<\/strong><br \/>\n20 h\/a<\/p>\n<p><strong>LOCAL<\/strong><br \/>\nCampus Dom Id\u00edlio Jos\u00e9 Soares<\/p>\n<p><strong>OBJETIVOS<\/strong><br \/>\n&#8211; Capacitar o aluno a apresentar conceitos e princ\u00edpios fundamentais da gest\u00e3o de servi\u00e7os, marketing e cultura organizacional<br \/>\n-Desenvolver compet\u00eancias que possibilitem a utiliza\u00e7\u00e3o de conceitos e modelos especializados na Gest\u00e3o de Servi\u00e7os<br \/>\n&#8211; Tomar decis\u00f5es e exercer m\u00faltiplas fun\u00e7\u00f5es em organiza\u00e7\u00f5es de servi\u00e7os<br \/>\n&#8211; Ampliar as capacidades t\u00e9cnicas e as atitudes indispens\u00e1veis ao favorecimento das vantagens competitivas dos servi\u00e7os frente a um mercado competitivo<br \/>\n&#8211; Compartilhar experi\u00eancias entre os participantes<\/p>\n<p><strong>P\u00daBLICO-ALVO<\/strong><br \/>\nEstudantes de gradua\u00e7\u00e3o e p\u00f3s-gradua\u00e7\u00e3o, al\u00e9m de profissionais que atuem em diversas \u00e1reas que tenham interesse em desenvolver um conjunto de habilidades na \u00e1rea da gest\u00e3o de servi\u00e7os privados.<\/p>\n<p><strong>CONTE\u00daDO<\/strong><br \/>\nApresenta\u00e7\u00e3o do curso<br \/>\nDefini\u00e7\u00e3o de servi\u00e7os<br \/>\nDiferen\u00e7a entre bem e produto<br \/>\nClassifica\u00e7\u00e3o dos servi\u00e7os<br \/>\nTipos de servi\u00e7os<br \/>\nInflu\u00eancia da evolu\u00e7\u00e3o econ\u00f4mica nos tipos de servi\u00e7os<br \/>\nCategorias do mix de servi\u00e7os<br \/>\nDistin\u00e7\u00e3o dos servi\u00e7os<br \/>\nCaracter\u00edsticas e especifica\u00e7\u00f5es do servi\u00e7o<br \/>\nGerenciando a demanda<br \/>\nGerenciando a oferta<br \/>\nOpera\u00e7\u00f5es de servi\u00e7os<br \/>\nIntera\u00e7\u00f5es dos servi\u00e7os<br \/>\nConceito de valor<br \/>\nA relev\u00e2ncia do valor para a competitividade em servi\u00e7os<br \/>\nCompreendendo o ambiente competitivo dos servi\u00e7os<br \/>\nMarketing na \u00e1rea de servi\u00e7os<br \/>\nIntercomunica\u00e7\u00f5es das opera\u00e7\u00f5es de servi\u00e7os e marketing<br \/>\nOs diversos ambientes de marketing para servi\u00e7os<br \/>\nO composto de marketing para servi\u00e7os<br \/>\nEstrat\u00e9gias de marketing de servi\u00e7os<br \/>\nO pre\u00e7o nos servi\u00e7os<br \/>\nM\u00e9todos de determina\u00e7\u00e3o de pre\u00e7os<br \/>\nDistribui\u00e7\u00e3o de servi\u00e7os<br \/>\nGerenciando a qualidade dos servi\u00e7os<br \/>\nAtividade em aula: elabora\u00e7\u00e3o de um projeto e desenvolvimento e direcionamento de um servi\u00e7o<br \/>\nO cliente de servi\u00e7o e seu comportamento<br \/>\nProcesso de compra<br \/>\nModelos de tomadas de decis\u00e3o dos consumidores<br \/>\nFatores que influenciam o comportamento do consumidor<br \/>\n\u00c9tica no marketing<br \/>\nVenda pessoal<br \/>\nEndomarketing<br \/>\nCases de sucesso<\/p>\n<p><strong>OBSERVA\u00c7\u00d5ES<\/strong><br \/>\nA Universidade se reserva o direito de alterar o cronograma e o corpo docente.<br \/>\nDocumenta\u00e7\u00e3o necess\u00e1ria para quem n\u00e3o \u00e9 aluno da Cat\u00f3lica de Santos: c\u00f3pias do RG, CPF, certid\u00e3o de nascimento ou casamento.<br \/>\nA inscri\u00e7\u00e3o presencial s\u00f3 poder\u00e1 ser efetuada pelo interessado no curso, ou por pessoa munida de procura\u00e7\u00e3o autenticada em cart\u00f3rio.<br \/>\nA efetiva\u00e7\u00e3o da matr\u00edcula est\u00e1 condicionada ao pagamento do boleto da 1\u00aa. parcela e entrega da documenta\u00e7\u00e3o exigida.<\/p>\n<p><strong>OUTRAS INFORMA\u00c7\u00d5ES<\/strong><br \/>\nDepartamento de Atendimento Integrado<br \/>\nTelefone: (13) 3205-5555 \u2013 ramais 1354\/1384<br \/>\nE-mail: dat@unisantos.br<\/p>\n","protected":false},"excerpt":{"rendered":"<p>PROFESSORES RESPONS\u00c1VEIS Prof. Dr. Ant\u00f4nio Miranda Galle\u00e3o Prof\u00aa. Esp. Sandra Regina Giocondo Ramos CARGA HOR\u00c1RIA 20 h\/a LOCAL Campus Dom [&hellip;]<\/p>\n","protected":false},"author":1,"featured_media":683,"parent":399,"menu_order":0,"comment_status":"closed","ping_status":"closed","template":"","meta":{"footnotes":""},"_links":{"self":[{"href":"https:\/\/www.unisantos.br\/pos\/wp-json\/wp\/v2\/pages\/595"}],"collection":[{"href":"https:\/\/www.unisantos.br\/pos\/wp-json\/wp\/v2\/pages"}],"about":[{"href":"https:\/\/www.unisantos.br\/pos\/wp-json\/wp\/v2\/types\/page"}],"author":[{"embeddable":true,"href":"https:\/\/www.unisantos.br\/pos\/wp-json\/wp\/v2\/users\/1"}],"replies":[{"embeddable":true,"href":"https:\/\/www.unisantos.br\/pos\/wp-json\/wp\/v2\/comments?post=595"}],"version-history":[{"count":3,"href":"https:\/\/www.unisantos.br\/pos\/wp-json\/wp\/v2\/pages\/595\/revisions"}],"predecessor-version":[{"id":5519,"href":"https:\/\/www.unisantos.br\/pos\/wp-json\/wp\/v2\/pages\/595\/revisions\/5519"}],"up":[{"embeddable":true,"href":"https:\/\/www.unisantos.br\/pos\/wp-json\/wp\/v2\/pages\/399"}],"wp:featuredmedia":[{"embeddable":true,"href":"https:\/\/www.unisantos.br\/pos\/wp-json\/wp\/v2\/media\/683"}],"wp:attachment":[{"href":"https:\/\/www.unisantos.br\/pos\/wp-json\/wp\/v2\/media?parent=595"}],"curies":[{"name":"wp","href":"https:\/\/api.w.org\/{rel}","templated":true}]}}