{"id":593,"date":"2018-10-16T13:41:42","date_gmt":"2018-10-16T16:41:42","guid":{"rendered":"https:\/\/www.unisantos.br\/pos\/?page_id=593"},"modified":"2023-08-14T13:51:05","modified_gmt":"2023-08-14T16:51:05","slug":"gestao-de-residuos-solidos","status":"publish","type":"page","link":"https:\/\/www.unisantos.br\/pos\/qualificacao\/gestao-de-residuos-solidos\/","title":{"rendered":"Gest\u00e3o de Res\u00edduos S\u00f3lidos"},"content":{"rendered":"<p><strong>PROFESSORA RESPONS\u00c1VEL<\/strong><br \/>\nProf\u00aa. Dr\u00aa. Michele Leiko Uemura<\/p>\n<p><strong>CARGA HOR\u00c1RIA<\/strong><br \/>\n8 h\/a<\/p>\n<p><strong>LOCAL<\/strong><br \/>\nCampus Dom Id\u00edlio Jos\u00e9 Soares<\/p>\n<p><strong>OBJETIVO<\/strong><br \/>\nCapacitar o participante para a adequada gest\u00e3o de res\u00edduos s\u00f3lidos resultantes das atividades fim da organiza\u00e7\u00e3o, com foco na \u00e9tica ambiental e em atendimento aos instrumentos legais.<\/p>\n<p><strong>P\u00daBLICO-ALVO<\/strong><br \/>\nProfissionais que atuam (ou desejam atuar) na \u00e1rea ambiental em complexos industriais, no porto e gest\u00e3o urbana, em ONGs ou prestando consultorias, e demais interessados em busca de aperfei\u00e7oamento pessoal.<\/p>\n<p><strong>CONTE\u00daDO<\/strong><br \/>\nCen\u00e1rio dos res\u00edduos s\u00f3lidos no Brasil<br \/>\nRes\u00edduos s\u00f3lidos \u2013 defini\u00e7\u00e3o e classifica\u00e7\u00e3o<br \/>\nPrincipais contaminantes do solo com origem em res\u00edduos s\u00f3lidos<br \/>\nProcesso de contamina\u00e7\u00e3o do solo e do len\u00e7ol fre\u00e1tico<br \/>\nA mudan\u00e7a de paradigma na gest\u00e3o dos res\u00edduos s\u00f3lidos<br \/>\nUm novo conceito em tratamento de res\u00edduos<br \/>\nPlanejamento, dimensionamento, monitoramento e controle<br \/>\nInvent\u00e1rio de res\u00edduos s\u00f3lidos<br \/>\nCaracteriza\u00e7\u00e3o e acondicionamento de res\u00edduos s\u00f3lidos<br \/>\nColeta seletiva<br \/>\nProcessos de tratamento e destina\u00e7\u00e3o de res\u00edduos s\u00f3lidos<br \/>\nPol\u00edtica Nacional de Res\u00edduos S\u00f3lidos<br \/>\nRequisitos legais aplic\u00e1veis<\/p>\n<p><strong>OBSERVA\u00c7\u00d5ES<\/strong><br \/>\nA Universidade se reserva o direito de alterar o cronograma e o corpo docente.<br \/>\nDocumenta\u00e7\u00e3o necess\u00e1ria para quem n\u00e3o \u00e9 aluno da Cat\u00f3lica de Santos:\u00a0c\u00f3pias do RG, CPF, certid\u00e3o de nascimento ou casamento.<br \/>\nA inscri\u00e7\u00e3o presencial s\u00f3 poder\u00e1 ser efetuada pelo interessado no curso, ou por pessoa munida de procura\u00e7\u00e3o autenticada em cart\u00f3rio.<br \/>\nA efetiva\u00e7\u00e3o da matr\u00edcula est\u00e1 condicionada ao pagamento do boleto da 1\u00aa. parcela e entrega da documenta\u00e7\u00e3o exigida.<\/p>\n<div><strong>OUTRAS INFORMA\u00c7\u00d5ES<\/strong><\/div>\n<div>Departamento de Atendimento Integrado<\/div>\n<div>Telefones: (13) 3205-5555 \u2013 ramais 1354\/1384<\/div>\n<div>E-mail: dat@unisantos.br<\/div>\n","protected":false},"excerpt":{"rendered":"<p>PROFESSORA RESPONS\u00c1VEL Prof\u00aa. Dr\u00aa. Michele Leiko Uemura CARGA HOR\u00c1RIA 8 h\/a LOCAL Campus Dom Id\u00edlio Jos\u00e9 Soares OBJETIVO Capacitar o [&hellip;]<\/p>\n","protected":false},"author":1,"featured_media":675,"parent":399,"menu_order":0,"comment_status":"closed","ping_status":"closed","template":"","meta":{"footnotes":""},"_links":{"self":[{"href":"https:\/\/www.unisantos.br\/pos\/wp-json\/wp\/v2\/pages\/593"}],"collection":[{"href":"https:\/\/www.unisantos.br\/pos\/wp-json\/wp\/v2\/pages"}],"about":[{"href":"https:\/\/www.unisantos.br\/pos\/wp-json\/wp\/v2\/types\/page"}],"author":[{"embeddable":true,"href":"https:\/\/www.unisantos.br\/pos\/wp-json\/wp\/v2\/users\/1"}],"replies":[{"embeddable":true,"href":"https:\/\/www.unisantos.br\/pos\/wp-json\/wp\/v2\/comments?post=593"}],"version-history":[{"count":3,"href":"https:\/\/www.unisantos.br\/pos\/wp-json\/wp\/v2\/pages\/593\/revisions"}],"predecessor-version":[{"id":5501,"href":"https:\/\/www.unisantos.br\/pos\/wp-json\/wp\/v2\/pages\/593\/revisions\/5501"}],"up":[{"embeddable":true,"href":"https:\/\/www.unisantos.br\/pos\/wp-json\/wp\/v2\/pages\/399"}],"wp:featuredmedia":[{"embeddable":true,"href":"https:\/\/www.unisantos.br\/pos\/wp-json\/wp\/v2\/media\/675"}],"wp:attachment":[{"href":"https:\/\/www.unisantos.br\/pos\/wp-json\/wp\/v2\/media?parent=593"}],"curies":[{"name":"wp","href":"https:\/\/api.w.org\/{rel}","templated":true}]}}