{"id":591,"date":"2018-10-16T13:41:16","date_gmt":"2018-10-16T16:41:16","guid":{"rendered":"https:\/\/www.unisantos.br\/pos\/?page_id=591"},"modified":"2023-08-14T14:08:05","modified_gmt":"2023-08-14T17:08:05","slug":"gestao-de-pessoas-e-lideranca","status":"publish","type":"page","link":"https:\/\/www.unisantos.br\/pos\/qualificacao\/gestao-de-pessoas-e-lideranca\/","title":{"rendered":"Gest\u00e3o de Pessoas e Lideran\u00e7a"},"content":{"rendered":"<p><strong>CARGA HOR\u00c1RIA<br \/>\n<\/strong>40 h<\/p>\n<p><strong>OBJETIVOS<\/strong><br \/>\n\u2022\u00a0Examinar os principais aspectos te\u00f3ricos e, sobretudo, pr\u00e1ticos da gest\u00e3o estrat\u00e9gica de recursos humanos visualizando o contexto das organiza\u00e7\u00f5es nacionais e multinacionais em rela\u00e7\u00e3o aos desafios da moderna administra\u00e7\u00e3o de pessoas, tanto no aspecto regional como ao momento atual da globaliza\u00e7\u00e3o da economia e dos mercados.<br \/>\n\u2022\u00a0Desenvolver a capacidade cr\u00edtica e anal\u00edtica dos participantes, quanto ao planejamento t\u00e1tico e estrat\u00e9gico das empresas, para tomada de decis\u00f5es objetivas aos recursos mais importantes da organiza\u00e7\u00e3o, as pessoas \u2013 \u201cOs Talentos da Organiza\u00e7\u00e3o\u201d.<br \/>\n\u2022\u00a0Apresentar aos participantes a a\u00e7\u00e3o integrada da organiza\u00e7\u00e3o para manter e motivar os talentos humanos levando a organiza\u00e7\u00e3o ao sucesso empresarial.<br \/>\n\u2022\u00a0Avan\u00e7ar na moderna concep\u00e7\u00e3o sobre o com\u00e9rcio internacional de produtos industriais, envolvendo conceitos de concorr\u00eancia imperfeita e do comportamento estrat\u00e9gico.<br \/>\n\u2022\u00a0Proporcionar ao executivo, condi\u00e7\u00f5es de maior participa\u00e7\u00e3o na condu\u00e7\u00e3o dos neg\u00f3cios no mercado local e internacional.<\/p>\n<p><strong>P\u00daBLICO-ALVO<br \/>\n<\/strong>Destina-se a um amplo conjunto de graduados desejosos de aumentar seus conceitos em gest\u00e3o do comportamento organizacional.\u00a0O dirigente empresarial, o gestor, o consultor e o profissional que em seus projetos de desenvolvimento profissionais tenham necessidade de dominar e instrumentalizar os conceitos de gest\u00e3o e de transforma\u00e7\u00e3o do comportamento humano dentro das organiza\u00e7\u00f5es.<\/p>\n<p><strong>OBSERVA\u00c7\u00d5ES<\/strong><br \/>\n\u2022 A Universidade se reserva o direito de alterar o cronograma e o corpo docente.<br \/>\n\u2022 Documenta\u00e7\u00e3o necess\u00e1ria: c\u00f3pias do RG, CPF.<br \/>\n\u2022 A inscri\u00e7\u00e3o presencial s\u00f3 poder\u00e1 ser efetuada pelo interessado no curso, ou por pessoa munida de procura\u00e7\u00e3o autenticada em cart\u00f3rio.<br \/>\n\u2022 A efetiva\u00e7\u00e3o da matr\u00edcula est\u00e1 condicionada ao pagamento do boleto da 1\u00aa. parcela e entrega da documenta\u00e7\u00e3o exigida.<\/p>\n","protected":false},"excerpt":{"rendered":"<p>CARGA HOR\u00c1RIA 40 h OBJETIVOS \u2022\u00a0Examinar os principais aspectos te\u00f3ricos e, sobretudo, pr\u00e1ticos da gest\u00e3o estrat\u00e9gica de recursos humanos visualizando [&hellip;]<\/p>\n","protected":false},"author":1,"featured_media":683,"parent":399,"menu_order":0,"comment_status":"closed","ping_status":"closed","template":"","meta":{"footnotes":""},"_links":{"self":[{"href":"https:\/\/www.unisantos.br\/pos\/wp-json\/wp\/v2\/pages\/591"}],"collection":[{"href":"https:\/\/www.unisantos.br\/pos\/wp-json\/wp\/v2\/pages"}],"about":[{"href":"https:\/\/www.unisantos.br\/pos\/wp-json\/wp\/v2\/types\/page"}],"author":[{"embeddable":true,"href":"https:\/\/www.unisantos.br\/pos\/wp-json\/wp\/v2\/users\/1"}],"replies":[{"embeddable":true,"href":"https:\/\/www.unisantos.br\/pos\/wp-json\/wp\/v2\/comments?post=591"}],"version-history":[{"count":2,"href":"https:\/\/www.unisantos.br\/pos\/wp-json\/wp\/v2\/pages\/591\/revisions"}],"predecessor-version":[{"id":5518,"href":"https:\/\/www.unisantos.br\/pos\/wp-json\/wp\/v2\/pages\/591\/revisions\/5518"}],"up":[{"embeddable":true,"href":"https:\/\/www.unisantos.br\/pos\/wp-json\/wp\/v2\/pages\/399"}],"wp:featuredmedia":[{"embeddable":true,"href":"https:\/\/www.unisantos.br\/pos\/wp-json\/wp\/v2\/media\/683"}],"wp:attachment":[{"href":"https:\/\/www.unisantos.br\/pos\/wp-json\/wp\/v2\/media?parent=591"}],"curies":[{"name":"wp","href":"https:\/\/api.w.org\/{rel}","templated":true}]}}