{"id":589,"date":"2018-10-16T13:40:55","date_gmt":"2018-10-16T16:40:55","guid":{"rendered":"https:\/\/www.unisantos.br\/pos\/?page_id=589"},"modified":"2023-08-14T14:07:54","modified_gmt":"2023-08-14T17:07:54","slug":"gestao-da-politica-social","status":"publish","type":"page","link":"https:\/\/www.unisantos.br\/pos\/qualificacao\/gestao-da-politica-social\/","title":{"rendered":"Gest\u00e3o da Politica Social"},"content":{"rendered":"<p><strong>CARGA HOR\u00c1RIA<br \/>\n<\/strong>81 h<\/p>\n<p><strong>OBJETIVOS<br \/>\n<\/strong>\u2022 Contribuir para o fortalecimento das organiza\u00e7\u00f5es sociais, com\u00a0 o compromisso de assegurar, por meio das pol\u00edticas e programas p\u00fablicos, o acesso efetivo aos bens e servi\u00e7os das popula\u00e7\u00f5es atendidas;<br \/>\n\u2022 Trabalhar os desafios de Dirigir, Coordenar, Elaborar Projetos Sociais utilizando a Ferramenta do Planejamento Estrat\u00e9gico visando melhorar a administra\u00e7\u00e3o de A\u00e7\u00f5es Sociais P\u00fablicas.<\/p>\n<p><strong>P\u00daBLICO-ALVO<br \/>\n<\/strong>Profissionais que atuam na \u00e1rea da assist\u00eancia social, gestores e profissionais de organiza\u00e7\u00f5es do terceiro setor, estudantes e demais interessados.<\/p>\n<p><strong>CONTE\u00daDO\u00a0\u00a0<\/strong><br \/>\n\u2022 Objetivos\u00a0 da aprendizagem, identificar as dificuldades do setor , levantamento de expectativas<br \/>\n\u2022 Media\u00e7\u00e3o de conflitos e abordagem adequada, a avalia\u00e7\u00e3o como estrat\u00e9gia nos processos de aprendizagem e desenvolvimento da organiza\u00e7\u00e3o<br \/>\n\u2022 Principais elementos do Planejamento Estrat\u00e9gico (PE): miss\u00e3o, valores, vis\u00e3o de futuro, an\u00e1lise de cen\u00e1rios, defini\u00e7\u00e3o de estrat\u00e9gias e planos de a\u00e7\u00e3o<br \/>\n\u2022 Processo e as 5 fases do PE<br \/>\n\u2022 PE\u00a0&#8211; Din\u00e2micas<br \/>\n\u2022 PE &#8211; Import\u00e2ncia e resultados positivos decorrentes de sua ado\u00e7\u00e3o<br \/>\n\u2022 Trabalho em sub-grupos PE<br \/>\n\u2022 PE\u00a0&#8211; Elabora\u00e7\u00e3o do plano de a\u00e7\u00e3o para os projetos<br \/>\n\u2022 Constru\u00e7\u00e3o de projetos sociais<br \/>\n\u2022 Mapa do contexto do projeto social e a metodologia<br \/>\n\u2022 Cronograma de atividades do projeto social e o cronograma\u00a0 f\u00edsico financeiro<br \/>\n\u2022 Carta de apresenta\u00e7\u00e3o e resumo executivo<br \/>\n\u2022 Monitoramento e avalia\u00e7\u00e3o<br \/>\n\u2022 Indicadores de monitoramento e avalia\u00e7\u00e3o<br \/>\n\u2022 Exerc\u00edcio de aplica\u00e7\u00e3o de indicadores<br \/>\n\u2022 Parcerias intersetoriais conceituar parceria e alian\u00e7a estrat\u00e9gica<br \/>\n\u2022 Parcerias e alian\u00e7as estrat\u00e9gicas<br \/>\n\u2022 Identifica\u00e7\u00e3o de parceiros<br \/>\n\u2022 Capta\u00e7\u00e3o de recursos, conceito, fontes de financiamento e tipos de recursos<br \/>\n\u2022 Raz\u00f5es para investimento e o foco da empresa<br \/>\n\u2022 Busca de recursos, formas de contato, diversifica\u00e7\u00e3o de recursos<br \/>\n\u2022 Apresenta\u00e7\u00e3o de projeto social<br \/>\n\u2022 Negocia\u00e7\u00e3o, abordagem<br \/>\n\u2022 Mobiliza\u00e7\u00e3o social<br \/>\n\u2022 Empoderamento dos indiv\u00edduos, projeto de mobiliza\u00e7\u00e3o<br \/>\n\u2022 Talentos e desenvolvimento local numa comunidade<br \/>\n\u2022 Projetos de sustentabilidade.<\/p>\n<p><strong>OBSERVA\u00c7\u00d5ES<\/strong><br \/>\n\u2022 A Universidade se reserva o direito de alterar o cronograma e o corpo docente.<br \/>\n\u2022 Documenta\u00e7\u00e3o necess\u00e1ria: c\u00f3pias do RG, CPF.<br \/>\n\u2022 A inscri\u00e7\u00e3o presencial s\u00f3 poder\u00e1 ser efetuada pelo interessado no curso, ou por pessoa munida de procura\u00e7\u00e3o autenticada em cart\u00f3rio.<br \/>\n\u2022 A efetiva\u00e7\u00e3o da matr\u00edcula est\u00e1 condicionada ao pagamento do boleto da 1\u00aa. parcela e entrega da documenta\u00e7\u00e3o exigida.<\/p>\n","protected":false},"excerpt":{"rendered":"<p>CARGA HOR\u00c1RIA 81 h OBJETIVOS \u2022 Contribuir para o fortalecimento das organiza\u00e7\u00f5es sociais, com\u00a0 o compromisso de assegurar, por meio [&hellip;]<\/p>\n","protected":false},"author":1,"featured_media":683,"parent":399,"menu_order":0,"comment_status":"closed","ping_status":"closed","template":"","meta":{"footnotes":""},"_links":{"self":[{"href":"https:\/\/www.unisantos.br\/pos\/wp-json\/wp\/v2\/pages\/589"}],"collection":[{"href":"https:\/\/www.unisantos.br\/pos\/wp-json\/wp\/v2\/pages"}],"about":[{"href":"https:\/\/www.unisantos.br\/pos\/wp-json\/wp\/v2\/types\/page"}],"author":[{"embeddable":true,"href":"https:\/\/www.unisantos.br\/pos\/wp-json\/wp\/v2\/users\/1"}],"replies":[{"embeddable":true,"href":"https:\/\/www.unisantos.br\/pos\/wp-json\/wp\/v2\/comments?post=589"}],"version-history":[{"count":2,"href":"https:\/\/www.unisantos.br\/pos\/wp-json\/wp\/v2\/pages\/589\/revisions"}],"predecessor-version":[{"id":5517,"href":"https:\/\/www.unisantos.br\/pos\/wp-json\/wp\/v2\/pages\/589\/revisions\/5517"}],"up":[{"embeddable":true,"href":"https:\/\/www.unisantos.br\/pos\/wp-json\/wp\/v2\/pages\/399"}],"wp:featuredmedia":[{"embeddable":true,"href":"https:\/\/www.unisantos.br\/pos\/wp-json\/wp\/v2\/media\/683"}],"wp:attachment":[{"href":"https:\/\/www.unisantos.br\/pos\/wp-json\/wp\/v2\/media?parent=589"}],"curies":[{"name":"wp","href":"https:\/\/api.w.org\/{rel}","templated":true}]}}