{"id":584,"date":"2018-10-11T17:48:54","date_gmt":"2018-10-11T20:48:54","guid":{"rendered":"https:\/\/www.unisantos.br\/pos\/?page_id=584"},"modified":"2021-09-28T18:20:27","modified_gmt":"2021-09-28T21:20:27","slug":"vinhos-basico","status":"publish","type":"page","link":"https:\/\/www.unisantos.br\/pos\/qualificacao\/vinhos-basico\/","title":{"rendered":"Vinhos (B\u00e1sico)"},"content":{"rendered":"<p><strong>CARGA HOR\u00c1RIA<\/strong><br \/>\n15 h\/a<\/p>\n<p><strong>P\u00daBLICO-ALVO<\/strong><br \/>\nProfissionais de restaurantes, hot\u00e9is, bares e similares al\u00e9m de consumidores de vinho.<\/p>\n<p><strong>OBJETIVO<\/strong><br \/>\nOrientar o en\u00f3filo (consumidor ou profissional) na compra, degusta\u00e7\u00e3o e harmoniza\u00e7\u00e3o do vinho.<\/p>\n<p><strong>CONTE\u00daDO<\/strong><br \/>\nHist\u00f3rico do Vinho e T\u00e9cnicas de Degusta\u00e7\u00e3o<br \/>\nViticultura e Cepas<br \/>\nVinifica\u00e7\u00e3o de Tintos Brancos e Rosados<br \/>\nVinifica\u00e7\u00e3o de Espumantes, Fortificados e Licorosos<br \/>\nServi\u00e7o e Harmoniza\u00e7\u00e3o<\/p>\n<p><strong>OBSERVA\u00c7\u00d5ES<\/strong><br \/>\nA Universidade se reserva o direito de alterar o cronograma e o corpo docente.<br \/>\nDocumenta\u00e7\u00e3o necess\u00e1ria para quem n\u00e3o \u00e9 aluno da Cat\u00f3lica de Santos:\u00a0c\u00f3pias do RG, CPF, certid\u00e3o de nascimento ou casamento.<br \/>\nA inscri\u00e7\u00e3o presencial s\u00f3 poder\u00e1 ser efetuada pelo interessado no curso, ou por pessoa munida de procura\u00e7\u00e3o autenticada em cart\u00f3rio.<br \/>\nA efetiva\u00e7\u00e3o da matr\u00edcula est\u00e1 condicionada ao pagamento do boleto da 1\u00aa. parcela e entrega da documenta\u00e7\u00e3o exigida.<\/p>\n<p><strong>OUTRAS INFORMA\u00c7\u00d5ES<\/strong><br \/>\nDepartamento de Atendimento Integrado<br \/>\nTelefones: (13) 3205-5555<br \/>\nE-mail: dat@unisantos.br<\/p>\n","protected":false},"excerpt":{"rendered":"<p>CARGA HOR\u00c1RIA 15 h\/a P\u00daBLICO-ALVO Profissionais de restaurantes, hot\u00e9is, bares e similares al\u00e9m de consumidores de vinho. OBJETIVO Orientar o [&hellip;]<\/p>\n","protected":false},"author":1,"featured_media":674,"parent":399,"menu_order":0,"comment_status":"closed","ping_status":"closed","template":"","meta":{"footnotes":""},"_links":{"self":[{"href":"https:\/\/www.unisantos.br\/pos\/wp-json\/wp\/v2\/pages\/584"}],"collection":[{"href":"https:\/\/www.unisantos.br\/pos\/wp-json\/wp\/v2\/pages"}],"about":[{"href":"https:\/\/www.unisantos.br\/pos\/wp-json\/wp\/v2\/types\/page"}],"author":[{"embeddable":true,"href":"https:\/\/www.unisantos.br\/pos\/wp-json\/wp\/v2\/users\/1"}],"replies":[{"embeddable":true,"href":"https:\/\/www.unisantos.br\/pos\/wp-json\/wp\/v2\/comments?post=584"}],"version-history":[{"count":3,"href":"https:\/\/www.unisantos.br\/pos\/wp-json\/wp\/v2\/pages\/584\/revisions"}],"predecessor-version":[{"id":3994,"href":"https:\/\/www.unisantos.br\/pos\/wp-json\/wp\/v2\/pages\/584\/revisions\/3994"}],"up":[{"embeddable":true,"href":"https:\/\/www.unisantos.br\/pos\/wp-json\/wp\/v2\/pages\/399"}],"wp:featuredmedia":[{"embeddable":true,"href":"https:\/\/www.unisantos.br\/pos\/wp-json\/wp\/v2\/media\/674"}],"wp:attachment":[{"href":"https:\/\/www.unisantos.br\/pos\/wp-json\/wp\/v2\/media?parent=584"}],"curies":[{"name":"wp","href":"https:\/\/api.w.org\/{rel}","templated":true}]}}