{"id":582,"date":"2018-10-11T17:48:36","date_gmt":"2018-10-11T20:48:36","guid":{"rendered":"https:\/\/www.unisantos.br\/pos\/?page_id=582"},"modified":"2026-02-12T12:05:51","modified_gmt":"2026-02-12T15:05:51","slug":"participacao-social-e-conhecimento-na-terceira-idade","status":"publish","type":"page","link":"https:\/\/www.unisantos.br\/pos\/qualificacao\/participacao-social-e-conhecimento-na-terceira-idade\/","title":{"rendered":"Participa\u00e7\u00e3o Social e Conhecimento na Terceira Idade"},"content":{"rendered":"<p><img loading=\"lazy\" decoding=\"async\" class=\"size-full wp-image-2969 alignright\" src=\"https:\/\/www.unisantos.br\/pos\/wp-content\/uploads\/sites\/5\/2020\/08\/selo-curso-confirmado.png\" alt=\"\" width=\"106\" height=\"106\" \/><\/p>\n<p><strong>PROFESSORA RESPONS\u00c1VEL<br \/>\n<\/strong>Prof\u00aa. Me. Marta Andr\u00e9a Apolin\u00e1rio Cardoso<\/p>\n<p><strong>CARGA HOR\u00c1RIA<\/strong><br \/>\n102 h\/a<\/p>\n<p><strong>DIAS<\/strong><br \/>\nTer\u00e7a e quinta-feira<\/p>\n<p><strong>IN\u00cdCIO<\/strong><br \/>\n12\/02\/2026<\/p>\n<p><strong>T\u00c9RMINO<\/strong><br \/>\n18\/06\/2026<\/p>\n<p><strong>HOR\u00c1RIO<\/strong><br \/>\nDas 14h \u00e0s 17h<\/p>\n<p><strong>LOCAL<\/strong><br \/>\nSala 312<br \/>\nCampus Dom Id\u00edlio Jos\u00e9 Soares<\/p>\n<p><strong>INVESTIMENTO<\/strong><br \/>\n5 parcelas de R$ 200,00<\/p>\n<p><strong>OBJETIVO<br \/>\n<\/strong>Desenvolver e incentivar a sociabilidade e a autoestima;<br \/>\nProporcionar aquisi\u00e7\u00e3o e\/ou atualiza\u00e7\u00e3o de conhecimentos.<\/p>\n<p><strong>P\u00daBLICO-ALVO<\/strong><br \/>\nPessoas com idade acima de 60 anos<\/p>\n<p><strong>CONTE\u00daDO<\/strong><br \/>\nHist\u00f3ria das Ideologias<br \/>\nDesmistificando computadores: aplicativos, tecnologias e intelig\u00eancia artificial.<br \/>\nSa\u00fade, longevidade e qualidade de vida.<br \/>\nLeitura e Dialogismo.<\/p>\n<p><strong>OBSERVA\u00c7\u00d5ES<\/strong><br \/>\nA Universidade se reserva o direito de alterar o cronograma e o corpo docente.<br \/>\nDocumenta\u00e7\u00e3o necess\u00e1ria para quem n\u00e3o \u00e9 aluno da Cat\u00f3lica de Santos: c\u00f3pias do RG, CPF, certid\u00e3o de nascimento ou casamento.<br \/>\nA inscri\u00e7\u00e3o presencial s\u00f3 poder\u00e1 ser efetuada pelo interessado no curso, ou por pessoa munida de procura\u00e7\u00e3o autenticada em cart\u00f3rio.<br \/>\nA efetiva\u00e7\u00e3o da matr\u00edcula est\u00e1 condicionada ao pagamento do boleto da 1\u00aa. parcela e entrega da documenta\u00e7\u00e3o exigida.<\/p>\n<p><strong>OUTRAS INFORMA\u00c7\u00d5ES<\/strong><br \/>\nDepartamento de Atendimento Integrado<br \/>\nTelefones: (13) 3205-5555<br \/>\nE-mail: dat@unisantos.br<\/p>\n<p>&nbsp;<\/p>\n","protected":false},"excerpt":{"rendered":"<p>PROFESSORA RESPONS\u00c1VEL Prof\u00aa. Me. Marta Andr\u00e9a Apolin\u00e1rio Cardoso CARGA HOR\u00c1RIA 102 h\/a DIAS Ter\u00e7a e quinta-feira IN\u00cdCIO 12\/02\/2026 T\u00c9RMINO 18\/06\/2026 [&hellip;]<\/p>\n","protected":false},"author":1,"featured_media":689,"parent":399,"menu_order":0,"comment_status":"closed","ping_status":"closed","template":"","meta":{"footnotes":""},"_links":{"self":[{"href":"https:\/\/www.unisantos.br\/pos\/wp-json\/wp\/v2\/pages\/582"}],"collection":[{"href":"https:\/\/www.unisantos.br\/pos\/wp-json\/wp\/v2\/pages"}],"about":[{"href":"https:\/\/www.unisantos.br\/pos\/wp-json\/wp\/v2\/types\/page"}],"author":[{"embeddable":true,"href":"https:\/\/www.unisantos.br\/pos\/wp-json\/wp\/v2\/users\/1"}],"replies":[{"embeddable":true,"href":"https:\/\/www.unisantos.br\/pos\/wp-json\/wp\/v2\/comments?post=582"}],"version-history":[{"count":47,"href":"https:\/\/www.unisantos.br\/pos\/wp-json\/wp\/v2\/pages\/582\/revisions"}],"predecessor-version":[{"id":7167,"href":"https:\/\/www.unisantos.br\/pos\/wp-json\/wp\/v2\/pages\/582\/revisions\/7167"}],"up":[{"embeddable":true,"href":"https:\/\/www.unisantos.br\/pos\/wp-json\/wp\/v2\/pages\/399"}],"wp:featuredmedia":[{"embeddable":true,"href":"https:\/\/www.unisantos.br\/pos\/wp-json\/wp\/v2\/media\/689"}],"wp:attachment":[{"href":"https:\/\/www.unisantos.br\/pos\/wp-json\/wp\/v2\/media?parent=582"}],"curies":[{"name":"wp","href":"https:\/\/api.w.org\/{rel}","templated":true}]}}