{"id":580,"date":"2018-10-11T17:48:22","date_gmt":"2018-10-11T20:48:22","guid":{"rendered":"https:\/\/www.unisantos.br\/pos\/?page_id=580"},"modified":"2023-08-14T14:20:15","modified_gmt":"2023-08-14T17:20:15","slug":"terceira-idade-novas-relacoes-no-mundo-contemporaneo-modulo-ii","status":"publish","type":"page","link":"https:\/\/www.unisantos.br\/pos\/qualificacao\/terceira-idade-novas-relacoes-no-mundo-contemporaneo-modulo-ii\/","title":{"rendered":"Terceira Idade: Novas Rela\u00e7\u00f5es no Mundo Contempor\u00e2neo &#8211; M\u00f3dulo II"},"content":{"rendered":"<p><strong>PROFESSORA RESPONS\u00c1VEL<br \/>\n<\/strong>Prof\u00aa. Dr\u00aa. Michele Leiko Uemura<\/p>\n<p><strong>CARGA HOR\u00c1RIA<br \/>\n<\/strong>210 h\/a<\/p>\n<p><strong>LOCAL<\/strong><br \/>\nCampus Dom Id\u00edlio Jos\u00e9 Soares<\/p>\n<p><strong style=\"line-height: 1.5em\">P\u00daBLICO-ALVO<br \/>\n<\/strong>Pessoas com idade acima de 50 anos<\/p>\n<p><strong>OBJETIVOS<\/strong><br \/>\n\u2022 Desenvolver e incentivar a sociabilidade e a autoestima no aluno<br \/>\n\u2022 Proporcionar ao aluno aquisi\u00e7\u00e3o e\/ou atualiza\u00e7\u00e3o de conhecimentos<\/p>\n<p><strong>CONTE\u00daDO<\/strong><br \/>\n\u2022 Sociedade e Valores (30 h\/a)<br \/>\n\u2022 Hist\u00f3ria das Ideias (30 h\/a)<br \/>\n\u2022 Leitura de Mundo (30 h\/a)<br \/>\n\u2022 Aspectos Jur\u00eddicos (30 h\/a)<br \/>\n\u2022 Historia Geral (30 h\/a)<br \/>\n\u2022 Cultura e Cidadania (30 h\/a)<br \/>\n\u2022 Filosofia (30 h\/a)<\/p>\n<p><strong>OBSERVA\u00c7\u00d5ES<br \/>\n<\/strong>A Universidade se reserva o direito de alterar o cronograma e o corpo docente.<br \/>\nDocumenta\u00e7\u00e3o necess\u00e1ria para quem n\u00e3o \u00e9 aluno da Cat\u00f3lica de Santos: c\u00f3pias do RG, CPF, certid\u00e3o de nascimento ou casamento.<br \/>\nA inscri\u00e7\u00e3o presencial s\u00f3 poder\u00e1 ser efetuada pelo interessado no curso, ou por pessoa munida de procura\u00e7\u00e3o autenticada em cart\u00f3rio.<br \/>\nA efetiva\u00e7\u00e3o da matr\u00edcula est\u00e1 condicionada ao pagamento do boleto da 1\u00aa. parcela e entrega da documenta\u00e7\u00e3o exigida.<\/p>\n<p><strong>OUTRAS INFORMA\u00c7\u00d5ES<br \/>\n<\/strong>Departamento de Atendimento Integrado<br \/>\nTelefones: (13) 3205-5555<br \/>\nE-mail: dat@unisantos.br<\/p>\n<p>&nbsp;<\/p>\n","protected":false},"excerpt":{"rendered":"<p>PROFESSORA RESPONS\u00c1VEL Prof\u00aa. Dr\u00aa. Michele Leiko Uemura CARGA HOR\u00c1RIA 210 h\/a LOCAL Campus Dom Id\u00edlio Jos\u00e9 Soares P\u00daBLICO-ALVO Pessoas com [&hellip;]<\/p>\n","protected":false},"author":1,"featured_media":689,"parent":399,"menu_order":0,"comment_status":"closed","ping_status":"closed","template":"","meta":{"footnotes":""},"_links":{"self":[{"href":"https:\/\/www.unisantos.br\/pos\/wp-json\/wp\/v2\/pages\/580"}],"collection":[{"href":"https:\/\/www.unisantos.br\/pos\/wp-json\/wp\/v2\/pages"}],"about":[{"href":"https:\/\/www.unisantos.br\/pos\/wp-json\/wp\/v2\/types\/page"}],"author":[{"embeddable":true,"href":"https:\/\/www.unisantos.br\/pos\/wp-json\/wp\/v2\/users\/1"}],"replies":[{"embeddable":true,"href":"https:\/\/www.unisantos.br\/pos\/wp-json\/wp\/v2\/comments?post=580"}],"version-history":[{"count":4,"href":"https:\/\/www.unisantos.br\/pos\/wp-json\/wp\/v2\/pages\/580\/revisions"}],"predecessor-version":[{"id":5554,"href":"https:\/\/www.unisantos.br\/pos\/wp-json\/wp\/v2\/pages\/580\/revisions\/5554"}],"up":[{"embeddable":true,"href":"https:\/\/www.unisantos.br\/pos\/wp-json\/wp\/v2\/pages\/399"}],"wp:featuredmedia":[{"embeddable":true,"href":"https:\/\/www.unisantos.br\/pos\/wp-json\/wp\/v2\/media\/689"}],"wp:attachment":[{"href":"https:\/\/www.unisantos.br\/pos\/wp-json\/wp\/v2\/media?parent=580"}],"curies":[{"name":"wp","href":"https:\/\/api.w.org\/{rel}","templated":true}]}}