{"id":5784,"date":"2023-12-23T17:44:52","date_gmt":"2023-12-23T20:44:52","guid":{"rendered":"https:\/\/www.unisantos.br\/pos\/?page_id=5784"},"modified":"2025-03-07T16:53:29","modified_gmt":"2025-03-07T19:53:29","slug":"biologia-marinha-e-gerenciamento-costeiro-integrado","status":"publish","type":"page","link":"https:\/\/www.unisantos.br\/pos\/lato-sensu\/biologia-marinha-e-gerenciamento-costeiro-integrado\/","title":{"rendered":"Biologia Marinha e Gerenciamento Costeiro Integrado"},"content":{"rendered":"<p><strong>PROFESSOR RESPONS\u00c1VEL<\/strong><br \/>\nProf. Dr. Luis Felipe de Almeida Duarte<\/p>\n<p><strong>CARGA HOR\u00c1RIA<\/strong><br \/>\n360 horas<\/p>\n<p><strong>IN\u00cdCIO<\/strong><br \/>\nMar\u00e7o\/2025<\/p>\n<p><strong>DIAS\/HOR\u00c1RIOS<\/strong><br \/>\nSextas-feiras, das 18h45 \u00e0s 22h45; e s\u00e1bados, das 9h \u00e0s 13h<\/p>\n<p><strong>MODALIDADE<\/strong><br \/>\nH\u00edbrida, sendo 218 horas na modalidade online s\u00edncrona e 112 horas na modalidade EAD<\/p>\n<p><strong>P\u00daBLICO-ALVO<\/strong><br \/>\nBi\u00f3logos, engenheiros qu\u00edmicos, de pesca e ambientais, ocean\u00f3grafos, gestores, profissionais que atuam na \u00e1rea ambiental e \u00e1reas afins.<\/p>\n<p><strong>OBJETIVO<\/strong><br \/>\nCapacitar os profissionais por meio do conhecimento de base te\u00f3rica, conceitual e pr\u00e1tica metodol\u00f3gica nos principais campos de atua\u00e7\u00e3o da gest\u00e3o costeira. Espera-se familiarizar o aluno sobre os diversos temas de maior relev\u00e2ncia nesta \u00e1rea, bem como apresentar m\u00e9todos e t\u00e9cnicas aplicadas que permitir\u00e3o a compreens\u00e3o da complexidade das regi\u00f5es costeiras no que tange a gest\u00e3o ambiental de forma integrada e hol\u00edstica.<\/p>\n<p><strong>INVESTIMENTO<\/strong><br \/>\n16 parcelas de R$ 399<\/p>\n<p><strong>CONTE\u00daDO<\/strong><br \/>\nOceanografia f\u00edsica, qu\u00edmica e geol\u00f3gica<br \/>\nBioecologia de ambientes bent\u00f4nicos e pel\u00e1gicos<br \/>\nComunica\u00e7\u00e3o cient\u00edfica<br \/>\nIntrodu\u00e7\u00e3o a gest\u00e3o costeira integrada<br \/>\nUso e ocupa\u00e7\u00e3o do ambiente costeiro: a governan\u00e7a integrada<br \/>\nPol\u00edticas p\u00fablicas voltadas a gest\u00e3o costeira no Brasil<br \/>\nUnidades de conserva\u00e7\u00e3o em \u00e1reas costeiras<br \/>\nRela\u00e7\u00f5es socioambientais e conflitos de interesse em \u00e1reas costeiras<br \/>\nMudan\u00e7as clim\u00e1ticas globais: amea\u00e7as \u00e0s \u00e1reas costeiras e mitiga\u00e7\u00e3o<br \/>\nPlanejamento espacial marinho<br \/>\nSistema de informa\u00e7\u00e3o geogr\u00e1fica (SIG) aplicada a gest\u00e3o costeira<br \/>\nPolui\u00e7\u00e3o qu\u00edmica e ecotoxicologia marinha costeira<br \/>\nRes\u00edduos s\u00f3lidos e micropl\u00e1stico: ferramentas para o gerenciamento<br \/>\nAvalia\u00e7\u00e3o de recursos pesqueiros em zonas costeiras<br \/>\nTratamento de \u00e1guas residu\u00e1rias<br \/>\nTratamento de dados e an\u00e1lises estat\u00edsticas<br \/>\nConstru\u00e7\u00e3o de pol\u00edticas p\u00fablicas para o gerenciamento costeiro: desafios e oportunidades<\/p>\n<p><strong>OBSERVA\u00c7\u00d5ES<\/strong><br \/>\nA Universidade se reserva o direito de alterar o cronograma e o corpo docente.<br \/>\nDocumenta\u00e7\u00e3o necess\u00e1ria: c\u00f3pias do RG, CPF, certid\u00e3o de nascimento ou casamento e Diploma da Gradua\u00e7\u00e3o ou Certificado de Cola\u00e7\u00e3o de Grau.<br \/>\nA inscri\u00e7\u00e3o presencial s\u00f3 poder\u00e1 ser efetuada pelo interessado no curso, ou por pessoa munida de procura\u00e7\u00e3o autenticada em cart\u00f3rio.<br \/>\nA efetiva\u00e7\u00e3o da matr\u00edcula est\u00e1 condicionada ao pagamento do boleto da 1\u00aa. parcela e entrega da documenta\u00e7\u00e3o exigida.<\/p>\n<p><strong>OUTRAS INFORMA\u00c7\u00d5ES<\/strong><br \/>\nE-mail: atendimentovirtual@unisantos.br<\/p>\n","protected":false},"excerpt":{"rendered":"<p>PROFESSOR RESPONS\u00c1VEL Prof. Dr. Luis Felipe de Almeida Duarte CARGA HOR\u00c1RIA 360 horas IN\u00cdCIO Mar\u00e7o\/2025 DIAS\/HOR\u00c1RIOS Sextas-feiras, das 18h45 \u00e0s [&hellip;]<\/p>\n","protected":false},"author":1,"featured_media":0,"parent":210,"menu_order":0,"comment_status":"closed","ping_status":"closed","template":"","meta":{"footnotes":""},"_links":{"self":[{"href":"https:\/\/www.unisantos.br\/pos\/wp-json\/wp\/v2\/pages\/5784"}],"collection":[{"href":"https:\/\/www.unisantos.br\/pos\/wp-json\/wp\/v2\/pages"}],"about":[{"href":"https:\/\/www.unisantos.br\/pos\/wp-json\/wp\/v2\/types\/page"}],"author":[{"embeddable":true,"href":"https:\/\/www.unisantos.br\/pos\/wp-json\/wp\/v2\/users\/1"}],"replies":[{"embeddable":true,"href":"https:\/\/www.unisantos.br\/pos\/wp-json\/wp\/v2\/comments?post=5784"}],"version-history":[{"count":8,"href":"https:\/\/www.unisantos.br\/pos\/wp-json\/wp\/v2\/pages\/5784\/revisions"}],"predecessor-version":[{"id":6746,"href":"https:\/\/www.unisantos.br\/pos\/wp-json\/wp\/v2\/pages\/5784\/revisions\/6746"}],"up":[{"embeddable":true,"href":"https:\/\/www.unisantos.br\/pos\/wp-json\/wp\/v2\/pages\/210"}],"wp:attachment":[{"href":"https:\/\/www.unisantos.br\/pos\/wp-json\/wp\/v2\/media?parent=5784"}],"curies":[{"name":"wp","href":"https:\/\/api.w.org\/{rel}","templated":true}]}}