{"id":578,"date":"2018-10-11T17:48:08","date_gmt":"2018-10-11T20:48:08","guid":{"rendered":"https:\/\/www.unisantos.br\/pos\/?page_id=578"},"modified":"2023-08-14T14:20:38","modified_gmt":"2023-08-14T17:20:38","slug":"tendencias-e-relacoes-do-trabalho","status":"publish","type":"page","link":"https:\/\/www.unisantos.br\/pos\/qualificacao\/tendencias-e-relacoes-do-trabalho\/","title":{"rendered":"Tend\u00eancias e Rela\u00e7\u00f5es do Trabalho"},"content":{"rendered":"<p><strong>OBJETIVOS<br \/>\n<\/strong>\u2022 Permitir aos participantes um amplo desenvolvimento de seus projetos profissionais e pessoais, oferecendo subs\u00eddios para atuar na gest\u00e3o de pessoas nas organiza\u00e7\u00f5es, diante da competitividade do mercado de trabalho e da competitividade empresarial.<br \/>\n\u2022 Com vis\u00e3o global e din\u00e2mica ambiental, habilitar o profissional a assumir o papel de agente de mudan\u00e7as, no sentido de descentralizar a Administra\u00e7\u00e3o de RH e adequ\u00e1-la aos novos paradigmas da nova arquitetura estrat\u00e9gica organizacional no gerenciamento de pessoas.<\/p>\n<p><strong>P\u00daBLICO-ALVO<br \/>\n<\/strong>Profissionais e estudantes da \u00e1rea de recursos humanos, bem como profissionais que atuem em \u00e1reas afins.<\/p>\n<p><strong>CONTE\u00daDO<br \/>\n<\/strong>\u2022 Legisla\u00e7\u00e3o trabalhista<br \/>\n\u2022 Contrato de trabalho e rela\u00e7\u00f5es trabalhistas<br \/>\n\u2022 Normas e diretrizes<br \/>\n\u2022 As condi\u00e7\u00f5es de trabalho e a lei<br \/>\n\u2022 Obriga\u00e7\u00f5es e responsabilidades do empregador e do empregado<br \/>\n\u2022 Rela\u00e7\u00f5es da empresa com os sindicatos<br \/>\n\u2022 Negocia\u00e7\u00f5es<\/p>\n<p><strong>OBSERVA\u00c7\u00d5ES<br \/>\n<\/strong>A Universidade se reserva o direito de alterar o cronograma e o corpo docente.<br \/>\nDocumenta\u00e7\u00e3o necess\u00e1ria para quem n\u00e3o \u00e9 aluno da Cat\u00f3lica de Santos: c\u00f3pias do RG, CPF, certid\u00e3o de nascimento ou casamento.<br \/>\nA inscri\u00e7\u00e3o presencial s\u00f3 poder\u00e1 ser efetuada pelo interessado no curso, ou por pessoa munida de procura\u00e7\u00e3o autenticada em cart\u00f3rio.<br \/>\nA efetiva\u00e7\u00e3o da matr\u00edcula est\u00e1 condicionada ao pagamento do boleto da 1\u00aa. parcela e entrega da documenta\u00e7\u00e3o exigida.<\/p>\n<p><strong>OUTRAS INFORMA\u00c7\u00d5ES<br \/>\n<\/strong>Departamento de Atendimento Integrado<br \/>\nTelefones: (13) 3205-5555<br \/>\nE-mail: dat@unisantos.br<\/p>\n","protected":false},"excerpt":{"rendered":"<p>OBJETIVOS \u2022 Permitir aos participantes um amplo desenvolvimento de seus projetos profissionais e pessoais, oferecendo subs\u00eddios para atuar na gest\u00e3o [&hellip;]<\/p>\n","protected":false},"author":1,"featured_media":688,"parent":399,"menu_order":0,"comment_status":"closed","ping_status":"closed","template":"","meta":{"footnotes":""},"_links":{"self":[{"href":"https:\/\/www.unisantos.br\/pos\/wp-json\/wp\/v2\/pages\/578"}],"collection":[{"href":"https:\/\/www.unisantos.br\/pos\/wp-json\/wp\/v2\/pages"}],"about":[{"href":"https:\/\/www.unisantos.br\/pos\/wp-json\/wp\/v2\/types\/page"}],"author":[{"embeddable":true,"href":"https:\/\/www.unisantos.br\/pos\/wp-json\/wp\/v2\/users\/1"}],"replies":[{"embeddable":true,"href":"https:\/\/www.unisantos.br\/pos\/wp-json\/wp\/v2\/comments?post=578"}],"version-history":[{"count":3,"href":"https:\/\/www.unisantos.br\/pos\/wp-json\/wp\/v2\/pages\/578\/revisions"}],"predecessor-version":[{"id":5556,"href":"https:\/\/www.unisantos.br\/pos\/wp-json\/wp\/v2\/pages\/578\/revisions\/5556"}],"up":[{"embeddable":true,"href":"https:\/\/www.unisantos.br\/pos\/wp-json\/wp\/v2\/pages\/399"}],"wp:featuredmedia":[{"embeddable":true,"href":"https:\/\/www.unisantos.br\/pos\/wp-json\/wp\/v2\/media\/688"}],"wp:attachment":[{"href":"https:\/\/www.unisantos.br\/pos\/wp-json\/wp\/v2\/media?parent=578"}],"curies":[{"name":"wp","href":"https:\/\/api.w.org\/{rel}","templated":true}]}}