{"id":576,"date":"2018-10-11T17:47:50","date_gmt":"2018-10-11T20:47:50","guid":{"rendered":"https:\/\/www.unisantos.br\/pos\/?page_id=576"},"modified":"2023-01-03T21:31:49","modified_gmt":"2023-01-04T00:31:49","slug":"sociedade-e-seguranca-publica","status":"publish","type":"page","link":"https:\/\/www.unisantos.br\/pos\/qualificacao\/sociedade-e-seguranca-publica\/","title":{"rendered":"Sociedade e Seguran\u00e7a P\u00fablica"},"content":{"rendered":"<p><strong>CARGA HOR\u00c1RIA<br \/>\n<\/strong>32h<\/p>\n<p><strong>OBJETIVO<br \/>\n<\/strong>Fornecer conhecimento mais s\u00f3lido sobre os \u00f3rg\u00e3os que comp\u00f5em o quadro da Seguran\u00e7a P\u00fablica no Pa\u00eds e em Santos. Ser\u00e1\u00a0mostrado como age e qual a fun\u00e7\u00e3o de cada segmento policial, de modo a capacitar os cidad\u00e3os para o pleno exerc\u00edcio da cidadania.<\/p>\n<p><strong>P\u00daBLICO-ALVO<br \/>\n<\/strong>Profissionais e estudantes da \u00e1rea jur\u00eddica, bem como profissionais que atuam em \u00e1reas afins.<\/p>\n<p><strong>CONTE\u00daDO<br \/>\n<\/strong>\u2022 Sistema Legal de Seguran\u00e7a P\u00fablica &#8211; Vis\u00e3o Geral dos Diplomas Legais sobre Seguran\u00e7a P\u00fablica<br \/>\n\u2022 Gerenciamento de Crises &#8211; Preven\u00e7\u00e3o e Rea\u00e7\u00e3o ao Infort\u00fanio<br \/>\n\u2022 Limites \u00e0 A\u00e7\u00e3o Policial &#8211;\u00a0 O Poder de Pol\u00edcia e a Legisla\u00e7\u00e3o Brasileira<br \/>\n\u2022 Manual de Sobreviv\u00eancia Urbana &#8211;\u00a0 Propositura e Resolu\u00e7\u00e3o de Casos Concretos<\/p>\n<p><strong><strong>OBSERVA\u00c7\u00d5ES<\/strong><\/strong><strong><br \/>\n<\/strong>\u2022 A Universidade se reserva o direito de alterar o cronograma e o corpo docente.<br \/>\n\u2022 Documenta\u00e7\u00e3o necess\u00e1ria: c\u00f3pias do RG, CPF.<br \/>\n\u2022 A inscri\u00e7\u00e3o presencial s\u00f3 poder\u00e1 ser efetuada pelo interessado no curso, ou por pessoa munida de procura\u00e7\u00e3o autenticada em cart\u00f3rio.<br \/>\n\u2022 A efetiva\u00e7\u00e3o da matr\u00edcula est\u00e1 condicionada ao pagamento do boleto da 1\u00aa. parcela e entrega da documenta\u00e7\u00e3o exigida.<\/p>\n<p><strong>OUTRAS INFORMA\u00c7\u00d5ES<br \/>\n<\/strong>Departamento de Atendimento Integrado<br \/>\nTelefone: (13) 3205-5555<br \/>\nE-mail: dat@unisantos.br<\/p>\n","protected":false},"excerpt":{"rendered":"<p>CARGA HOR\u00c1RIA 32h OBJETIVO Fornecer conhecimento mais s\u00f3lido sobre os \u00f3rg\u00e3os que comp\u00f5em o quadro da Seguran\u00e7a P\u00fablica no Pa\u00eds [&hellip;]<\/p>\n","protected":false},"author":1,"featured_media":671,"parent":399,"menu_order":0,"comment_status":"closed","ping_status":"closed","template":"","meta":{"footnotes":""},"_links":{"self":[{"href":"https:\/\/www.unisantos.br\/pos\/wp-json\/wp\/v2\/pages\/576"}],"collection":[{"href":"https:\/\/www.unisantos.br\/pos\/wp-json\/wp\/v2\/pages"}],"about":[{"href":"https:\/\/www.unisantos.br\/pos\/wp-json\/wp\/v2\/types\/page"}],"author":[{"embeddable":true,"href":"https:\/\/www.unisantos.br\/pos\/wp-json\/wp\/v2\/users\/1"}],"replies":[{"embeddable":true,"href":"https:\/\/www.unisantos.br\/pos\/wp-json\/wp\/v2\/comments?post=576"}],"version-history":[{"count":3,"href":"https:\/\/www.unisantos.br\/pos\/wp-json\/wp\/v2\/pages\/576\/revisions"}],"predecessor-version":[{"id":4692,"href":"https:\/\/www.unisantos.br\/pos\/wp-json\/wp\/v2\/pages\/576\/revisions\/4692"}],"up":[{"embeddable":true,"href":"https:\/\/www.unisantos.br\/pos\/wp-json\/wp\/v2\/pages\/399"}],"wp:featuredmedia":[{"embeddable":true,"href":"https:\/\/www.unisantos.br\/pos\/wp-json\/wp\/v2\/media\/671"}],"wp:attachment":[{"href":"https:\/\/www.unisantos.br\/pos\/wp-json\/wp\/v2\/media?parent=576"}],"curies":[{"name":"wp","href":"https:\/\/api.w.org\/{rel}","templated":true}]}}