{"id":574,"date":"2018-10-11T17:47:31","date_gmt":"2018-10-11T20:47:31","guid":{"rendered":"https:\/\/www.unisantos.br\/pos\/?page_id=574"},"modified":"2021-09-28T18:23:36","modified_gmt":"2021-09-28T21:23:36","slug":"sistemas-informatizados-de-comercio-exterior","status":"publish","type":"page","link":"https:\/\/www.unisantos.br\/pos\/qualificacao\/sistemas-informatizados-de-comercio-exterior\/","title":{"rendered":"Sistemas Informatizados de Com\u00e9rcio Exterior"},"content":{"rendered":"<p><strong>CARGA HOR\u00c1RIA<\/strong><br \/>\n80 h<\/p>\n<p><strong>P\u00daBLICO-ALVO<\/strong><br \/>\nProfissionais que atuam desejam atuar na \u00e1rea de porto, seja com TI, neg\u00f3cios ou opera\u00e7\u00f5es. Exig\u00eancia de escolaridade: Ensino M\u00e9dio.<\/p>\n<p><strong>OBJETIVO<\/strong><br \/>\nCapacitar profissionais que atuam, ou desejam atuar, na \u00e1rea portu\u00e1ria como gestores, coordenadores e analistas de tecnologia ou de neg\u00f3cios em terminais, recintos alfandegados ou prestadores de servi\u00e7os portu\u00e1rios.<\/p>\n<p><strong>CONTE\u00daDO<\/strong><br \/>\n\u2022 O Com\u00e9rcio Exterior Brasileiro e os Sistemas de Informa\u00e7\u00e3o<br \/>\n\u2022 Estabelecimentos Portu\u00e1rios<br \/>\n\u2022 Tipos de Cargas<br \/>\n\u2022 Autoridades \u2013 \u00d3rg\u00e3os Anuentes e suas legisla\u00e7\u00f5es<br \/>\n\u2022 Legisla\u00e7\u00f5es<br \/>\n\u2022 Tecnologia da Informa\u00e7\u00e3o Aplicada \u00e0 Gest\u00e3o Portu\u00e1ria<br \/>\n\u2022 Tecnologias Utilizadas e Estrat\u00e9gia de Integra\u00e7\u00e3o de Sistemas<br \/>\n\u2022 Simula\u00e7\u00e3o de Processos Portu\u00e1rios<br \/>\n\u2022\u00a0Visita a um terminal portu\u00e1rio<\/p>\n<p><strong>OUTRAS INFORMA\u00c7\u00d5ES<\/strong><br \/>\nSecretaria Acad\u00eamica \u2013 Campus Dom Id\u00edlio Jos\u00e9 Soares<br \/>\nTelefone: (13) 3205-5555 &#8211; ramal 1388<\/p>\n","protected":false},"excerpt":{"rendered":"<p>CARGA HOR\u00c1RIA 80 h P\u00daBLICO-ALVO Profissionais que atuam desejam atuar na \u00e1rea de porto, seja com TI, neg\u00f3cios ou opera\u00e7\u00f5es. [&hellip;]<\/p>\n","protected":false},"author":1,"featured_media":683,"parent":399,"menu_order":0,"comment_status":"closed","ping_status":"closed","template":"","meta":{"footnotes":""},"_links":{"self":[{"href":"https:\/\/www.unisantos.br\/pos\/wp-json\/wp\/v2\/pages\/574"}],"collection":[{"href":"https:\/\/www.unisantos.br\/pos\/wp-json\/wp\/v2\/pages"}],"about":[{"href":"https:\/\/www.unisantos.br\/pos\/wp-json\/wp\/v2\/types\/page"}],"author":[{"embeddable":true,"href":"https:\/\/www.unisantos.br\/pos\/wp-json\/wp\/v2\/users\/1"}],"replies":[{"embeddable":true,"href":"https:\/\/www.unisantos.br\/pos\/wp-json\/wp\/v2\/comments?post=574"}],"version-history":[{"count":3,"href":"https:\/\/www.unisantos.br\/pos\/wp-json\/wp\/v2\/pages\/574\/revisions"}],"predecessor-version":[{"id":3999,"href":"https:\/\/www.unisantos.br\/pos\/wp-json\/wp\/v2\/pages\/574\/revisions\/3999"}],"up":[{"embeddable":true,"href":"https:\/\/www.unisantos.br\/pos\/wp-json\/wp\/v2\/pages\/399"}],"wp:featuredmedia":[{"embeddable":true,"href":"https:\/\/www.unisantos.br\/pos\/wp-json\/wp\/v2\/media\/683"}],"wp:attachment":[{"href":"https:\/\/www.unisantos.br\/pos\/wp-json\/wp\/v2\/media?parent=574"}],"curies":[{"name":"wp","href":"https:\/\/api.w.org\/{rel}","templated":true}]}}