{"id":5737,"date":"2023-12-22T22:04:15","date_gmt":"2023-12-23T01:04:15","guid":{"rendered":"https:\/\/www.unisantos.br\/pos\/?page_id=5737"},"modified":"2025-03-07T16:55:57","modified_gmt":"2025-03-07T19:55:57","slug":"mba-em-gestao-de-projetos-de-engenharia","status":"publish","type":"page","link":"https:\/\/www.unisantos.br\/pos\/lato-sensu\/mba-em-gestao-de-projetos-de-engenharia\/","title":{"rendered":"MBA em Gest\u00e3o de Projetos de Engenharia"},"content":{"rendered":"<p><strong>PROFESSOR RESPONS\u00c1VEL<br \/>\n<\/strong>Prof. Dr. Juarez Ramos da Silva<\/p>\n<p><strong>CARGA HOR\u00c1RIA<br \/>\n<span style=\"font-weight: 400;\">360 horas<\/span><\/strong><\/p>\n<p><strong>IN\u00cdCIO<\/strong><br \/>\nMar\u00e7o\/2025<\/p>\n<p><strong>DIAS\/HOR\u00c1RIOS<\/strong><br \/>\nTer\u00e7as e quintas-feiras, das 18h45 \u00e0s 22h45<\/p>\n<p><strong>MODALIDADE<br \/>\n<\/strong>H\u00edbrido, com encontros presenciais e aulas s\u00edncronas<\/p>\n<p><strong>P\u00daBLICO-ALVO<\/strong><br \/>\nProfissionais portadores de diploma de curso superior de todas as \u00e1reas do conhecimento, notadamente os egressos das Engenharia (todas), Arquitetura e Urbanismo, Administra\u00e7\u00e3o, Economia, Ci\u00eancias Cont\u00e1beis, Tecnologia da Informa\u00e7\u00e3o, Marketing, Log\u00edstica, Com\u00e9rcio Exterior, Geografia, Geologia e \u00e1reas afins<strong>.<\/strong><\/p>\n<p><strong>OBJETIVOS<\/strong><br \/>\n\u2022 Capacitar os profissionais das diversas \u00e1reas de atua\u00e7\u00e3o a gerenciar projetos de engenharia e arquitetura, neg\u00f3cios e empreendimentos, al\u00e9m de racionalizar m\u00e9todos, processos e sistemas, com o intuito de melhoria da produtividade\/qualidade e da redu\u00e7\u00e3o de custos e prazos, com responsabilidades social e ambiental.<br \/>\n\u2022 Especificamente, o curso visa preparar para atividades gerenciais nas organiza\u00e7\u00f5es dos diversos segmentos da economia de transforma\u00e7\u00e3o ou de servi\u00e7os, com vis\u00e3o empreendedora, sustent\u00e1vel, \u00e9tica e inovadora.<\/p>\n<p><strong>INVESTIMENTO<\/strong><br \/>\n18 parcelas de R$ 349,00<\/p>\n<p><strong>CONTE\u00daDO<\/strong><br \/>\nFundamentos da Gest\u00e3o de Projetos<br \/>\nGest\u00e3o dos Recursos do Projeto<br \/>\nGest\u00e3o da Qualidade em Projetos<br \/>\nGest\u00e3o de Riscos em Projetos<br \/>\nMetodologia da Pesquisa (s\u00edncrona)<br \/>\nEscrit\u00f3rio de Projetos e Gerente de Projetos<br \/>\nESG em Projetos<br \/>\nSistemas de Comunica\u00e7\u00f5es e Negocia\u00e7\u00f5es em Projetos<br \/>\nBIM &#8211; Building Information Modeling<br \/>\nProjetos \u00c1geis (s\u00edncrona)<br \/>\nLideran\u00e7a e Motiva\u00e7\u00e3o<br \/>\nPlanejamento Estrat\u00e9gico<br \/>\nDesign Thinking<br \/>\nEmpreendedorismo<br \/>\nGest\u00e3o de Custos Aplicados \u00e0 Projetos<br \/>\nDid\u00e1tica do Ensino Superior (s\u00edncrona)<br \/>\nTrabalho de Conclus\u00e3o \u2013 Artigo T\u00e9cnico<\/p>\n<p><strong>OBSERVA\u00c7\u00d5ES<\/strong><br \/>\nA Universidade se reserva o direito de alterar o cronograma e o corpo docente.<br \/>\nDocumenta\u00e7\u00e3o necess\u00e1ria: c\u00f3pias do RG, CPF, certid\u00e3o de nascimento ou casamento e Diploma da Gradua\u00e7\u00e3o ou Certificado de Cola\u00e7\u00e3o de Grau.<br \/>\nA inscri\u00e7\u00e3o presencial s\u00f3 poder\u00e1 ser efetuada pelo interessado no curso, ou por pessoa munida de procura\u00e7\u00e3o autenticada em cart\u00f3rio.<br \/>\nA efetiva\u00e7\u00e3o da matr\u00edcula est\u00e1 condicionada ao pagamento do boleto da 1\u00aa. parcela e entrega da documenta\u00e7\u00e3o exigida.<\/p>\n<p><strong>OUTRAS INFORMA\u00c7\u00d5ES<\/strong><br \/>\nE-mail: atendimentovirtual@unisantos.br<\/p>\n","protected":false},"excerpt":{"rendered":"<p>PROFESSOR RESPONS\u00c1VEL Prof. Dr. Juarez Ramos da Silva CARGA HOR\u00c1RIA 360 horas IN\u00cdCIO Mar\u00e7o\/2025 DIAS\/HOR\u00c1RIOS Ter\u00e7as e quintas-feiras, das 18h45 [&hellip;]<\/p>\n","protected":false},"author":1,"featured_media":0,"parent":210,"menu_order":0,"comment_status":"closed","ping_status":"closed","template":"","meta":{"footnotes":""},"_links":{"self":[{"href":"https:\/\/www.unisantos.br\/pos\/wp-json\/wp\/v2\/pages\/5737"}],"collection":[{"href":"https:\/\/www.unisantos.br\/pos\/wp-json\/wp\/v2\/pages"}],"about":[{"href":"https:\/\/www.unisantos.br\/pos\/wp-json\/wp\/v2\/types\/page"}],"author":[{"embeddable":true,"href":"https:\/\/www.unisantos.br\/pos\/wp-json\/wp\/v2\/users\/1"}],"replies":[{"embeddable":true,"href":"https:\/\/www.unisantos.br\/pos\/wp-json\/wp\/v2\/comments?post=5737"}],"version-history":[{"count":8,"href":"https:\/\/www.unisantos.br\/pos\/wp-json\/wp\/v2\/pages\/5737\/revisions"}],"predecessor-version":[{"id":6753,"href":"https:\/\/www.unisantos.br\/pos\/wp-json\/wp\/v2\/pages\/5737\/revisions\/6753"}],"up":[{"embeddable":true,"href":"https:\/\/www.unisantos.br\/pos\/wp-json\/wp\/v2\/pages\/210"}],"wp:attachment":[{"href":"https:\/\/www.unisantos.br\/pos\/wp-json\/wp\/v2\/media?parent=5737"}],"curies":[{"name":"wp","href":"https:\/\/api.w.org\/{rel}","templated":true}]}}