{"id":572,"date":"2018-10-11T17:47:16","date_gmt":"2018-10-11T20:47:16","guid":{"rendered":"https:\/\/www.unisantos.br\/pos\/?page_id=572"},"modified":"2023-08-14T14:10:26","modified_gmt":"2023-08-14T17:10:26","slug":"sistema-unico-da-assistencia-social-gestao-nova-tipificacao","status":"publish","type":"page","link":"https:\/\/www.unisantos.br\/pos\/qualificacao\/sistema-unico-da-assistencia-social-gestao-nova-tipificacao\/","title":{"rendered":"Sistema \u00danico da Assist\u00eancia Social &#8211; Gest\u00e3o Nova Tipifica\u00e7\u00e3o"},"content":{"rendered":"<p><strong>CARGA HOR\u00c1RIA<br \/>\n<\/strong>66\u00a0h<\/p>\n<p><strong>OBJETIVO<br \/>\n<\/strong>Capacitar profissionais da \u00e1rea da Assist\u00eancia Social e do Terceiro Setor, para a Gest\u00e3o do Sistema \u00danico da Assist\u00eancia Social.<\/p>\n<p><strong>P\u00daBLICO-ALVO<br \/>\n<\/strong>Profissionais da \u00e1rea da Assist\u00eancia Social, psic\u00f3logos, profissionais e gestores de organiza\u00e7\u00f5es do terceiro setor e demais interessados.<\/p>\n<p><strong>CONTE\u00daDO\u00a0\u00a0<\/strong><br \/>\n\u2022\u00a0Introdu\u00e7\u00e3o ao\u00a0Sistema \u00danico da Assist\u00eancia Social (Suas)<br \/>\n\u2022 Construindo a normatiza\u00e7\u00e3o para o Suas<br \/>\n\u2022 O conceito do Suas, principios e objetivos<br \/>\n\u2022 N\u00edveis de gest\u00e3o do Suas<br \/>\n\u2022 Resolu\u00e7\u00e3o de 11\/11\/2009 (aprova a tipifica\u00e7\u00e3o nacional de servi\u00e7os socioassistenciais)<br \/>\n\u2022 Prote\u00e7\u00e3o social b\u00e1sica<br \/>\n\u2022 Servi\u00e7o de prote\u00e7\u00e3o e atendimento integral \u00e0 familia<br \/>\n\u2022 Servi\u00e7os de conviv\u00eancia e fortalecimento de v\u00ednculos<br \/>\n\u2022 Servi\u00e7o de prote\u00e7\u00e3o social b\u00e1sica<br \/>\n\u2022 Din\u00e2mica de grupos<br \/>\n\u2022 Centros de Rrefer\u00eancia da Assist\u00eancia Social\u00a0(Cras)<br \/>\n\u2022 O Cras no plano municipal de assist\u00eancia social<br \/>\n\u2022 As fun\u00e7\u00f5es do Cras<br \/>\n\u2022 Gest\u00e3o territorial da prote\u00e7\u00e3o social b\u00e1sica<br \/>\n\u2022 Articula\u00e7\u00e3o da rede socioassistencial de prote\u00e7\u00e3o social b\u00e1sica referenciada ao Cras e dos servi\u00e7os nele ofertados<br \/>\n\u2022 Promo\u00e7\u00e3o da articula\u00e7\u00e3o intersetorial<br \/>\n\u2022 Produ\u00e7\u00e3o de material socioeducativo<br \/>\n\u2022 Busca ativa no territ\u00f3rio do Cras<br \/>\n\u2022 Servi\u00e7o de prote\u00e7\u00e3o especial de m\u00e9dia complexidade<br \/>\n\u2022 Servi\u00e7os de prote\u00e7\u00e3o e atendimento especializado a fam\u00edlias e ind\u00edviduos\u00a0(Paefi)<br \/>\n\u2022 Servi\u00e7o especializado em abordagem social<br \/>\n\u2022 Servi\u00e7o de prote\u00e7\u00e3o a adolescentes\u00a0 em cumprimento de medida socioeducativa de Liberdade Assistida e\u00a0Presta\u00e7\u00e3o de Servi\u00e7os \u00e0 Comunidade (PSC)<br \/>\n\u2022 Servi\u00e7o de prote\u00e7\u00e3o social especial para pessoas com defici\u00eancia, idosos e sua familia<br \/>\n\u2022 Servi\u00e7o especializado para pessoas em situa\u00e7\u00e3o de rua<br \/>\n\u2022 Servi\u00e7os de prote\u00e7\u00e3o social especial de alta complexidade<br \/>\n\u2022 Servi\u00e7o de acolhimento institucional nas seguintes modalidades<br \/>\n\u2022 Servi\u00e7o de acolhimento em fam\u00edlias acolhedoras<br \/>\n\u2022 Abrigo institucional<br \/>\n\u2022 Casa lar<br \/>\n\u2022 Casa de passagem<br \/>\n\u2022 Resid\u00eancia inclusiva<br \/>\n\u2022 Servi\u00e7o de acolhimento em rep\u00fablica<\/p>\n<p><strong><strong>OBSERVA\u00c7\u00d5ES<\/strong><\/strong><strong><br \/>\n<\/strong>\u2022 A Universidade se reserva o direito de alterar o cronograma e o corpo docente.<br \/>\n\u2022 Documenta\u00e7\u00e3o necess\u00e1ria: c\u00f3pias do RG, CPF.<br \/>\n\u2022 A inscri\u00e7\u00e3o presencial s\u00f3 poder\u00e1 ser efetuada pelo interessado no curso, ou por pessoa munida de procura\u00e7\u00e3o autenticada em cart\u00f3rio.<br \/>\n\u2022 A efetiva\u00e7\u00e3o da matr\u00edcula est\u00e1 condicionada ao pagamento do boleto da 1\u00aa. parcela e entrega da documenta\u00e7\u00e3o exigida.<\/p>\n","protected":false},"excerpt":{"rendered":"<p>CARGA HOR\u00c1RIA 66\u00a0h OBJETIVO Capacitar profissionais da \u00e1rea da Assist\u00eancia Social e do Terceiro Setor, para a Gest\u00e3o do Sistema [&hellip;]<\/p>\n","protected":false},"author":1,"featured_media":683,"parent":399,"menu_order":0,"comment_status":"closed","ping_status":"closed","template":"","meta":{"footnotes":""},"_links":{"self":[{"href":"https:\/\/www.unisantos.br\/pos\/wp-json\/wp\/v2\/pages\/572"}],"collection":[{"href":"https:\/\/www.unisantos.br\/pos\/wp-json\/wp\/v2\/pages"}],"about":[{"href":"https:\/\/www.unisantos.br\/pos\/wp-json\/wp\/v2\/types\/page"}],"author":[{"embeddable":true,"href":"https:\/\/www.unisantos.br\/pos\/wp-json\/wp\/v2\/users\/1"}],"replies":[{"embeddable":true,"href":"https:\/\/www.unisantos.br\/pos\/wp-json\/wp\/v2\/comments?post=572"}],"version-history":[{"count":2,"href":"https:\/\/www.unisantos.br\/pos\/wp-json\/wp\/v2\/pages\/572\/revisions"}],"predecessor-version":[{"id":5526,"href":"https:\/\/www.unisantos.br\/pos\/wp-json\/wp\/v2\/pages\/572\/revisions\/5526"}],"up":[{"embeddable":true,"href":"https:\/\/www.unisantos.br\/pos\/wp-json\/wp\/v2\/pages\/399"}],"wp:featuredmedia":[{"embeddable":true,"href":"https:\/\/www.unisantos.br\/pos\/wp-json\/wp\/v2\/media\/683"}],"wp:attachment":[{"href":"https:\/\/www.unisantos.br\/pos\/wp-json\/wp\/v2\/media?parent=572"}],"curies":[{"name":"wp","href":"https:\/\/api.w.org\/{rel}","templated":true}]}}