{"id":570,"date":"2018-10-11T17:47:00","date_gmt":"2018-10-11T20:47:00","guid":{"rendered":"https:\/\/www.unisantos.br\/pos\/?page_id=570"},"modified":"2023-08-14T13:47:32","modified_gmt":"2023-08-14T16:47:32","slug":"simulacao-com-o-software-arena-modulo-ii-tecnicas-de-simulacao","status":"publish","type":"page","link":"https:\/\/www.unisantos.br\/pos\/qualificacao\/simulacao-com-o-software-arena-modulo-ii-tecnicas-de-simulacao\/","title":{"rendered":"Simula\u00e7\u00e3o com o Software Arena \u2013 M\u00f3dulo II: T\u00e9cnicas de Simula\u00e7\u00e3o"},"content":{"rendered":"<p><b><\/b><b>CARGA HOR\u00c1RIA<br \/>\n<\/b>20 h\/a<b>\u00a0<\/b><b>\u00a0<\/b><\/p>\n<p><b>OBJETIVO<br \/>\n<\/b>Capacitar profissionais que atuam, ou desejam atuar, nas empresas de transporte, manufatura e da \u00e1rea portu\u00e1ria, ou empresas de exporta\u00e7\u00e3o e importa\u00e7\u00e3o, com a utiliza\u00e7\u00e3o dos recursos tecnol\u00f3gicos de simula\u00e7\u00e3o para os processos operacionais, proporcionando condi\u00e7\u00f5es para a redu\u00e7\u00e3o de custos e otimiza\u00e7\u00e3o dos recursos empresariais, no atendimento \u00e0 demanda do mercado.<b>\u00a0<\/b><\/p>\n<p><b>P\u00daBLICO-ALVO<br \/>\n<\/b>Profissionais das empresas dos segmentos de transportadoras, terminais portu\u00e1rios e unidades fabris que atuam nas \u00e1reas de neg\u00f3cios, opera\u00e7\u00f5es, manufatura ou TI, al\u00e9m do p\u00fablico em geral, que j\u00e1 tenham conhecimento do conte\u00fado do Modulo I, referente \u00e1 Introdu\u00e7\u00e3o da Simula\u00e7\u00e3o com o Software Arena, e que desejam ampliar seus conhecimentos com novas t\u00e9cnicas de simula\u00e7\u00e3o.<b>\u00a0<\/b><\/p>\n<p><b>CONTE\u00daDO<br \/>\n<\/b>Desvios e Escolhas \u2013 Avan\u00e7ado<br \/>\nO Modulo Pickstation<br \/>\n<span style=\"line-height: 1.5em\">L\u00f3gica Booleana e Direcionamento<br \/>\n<\/span>Exemplo e Exerc\u00edcios<\/p>\n<p><span style=\"line-height: 1.5em\">Rotas de Sequ\u00eancia<br \/>\n<\/span>O M\u00f3dulo Sequence<br \/>\n<span style=\"line-height: 1.5em\">A Linha de Montagem<br \/>\n<\/span>Exemplo e Exerc\u00edcios<\/p>\n<p>Conjuntos e Programa\u00e7\u00e3o Literal<br \/>\nOs M\u00f3dulos de Dados Set e Advanced Set<br \/>\nExemplo e Exerc\u00edcios<\/p>\n<p>M\u00f3dulos Avan\u00e7ados do Template Advanced Process<br \/>\nOs M\u00f3dulos Hold e outros<br \/>\nExemplos e Exerc\u00edcios<\/p>\n<p>Desenvolvimento de um projeto de simula\u00e7\u00e3o<strong>\u00a0<\/strong><\/p>\n<p><strong>OBSERVA\u00c7\u00d5ES<br \/>\n<\/strong>A Universidade se reserva o direito de alterar o cronograma e o corpo docente.<br \/>\nDocumenta\u00e7\u00e3o necess\u00e1ria: c\u00f3pias do RG, CPF, certid\u00e3o de nascimento ou casamento.<br \/>\nA inscri\u00e7\u00e3o presencial s\u00f3 poder\u00e1 ser efetuada pelo interessado no curso, ou por pessoa munida de procura\u00e7\u00e3o autenticada em cart\u00f3rio.<br \/>\nA efetiva\u00e7\u00e3o da matr\u00edcula est\u00e1 condicionada ao pagamento do boleto da 1\u00aa. parcela e entrega da documenta\u00e7\u00e3o exigida.<\/p>\n<p><b>OUTRAS INFORMA\u00c7\u00d5ES<br \/>\n<\/b>Departamento de Atendimento Integrado<br \/>\nTelefones: (13) 3205-5555<br \/>\nE-mail: dat@unisantos.br<\/p>\n","protected":false},"excerpt":{"rendered":"<p>CARGA HOR\u00c1RIA 20 h\/a\u00a0\u00a0 OBJETIVO Capacitar profissionais que atuam, ou desejam atuar, nas empresas de transporte, manufatura e da \u00e1rea [&hellip;]<\/p>\n","protected":false},"author":1,"featured_media":673,"parent":399,"menu_order":0,"comment_status":"closed","ping_status":"closed","template":"","meta":{"footnotes":""},"_links":{"self":[{"href":"https:\/\/www.unisantos.br\/pos\/wp-json\/wp\/v2\/pages\/570"}],"collection":[{"href":"https:\/\/www.unisantos.br\/pos\/wp-json\/wp\/v2\/pages"}],"about":[{"href":"https:\/\/www.unisantos.br\/pos\/wp-json\/wp\/v2\/types\/page"}],"author":[{"embeddable":true,"href":"https:\/\/www.unisantos.br\/pos\/wp-json\/wp\/v2\/users\/1"}],"replies":[{"embeddable":true,"href":"https:\/\/www.unisantos.br\/pos\/wp-json\/wp\/v2\/comments?post=570"}],"version-history":[{"count":3,"href":"https:\/\/www.unisantos.br\/pos\/wp-json\/wp\/v2\/pages\/570\/revisions"}],"predecessor-version":[{"id":5485,"href":"https:\/\/www.unisantos.br\/pos\/wp-json\/wp\/v2\/pages\/570\/revisions\/5485"}],"up":[{"embeddable":true,"href":"https:\/\/www.unisantos.br\/pos\/wp-json\/wp\/v2\/pages\/399"}],"wp:featuredmedia":[{"embeddable":true,"href":"https:\/\/www.unisantos.br\/pos\/wp-json\/wp\/v2\/media\/673"}],"wp:attachment":[{"href":"https:\/\/www.unisantos.br\/pos\/wp-json\/wp\/v2\/media?parent=570"}],"curies":[{"name":"wp","href":"https:\/\/api.w.org\/{rel}","templated":true}]}}