{"id":568,"date":"2018-10-11T17:46:32","date_gmt":"2018-10-11T20:46:32","guid":{"rendered":"https:\/\/www.unisantos.br\/pos\/?page_id=568"},"modified":"2022-02-12T10:57:09","modified_gmt":"2022-02-12T13:57:09","slug":"simulacao-com-o-software-arena-modulo-i-introducao-a-simulacao","status":"publish","type":"page","link":"https:\/\/www.unisantos.br\/pos\/qualificacao\/simulacao-com-o-software-arena-modulo-i-introducao-a-simulacao\/","title":{"rendered":"Simula\u00e7\u00e3o com o Software Arena &#8211; M\u00f3dulo I: Introdu\u00e7\u00e3o \u00e0 Simula\u00e7\u00e3o"},"content":{"rendered":"<p><b>CARGA HOR\u00c1RIA<br \/>\n<\/b>28 h\/a<\/p>\n<p><b>OBJETIVO<br \/>\n<\/b>Capacitar profissionais que atuam, ou desejam atuar, nas empresas de transporte, manufatura e da \u00e1rea portu\u00e1ria, ou empresas de exporta\u00e7\u00e3o e importa\u00e7\u00e3o, com a utiliza\u00e7\u00e3o dos recursos tecnol\u00f3gicos de simula\u00e7\u00e3o para os processos operacionais das empresas, proporcionando condi\u00e7\u00f5es para a redu\u00e7\u00e3o de custos e otimiza\u00e7\u00e3o dos recursos empresariais, no atendimento \u00e0 demanda do mercado.<b>\u00a0<\/b><\/p>\n<p><b>P\u00daBLICO-ALVO<br \/>\n<\/b>Profissionais das empresas do segmento de transportadoras, terminais portu\u00e1rios e unidades fabris que atuam nas \u00e1reas de neg\u00f3cios, opera\u00e7\u00f5es, manufatura ou TI, al\u00e9m do p\u00fablico em geral.<\/p>\n<p><b>CONTE\u00daDO<br \/>\n<\/b>Introdu\u00e7\u00e3o \u00e0 Simula\u00e7\u00e3o com Arena<br \/>\nAs Ferramentas B\u00e1sicas da Modelagem<br \/>\nDecis\u00f5es e Indicadores de Estado<br \/>\nExemplo e Exerc\u00edcios<\/p>\n<p>Agrupamento de Entidades<br \/>\nColeta e Apresenta\u00e7\u00e3o de Indicadores<br \/>\nOs M\u00f3dulos de Fluxograma Record e Assign<br \/>\n<span style=\"line-height: 1.5em;\">Exemplos e Exerc\u00edcios<\/span><\/p>\n<p>Ferramentas de Desenho e Documenta\u00e7\u00e3o<br \/>\nPrograma\u00e7\u00e3o de Chegadas e Turnos<br \/>\nExemplos e Exerc\u00edcios<\/p>\n<p>Express\u00f5es, Vari\u00e1veis e Atributos<br \/>\nUso de recursos \u2013 Seize, Delay e Release<br \/>\nExemplos e Exerc\u00edcios<\/p>\n<p>Falhas de Equipamentos<br \/>\nMovimenta\u00e7\u00e3o Individual de Entidades<br \/>\nModelagem de Correias<br \/>\nExemplos e Exerc\u00edcios<\/p>\n<p>Modelagem de Transportadores<br \/>\nExemplos e Exerc\u00edcios<\/p>\n<p>An\u00e1lise dos Resultados<br \/>\nEscolha dos Indicadores<br \/>\nExemplos e Exerc\u00edcios<\/p>\n<p><strong>OBSERVA\u00c7\u00d5ES<br \/>\n<\/strong>A Universidade se reserva o direito de alterar o cronograma e o corpo docente.<br \/>\nDocumenta\u00e7\u00e3o necess\u00e1ria: c\u00f3pias do RG, CPF, certid\u00e3o de nascimento ou casamento.<br \/>\nA inscri\u00e7\u00e3o presencial s\u00f3 poder\u00e1 ser efetuada pelo interessado no curso, ou por pessoa munida de procura\u00e7\u00e3o autenticada em cart\u00f3rio.<br \/>\nA efetiva\u00e7\u00e3o da matr\u00edcula est\u00e1 condicionada ao pagamento do boleto da 1\u00aa. parcela e entrega da documenta\u00e7\u00e3o exigida.<\/p>\n<p><b>OUTRAS INFORMA\u00c7\u00d5ES<br \/>\n<\/b>Departamento de Atendimento Integrado<br \/>\nTelefones: (13) 3205-5555<br \/>\nE-mail: dat@unisantos.br<\/p>\n","protected":false},"excerpt":{"rendered":"<p>CARGA HOR\u00c1RIA 28 h\/a OBJETIVO Capacitar profissionais que atuam, ou desejam atuar, nas empresas de transporte, manufatura e da \u00e1rea [&hellip;]<\/p>\n","protected":false},"author":1,"featured_media":673,"parent":399,"menu_order":0,"comment_status":"closed","ping_status":"closed","template":"","meta":{"footnotes":""},"_links":{"self":[{"href":"https:\/\/www.unisantos.br\/pos\/wp-json\/wp\/v2\/pages\/568"}],"collection":[{"href":"https:\/\/www.unisantos.br\/pos\/wp-json\/wp\/v2\/pages"}],"about":[{"href":"https:\/\/www.unisantos.br\/pos\/wp-json\/wp\/v2\/types\/page"}],"author":[{"embeddable":true,"href":"https:\/\/www.unisantos.br\/pos\/wp-json\/wp\/v2\/users\/1"}],"replies":[{"embeddable":true,"href":"https:\/\/www.unisantos.br\/pos\/wp-json\/wp\/v2\/comments?post=568"}],"version-history":[{"count":3,"href":"https:\/\/www.unisantos.br\/pos\/wp-json\/wp\/v2\/pages\/568\/revisions"}],"predecessor-version":[{"id":4322,"href":"https:\/\/www.unisantos.br\/pos\/wp-json\/wp\/v2\/pages\/568\/revisions\/4322"}],"up":[{"embeddable":true,"href":"https:\/\/www.unisantos.br\/pos\/wp-json\/wp\/v2\/pages\/399"}],"wp:featuredmedia":[{"embeddable":true,"href":"https:\/\/www.unisantos.br\/pos\/wp-json\/wp\/v2\/media\/673"}],"wp:attachment":[{"href":"https:\/\/www.unisantos.br\/pos\/wp-json\/wp\/v2\/media?parent=568"}],"curies":[{"name":"wp","href":"https:\/\/api.w.org\/{rel}","templated":true}]}}