{"id":564,"date":"2018-10-11T17:45:38","date_gmt":"2018-10-11T20:45:38","guid":{"rendered":"https:\/\/www.unisantos.br\/pos\/?page_id=564"},"modified":"2021-09-28T18:33:06","modified_gmt":"2021-09-28T21:33:06","slug":"requisitos-legais-aplicaveis-ao-sistema-de-gestao-de-saude-e-seguranca-ocupacional-sg-sso","status":"publish","type":"page","link":"https:\/\/www.unisantos.br\/pos\/qualificacao\/requisitos-legais-aplicaveis-ao-sistema-de-gestao-de-saude-e-seguranca-ocupacional-sg-sso\/","title":{"rendered":"Requisitos Legais Aplic\u00e1veis ao Sistema de Gest\u00e3o de Sa\u00fade e Seguran\u00e7a Ocupacional &#8211; SG SSO"},"content":{"rendered":"<p><strong>CARGA HOR\u00c1RIA<\/strong><br \/>\n16 h\/a<\/p>\n<p><strong>OBJETIVOS<\/strong><br \/>\nCapacitar os participantes nas quest\u00f5es exigidas pela OHSAS 18001:2007;<br \/>\nConhecer as legisla\u00e7\u00f5es de Seguran\u00e7a do Trabalho aplic\u00e1veis aos perigos e riscos;<br \/>\nReconhecer etapas do processo de identifica\u00e7\u00e3o e avalia\u00e7\u00e3o dos Requisitos Legais aplic\u00e1veis;<br \/>\nRefletir sobre as medidas de controle necess\u00e1rias para tratar os Requisitos Legais.<\/p>\n<p><strong>P\u00daBLICO-ALVO<\/strong><br \/>\nGestores e profissionais que atuam no Sistema de Gest\u00e3o, profissionais de consultoria, especialistas em gest\u00e3o e demais interessados que buscam aperfei\u00e7oamento profissional.<\/p>\n<p><strong>CONTE\u00daDO<\/strong><br \/>\nIdentifica\u00e7\u00e3o da Legisla\u00e7\u00e3o de SSO \u2013 parte te\u00f3rica: Hist\u00f3rico da legisla\u00e7\u00e3o de SSO Brasil;<br \/>\nRequisitos Legais para a implementa\u00e7\u00e3o da SGSSO;<br \/>\nTerminologia aplic\u00e1vel;<br \/>\nNormas regulamentadoras &#8211; aplica\u00e7\u00e3o;<br \/>\nOutras legisla\u00e7\u00f5es de SSO aplic\u00e1veis;<br \/>\nIdentifica\u00e7\u00e3o da Legisla\u00e7\u00e3o de SSO \u2013 parte pr\u00e1tica: Normas regulamentadoras &#8211; aplica\u00e7\u00e3o;<br \/>\nOutras legisla\u00e7\u00f5es de SSO aplic\u00e1veis;<br \/>\nLeis, Portarias, Decretos e Instru\u00e7\u00f5es. Normativas aplic\u00e1veis.<\/p>\n<p><strong>OBSERVA\u00c7\u00d5ES<\/strong><br \/>\nA Universidade se reserva o direito de alterar o cronograma e o corpo docente.<br \/>\nDocumenta\u00e7\u00e3o necess\u00e1ria para quem n\u00e3o \u00e9 aluno da Cat\u00f3lica de Santos:\u00a0c\u00f3pias do RG, CPF, certid\u00e3o de nascimento ou casamento.<br \/>\nA inscri\u00e7\u00e3o presencial s\u00f3 poder\u00e1 ser efetuada pelo interessado no curso, ou por pessoa munida de procura\u00e7\u00e3o autenticada em cart\u00f3rio.<br \/>\nA efetiva\u00e7\u00e3o da matr\u00edcula est\u00e1 condicionada ao pagamento do boleto da 1\u00aa. parcela e entrega da documenta\u00e7\u00e3o exigida.<\/p>\n<div><strong>OUTRAS INFORMA\u00c7\u00d5ES<\/strong><\/div>\n<div>Departamento de Atendimento Integrado<\/div>\n<div>Telefones: (13) 3205-5555 \u2013 ramais 1354\/1384<\/div>\n<div>E-mail: dat@unisantos.br<\/div>\n<p>&nbsp;<\/p>\n","protected":false},"excerpt":{"rendered":"<p>CARGA HOR\u00c1RIA 16 h\/a OBJETIVOS Capacitar os participantes nas quest\u00f5es exigidas pela OHSAS 18001:2007; Conhecer as legisla\u00e7\u00f5es de Seguran\u00e7a do [&hellip;]<\/p>\n","protected":false},"author":1,"featured_media":686,"parent":399,"menu_order":0,"comment_status":"closed","ping_status":"closed","template":"","meta":{"footnotes":""},"_links":{"self":[{"href":"https:\/\/www.unisantos.br\/pos\/wp-json\/wp\/v2\/pages\/564"}],"collection":[{"href":"https:\/\/www.unisantos.br\/pos\/wp-json\/wp\/v2\/pages"}],"about":[{"href":"https:\/\/www.unisantos.br\/pos\/wp-json\/wp\/v2\/types\/page"}],"author":[{"embeddable":true,"href":"https:\/\/www.unisantos.br\/pos\/wp-json\/wp\/v2\/users\/1"}],"replies":[{"embeddable":true,"href":"https:\/\/www.unisantos.br\/pos\/wp-json\/wp\/v2\/comments?post=564"}],"version-history":[{"count":2,"href":"https:\/\/www.unisantos.br\/pos\/wp-json\/wp\/v2\/pages\/564\/revisions"}],"predecessor-version":[{"id":4008,"href":"https:\/\/www.unisantos.br\/pos\/wp-json\/wp\/v2\/pages\/564\/revisions\/4008"}],"up":[{"embeddable":true,"href":"https:\/\/www.unisantos.br\/pos\/wp-json\/wp\/v2\/pages\/399"}],"wp:featuredmedia":[{"embeddable":true,"href":"https:\/\/www.unisantos.br\/pos\/wp-json\/wp\/v2\/media\/686"}],"wp:attachment":[{"href":"https:\/\/www.unisantos.br\/pos\/wp-json\/wp\/v2\/media?parent=564"}],"curies":[{"name":"wp","href":"https:\/\/api.w.org\/{rel}","templated":true}]}}