{"id":5597,"date":"2023-09-13T15:31:17","date_gmt":"2023-09-13T18:31:17","guid":{"rendered":"https:\/\/www.unisantos.br\/pos\/?page_id=5597"},"modified":"2023-11-03T15:43:31","modified_gmt":"2023-11-03T18:43:31","slug":"projeto-de-circuitos-integrados-utilizando-cadence","status":"publish","type":"page","link":"https:\/\/www.unisantos.br\/pos\/qualificacao\/projeto-de-circuitos-integrados-utilizando-cadence\/","title":{"rendered":"Projeto de Circuitos Integrados Utilizando Cadence"},"content":{"rendered":"<p><strong>PROFESSORES RESPONS\u00c1VEIS<\/strong><br \/>\nProf. Dr. Luiz Carlos Moreira<br \/>\nProf. Vitor Oliveira Kuribara<br \/>\nProf. Walter Silva Oliveira<\/p>\n<p><strong>CARGA HOR\u00c1RIA<\/strong><br \/>\n60<\/p>\n<p><strong>LOCAL<\/strong><br \/>\nCampus Dom Id\u00edlio Jos\u00e9 Soares<\/p>\n<p><strong>OBJETIVO<\/strong><br \/>\nO Objetivo do curso \u00e9 preparar os alunos para o ambiente de desenvolvimento<br \/>\nde circuitos integrados, proporcionando uma vis\u00e3o geral da realiza\u00e7\u00e3o de<br \/>\nprojetos de microeletr\u00f4nica e dos processos de implementa\u00e7\u00e3o digital e<br \/>\nanal\u00f3gica.<\/p>\n<p><strong>P\u00daBLICO-ALVO<\/strong><br \/>\nCi\u00eancias da computa\u00e7\u00e3o, Engenharia El\u00e9trica, Engenheiros de computa\u00e7\u00e3o e<br \/>\nT\u00e9cnicos em eletr\u00f4nica.<\/p>\n<p><strong>CONTE\u00daDO<br \/>\n<\/strong>Desenvolvimento de Circuitos Anal\u00f3gicos<br \/>\nDesenvolvimento de Circuitos Digitais<br \/>\nApresenta\u00e7\u00e3o de Trabalhos<\/p>\n<p><strong>OBSERVA\u00c7\u00d5ES<\/strong><br \/>\nA Universidade se reserva o direito de alterar o cronograma e o corpo docente.<br \/>\nDocumenta\u00e7\u00e3o necess\u00e1ria para quem n\u00e3o \u00e9 aluno da Cat\u00f3lica de Santos: c\u00f3pias do RG,<br \/>\nCPF, certid\u00e3o de nascimento ou casamento.<br \/>\nA inscri\u00e7\u00e3o presencial s\u00f3 poder\u00e1 ser efetuada pelo interessado no curso, ou por pessoa<br \/>\nmunida de procura\u00e7\u00e3o autenticada em cart\u00f3rio.<br \/>\nA efetiva\u00e7\u00e3o da matr\u00edcula est\u00e1 condicionada ao pagamento do boleto da 1\u00aa. parcela e<br \/>\nentrega da documenta\u00e7\u00e3o exigida.<\/p>\n<p><strong>OUTRAS INFORMA\u00c7\u00d5ES<\/strong><br \/>\nDepartamento de Atendimento Integrado<br \/>\nTelefone: (13) 3205-5555<br \/>\nE-mail: dat@unisantos.br<\/p>\n","protected":false},"excerpt":{"rendered":"<p>PROFESSORES RESPONS\u00c1VEIS Prof. Dr. Luiz Carlos Moreira Prof. Vitor Oliveira Kuribara Prof. Walter Silva Oliveira CARGA HOR\u00c1RIA 60 LOCAL Campus [&hellip;]<\/p>\n","protected":false},"author":1,"featured_media":0,"parent":399,"menu_order":0,"comment_status":"closed","ping_status":"closed","template":"","meta":{"footnotes":""},"_links":{"self":[{"href":"https:\/\/www.unisantos.br\/pos\/wp-json\/wp\/v2\/pages\/5597"}],"collection":[{"href":"https:\/\/www.unisantos.br\/pos\/wp-json\/wp\/v2\/pages"}],"about":[{"href":"https:\/\/www.unisantos.br\/pos\/wp-json\/wp\/v2\/types\/page"}],"author":[{"embeddable":true,"href":"https:\/\/www.unisantos.br\/pos\/wp-json\/wp\/v2\/users\/1"}],"replies":[{"embeddable":true,"href":"https:\/\/www.unisantos.br\/pos\/wp-json\/wp\/v2\/comments?post=5597"}],"version-history":[{"count":7,"href":"https:\/\/www.unisantos.br\/pos\/wp-json\/wp\/v2\/pages\/5597\/revisions"}],"predecessor-version":[{"id":5631,"href":"https:\/\/www.unisantos.br\/pos\/wp-json\/wp\/v2\/pages\/5597\/revisions\/5631"}],"up":[{"embeddable":true,"href":"https:\/\/www.unisantos.br\/pos\/wp-json\/wp\/v2\/pages\/399"}],"wp:attachment":[{"href":"https:\/\/www.unisantos.br\/pos\/wp-json\/wp\/v2\/media?parent=5597"}],"curies":[{"name":"wp","href":"https:\/\/api.w.org\/{rel}","templated":true}]}}