{"id":558,"date":"2018-10-11T17:44:31","date_gmt":"2018-10-11T20:44:31","guid":{"rendered":"https:\/\/www.unisantos.br\/pos\/?page_id=558"},"modified":"2022-02-12T10:52:00","modified_gmt":"2022-02-12T13:52:00","slug":"programa-internacional-de-desenvolvimento-juridico","status":"publish","type":"page","link":"https:\/\/www.unisantos.br\/pos\/qualificacao\/programa-internacional-de-desenvolvimento-juridico\/","title":{"rendered":"Programa Internacional de Desenvolvimento Jur\u00eddico"},"content":{"rendered":"<p><strong>PARCERIA<br \/>\n<\/strong>University of California &#8211; Irvine<\/p>\n<p><strong>CONTE\u00daDO<\/strong><br \/>\n\u2022 Vis\u00e3o geral do sistema de leis e do Judici\u00e1rio norte-americano.\u00a0A forma\u00e7\u00e3o do profissional da \u00e1rea nos Estados Unidos<br \/>\n\u2022 O sistema de precedentes e a vincula\u00e7\u00e3o de julgamentos<br \/>\n\u2022\u00a0Princ\u00edpios processuais, em especial do devido processo legal<br \/>\n\u2022 Tutela de Urg\u00eancia (antecipat\u00f3ria e cautelar) no Judici\u00e1rio americano<br \/>\n\u2022 A defesa do consumidor em ju\u00edzo: ritos procedimentais<br \/>\n\u2022 Casos paradigm\u00e1ticos de repara\u00e7\u00e3o de danos a consumidores<br \/>\n\u2022 O CPC: perspectiva americana<br \/>\n\u2022 Fixa\u00e7\u00e3o de valor por danos materiais e extrapatrimoniais por condutas contra o meio ambiente<br \/>\n\u2022 Toler\u00e2ncia Zero e reflexo no sistema prisional<\/p>\n<p><strong>VISITAS<\/strong><br \/>\n\u2022 Tribunal de Apela\u00e7\u00f5es<br \/>\n\u2022 Ju\u00edzos singulares c\u00edveis e de fam\u00edlia<br \/>\n\u2022 Escrit\u00f3rio de advocacia<br \/>\n\u2022 Sess\u00f5es de media\u00e7\u00e3o e concilia\u00e7\u00e3o<\/p>\n<p><strong>SERVI\u00c7OS FORNECIDOS<br \/>\n<\/strong>\u2022\u00a0Dez dias de curso com 30 horas de instru\u00e7\u00e3o em sala de aula<br \/>\n\u2022\u00a0Quatro visitas de interesse para o programa<br \/>\n\u2022 Material did\u00e1tico, incluindo eventuais livros e material de apoio<br \/>\n\u2022 Identidade de aluno da UC Irvine para acesso restrito \u00e0 biblioteca e rede da universidade<br \/>\n\u2022 Tradu\u00e7\u00e3o simult\u00e2nea (com aparelhos) durante o curso e as visitas do programa<br \/>\n\u2022 Certifica\u00e7\u00e3o conjunta UC Irvine-UNISANTOS<br \/>\n\u2022 Hospedagem no Campus UC Irvine em dormit\u00f3rio duplo<br \/>\n\u2022 Caf\u00e9 da manh\u00e3, almo\u00e7o e jantar durante a programa\u00e7\u00e3o<br \/>\n\u2022 Traslados durante as visitas inclu\u00eddas na programa\u00e7\u00e3o e nos trechos aeroporto\/campus\/aeroporto (de acordo com hor\u00e1rio pr\u00e9-estabelecido para o grupo)<br \/>\n\u2022 Acompanhamento do Prof. Me. Cesar Bargo Perez, docente da UNISANTOS e agente representante da UC Irvine no Brasil, com estrutura da empresa Brax 360<\/p>\n<p><strong>COORDENA\u00c7\u00c3O<\/strong><br \/>\nProf. Me. Cesar Bargo Perez<\/p>\n<p><strong>OUTRAS INFORMA\u00c7\u00d5ES<\/strong><br \/>\nCampus D. Id\u00edlio Jos\u00e9 Soares<br \/>\nCentro Administrativo, sala 303<br \/>\nAv. Conselheiro N\u00e9bias, 300, Vila Mathias<br \/>\n<strong>Atendimento:\u00a0<\/strong>De segunda a sexta-feira, das 8h \u00e0s 12h e das 14h \u00e0s 18h<br \/>\n<strong>Telefone:\u00a0<\/strong>(13) 3205-5555 &#8211; ramal 1342<br \/>\n<strong>E-mail<\/strong>: ucirvine@unisantos.br<\/p>\n","protected":false},"excerpt":{"rendered":"<p>PARCERIA University of California &#8211; Irvine CONTE\u00daDO \u2022 Vis\u00e3o geral do sistema de leis e do Judici\u00e1rio norte-americano.\u00a0A forma\u00e7\u00e3o do [&hellip;]<\/p>\n","protected":false},"author":1,"featured_media":671,"parent":399,"menu_order":0,"comment_status":"closed","ping_status":"closed","template":"","meta":{"footnotes":""},"_links":{"self":[{"href":"https:\/\/www.unisantos.br\/pos\/wp-json\/wp\/v2\/pages\/558"}],"collection":[{"href":"https:\/\/www.unisantos.br\/pos\/wp-json\/wp\/v2\/pages"}],"about":[{"href":"https:\/\/www.unisantos.br\/pos\/wp-json\/wp\/v2\/types\/page"}],"author":[{"embeddable":true,"href":"https:\/\/www.unisantos.br\/pos\/wp-json\/wp\/v2\/users\/1"}],"replies":[{"embeddable":true,"href":"https:\/\/www.unisantos.br\/pos\/wp-json\/wp\/v2\/comments?post=558"}],"version-history":[{"count":2,"href":"https:\/\/www.unisantos.br\/pos\/wp-json\/wp\/v2\/pages\/558\/revisions"}],"predecessor-version":[{"id":4317,"href":"https:\/\/www.unisantos.br\/pos\/wp-json\/wp\/v2\/pages\/558\/revisions\/4317"}],"up":[{"embeddable":true,"href":"https:\/\/www.unisantos.br\/pos\/wp-json\/wp\/v2\/pages\/399"}],"wp:featuredmedia":[{"embeddable":true,"href":"https:\/\/www.unisantos.br\/pos\/wp-json\/wp\/v2\/media\/671"}],"wp:attachment":[{"href":"https:\/\/www.unisantos.br\/pos\/wp-json\/wp\/v2\/media?parent=558"}],"curies":[{"name":"wp","href":"https:\/\/api.w.org\/{rel}","templated":true}]}}