{"id":554,"date":"2018-10-11T17:42:39","date_gmt":"2018-10-11T20:42:39","guid":{"rendered":"https:\/\/www.unisantos.br\/pos\/?page_id=554"},"modified":"2023-08-14T13:50:55","modified_gmt":"2023-08-14T16:50:55","slug":"gerenciamento-de-emissoes-atmosfericas","status":"publish","type":"page","link":"https:\/\/www.unisantos.br\/pos\/qualificacao\/gerenciamento-de-emissoes-atmosfericas\/","title":{"rendered":"Gerenciamento de Emiss\u00f5es Atmosf\u00e9ricas"},"content":{"rendered":"<p><strong>PROFESSOR RESPONS\u00c1VEL<\/strong><br \/>\nProf\u00aa. Dr\u00aa. Michele Leiko Uemura<\/p>\n<p><strong>CARGA HOR\u00c1RIA<\/strong><br \/>\n8 h\/a<\/p>\n<p><strong>LOCAL<\/strong><br \/>\nCampus Dom Id\u00edlio Jos\u00e9 Soares<\/p>\n<p><strong>OBJETIVO<\/strong><br \/>\nO estudante dever\u00e1 ser capaz de propor e gerenciar a\u00e7\u00f5es para as emiss\u00f5es atmosf\u00e9ricas provenientes das atividades, produtos e servi\u00e7os da organiza\u00e7\u00e3o, a partir de t\u00e9cnicas adequadas de medi\u00e7\u00e3o e monitoramento.<\/p>\n<p><strong>P\u00daBLICO-ALVO<\/strong><br \/>\nGestores e Profissionais que atuam na \u00e1rea ambiental; de Consultoria; Especialistas em Gest\u00e3o e, demais interessados que buscam aperfei\u00e7oamento profissional.<\/p>\n<p><strong>CONTE\u00daDO<\/strong><br \/>\nIntrodu\u00e7\u00e3o:<br \/>\nConceitos de: Gerenciamento de Emiss\u00f5es Atmosf\u00e9ricas;<br \/>\nEmiss\u00f5es Atmosf\u00e9ricas \u2013 defini\u00e7\u00f5es;<br \/>\nCaracteriza\u00e7\u00e3o de emiss\u00f5es atmosf\u00e9ricas;<br \/>\nControle e Tratamento;<br \/>\nNovas Tecnologias.<\/p>\n<p><strong>OBSERVA\u00c7\u00d5ES<\/strong><br \/>\nA Universidade se reserva o direito de alterar o cronograma e o corpo docente.<br \/>\nDocumenta\u00e7\u00e3o necess\u00e1ria para quem n\u00e3o \u00e9 aluno da Cat\u00f3lica de Santos:\u00a0c\u00f3pias do RG, CPF, certid\u00e3o de nascimento ou casamento.<br \/>\nA inscri\u00e7\u00e3o presencial s\u00f3 poder\u00e1 ser efetuada pelo interessado no curso, ou por pessoa munida de procura\u00e7\u00e3o autenticada em cart\u00f3rio.<br \/>\nA efetiva\u00e7\u00e3o da matr\u00edcula est\u00e1 condicionada ao pagamento do boleto da 1\u00aa. parcela e entrega da documenta\u00e7\u00e3o exigida.<\/p>\n<div><strong>OUTRAS INFORMA\u00c7\u00d5ES<\/strong><\/div>\n<div>Departamento de Atendimento Integrado<\/div>\n<div>Telefones: (13) 3205-5555 \u2013 ramais 1354\/1384<\/div>\n<div>E-mail: dat@unisantos.br<\/div>\n<p>&nbsp;<\/p>\n<p>&nbsp;<\/p>\n","protected":false},"excerpt":{"rendered":"<p>PROFESSOR RESPONS\u00c1VEL Prof\u00aa. Dr\u00aa. Michele Leiko Uemura CARGA HOR\u00c1RIA 8 h\/a LOCAL Campus Dom Id\u00edlio Jos\u00e9 Soares OBJETIVO O estudante [&hellip;]<\/p>\n","protected":false},"author":1,"featured_media":675,"parent":399,"menu_order":0,"comment_status":"closed","ping_status":"closed","template":"","meta":{"footnotes":""},"_links":{"self":[{"href":"https:\/\/www.unisantos.br\/pos\/wp-json\/wp\/v2\/pages\/554"}],"collection":[{"href":"https:\/\/www.unisantos.br\/pos\/wp-json\/wp\/v2\/pages"}],"about":[{"href":"https:\/\/www.unisantos.br\/pos\/wp-json\/wp\/v2\/types\/page"}],"author":[{"embeddable":true,"href":"https:\/\/www.unisantos.br\/pos\/wp-json\/wp\/v2\/users\/1"}],"replies":[{"embeddable":true,"href":"https:\/\/www.unisantos.br\/pos\/wp-json\/wp\/v2\/comments?post=554"}],"version-history":[{"count":3,"href":"https:\/\/www.unisantos.br\/pos\/wp-json\/wp\/v2\/pages\/554\/revisions"}],"predecessor-version":[{"id":5500,"href":"https:\/\/www.unisantos.br\/pos\/wp-json\/wp\/v2\/pages\/554\/revisions\/5500"}],"up":[{"embeddable":true,"href":"https:\/\/www.unisantos.br\/pos\/wp-json\/wp\/v2\/pages\/399"}],"wp:featuredmedia":[{"embeddable":true,"href":"https:\/\/www.unisantos.br\/pos\/wp-json\/wp\/v2\/media\/675"}],"wp:attachment":[{"href":"https:\/\/www.unisantos.br\/pos\/wp-json\/wp\/v2\/media?parent=554"}],"curies":[{"name":"wp","href":"https:\/\/api.w.org\/{rel}","templated":true}]}}