{"id":552,"date":"2018-10-11T17:42:15","date_gmt":"2018-10-11T20:42:15","guid":{"rendered":"https:\/\/www.unisantos.br\/pos\/?page_id=552"},"modified":"2023-08-14T14:07:23","modified_gmt":"2023-08-14T17:07:23","slug":"gerenciamento-de-custos-em-projetos","status":"publish","type":"page","link":"https:\/\/www.unisantos.br\/pos\/qualificacao\/gerenciamento-de-custos-em-projetos\/","title":{"rendered":"Gerenciamento de Custos em Projetos"},"content":{"rendered":"<p><strong>CARGA HOR\u00c1RIA<br \/>\n<\/strong>20 h<\/p>\n<p><strong>OBJETIVO<\/strong><br \/>\nProporcionar aos participantes conhecimento, aprofundamento e capacita\u00e7\u00e3o na \u00e1rea de Gerenciamento de Projetos, de acordo com o padr\u00e3o mundialmente aceito, consagrado e reconhecido do PMI (Project Management Institute) difundido pela publica\u00e7\u00e3o PM-BoK (Guide to Project Management Body of Knowledge), o Conhecimento em Gerenciamento de Projetos.<\/p>\n<p><strong>P\u00daBLICO-ALVO<br \/>\n<\/strong>\u2022\u00a0Profissionais que desejam aumentar sua capacita\u00e7\u00e3o na \u00e1rea de Gerenciamento de Projetos, segundo a metodologia do PMI PM-BoK;<br \/>\n\u2022\u00a0Consultores de Gerenciamento de Projetos que desejam se aprofundar na metodologia PM-BoK do PMI<\/p>\n<p><strong>CONTE\u00daDO<br \/>\n<\/strong>\u2022\u00a0Estimativa de custos<br \/>\n\u2022\u00a0Or\u00e7amenta\u00e7\u00e3o<br \/>\n\u2022\u00a0Controle de custos<br \/>\n\u2022\u00a0Metodologia Scrum aplicada a custos<\/p>\n<p><strong>OBSERVA\u00c7\u00d5ES<\/strong><br \/>\n\u2022 A Universidade se reserva o direito de alterar o cronograma e o corpo docente.<br \/>\n\u2022 Documenta\u00e7\u00e3o necess\u00e1ria: c\u00f3pias do RG, CPF.<br \/>\n\u2022 A inscri\u00e7\u00e3o presencial s\u00f3 poder\u00e1 ser efetuada pelo interessado no curso, ou por pessoa munida de procura\u00e7\u00e3o autenticada em cart\u00f3rio.<br \/>\n\u2022 A efetiva\u00e7\u00e3o da matr\u00edcula est\u00e1 condicionada ao pagamento do boleto da 1\u00aa. parcela e entrega da documenta\u00e7\u00e3o exigida.<\/p>\n","protected":false},"excerpt":{"rendered":"<p>CARGA HOR\u00c1RIA 20 h OBJETIVO Proporcionar aos participantes conhecimento, aprofundamento e capacita\u00e7\u00e3o na \u00e1rea de Gerenciamento de Projetos, de acordo [&hellip;]<\/p>\n","protected":false},"author":1,"featured_media":683,"parent":399,"menu_order":0,"comment_status":"closed","ping_status":"closed","template":"","meta":{"footnotes":""},"_links":{"self":[{"href":"https:\/\/www.unisantos.br\/pos\/wp-json\/wp\/v2\/pages\/552"}],"collection":[{"href":"https:\/\/www.unisantos.br\/pos\/wp-json\/wp\/v2\/pages"}],"about":[{"href":"https:\/\/www.unisantos.br\/pos\/wp-json\/wp\/v2\/types\/page"}],"author":[{"embeddable":true,"href":"https:\/\/www.unisantos.br\/pos\/wp-json\/wp\/v2\/users\/1"}],"replies":[{"embeddable":true,"href":"https:\/\/www.unisantos.br\/pos\/wp-json\/wp\/v2\/comments?post=552"}],"version-history":[{"count":2,"href":"https:\/\/www.unisantos.br\/pos\/wp-json\/wp\/v2\/pages\/552\/revisions"}],"predecessor-version":[{"id":5515,"href":"https:\/\/www.unisantos.br\/pos\/wp-json\/wp\/v2\/pages\/552\/revisions\/5515"}],"up":[{"embeddable":true,"href":"https:\/\/www.unisantos.br\/pos\/wp-json\/wp\/v2\/pages\/399"}],"wp:featuredmedia":[{"embeddable":true,"href":"https:\/\/www.unisantos.br\/pos\/wp-json\/wp\/v2\/media\/683"}],"wp:attachment":[{"href":"https:\/\/www.unisantos.br\/pos\/wp-json\/wp\/v2\/media?parent=552"}],"curies":[{"name":"wp","href":"https:\/\/api.w.org\/{rel}","templated":true}]}}