{"id":548,"date":"2018-10-11T17:41:40","date_gmt":"2018-10-11T20:41:40","guid":{"rendered":"https:\/\/www.unisantos.br\/pos\/?page_id=548"},"modified":"2023-08-14T13:49:04","modified_gmt":"2023-08-14T16:49:04","slug":"geotecnologias-aplicadas-a-educacao-basica","status":"publish","type":"page","link":"https:\/\/www.unisantos.br\/pos\/qualificacao\/geotecnologias-aplicadas-a-educacao-basica\/","title":{"rendered":"Geotecnologias Aplicadas \u00e0 Educa\u00e7\u00e3o B\u00e1sica"},"content":{"rendered":"<p><strong>PROFESSOR RESPONS\u00c1VEL<\/strong><br \/>\nProf. Me. Jhonnes Alberto Vaz<\/p>\n<p><strong>CARGA HOR\u00c1RIA<\/strong><br \/>\n24 h\/a<\/p>\n<p><strong>LOCAL<\/strong><br \/>\nCampus Dom Id\u00edlio Jos\u00e9 Soares<\/p>\n<p><strong>OBJETIVOS<\/strong><br \/>\nConceituar: geoprocessamento aplicado ao planejamento e gest\u00e3o urbana e regional;<br \/>\nExplorar o software <em>open source<\/em> QGIS como uma poderosa ferramenta gratuita de geoprocessamento para a gest\u00e3o e planejamento urbano e regional;<br \/>\nPromover o contato do estudante aluno, atrav\u00e9s de exemplos reais, com a manipula\u00e7\u00e3o de dados espaciais e extra\u00e7\u00e3o de informa\u00e7\u00f5es do espa\u00e7o urbano em n\u00edvel local, municipal e regional, utilizando o Geoprocessamento;<br \/>\nConhecer as fontes, nacionais e internacionais, gratuitas e propriet\u00e1rias, de dados espaciais;<br \/>\nPromover o contato do discente com o conhecimento de realizar an\u00e1lises espaciais do ambiente urbano utilizando o geoprocessamento;<br \/>\nExecutar a produ\u00e7\u00e3o de cartas e mapas tem\u00e1ticos utilizando o geoprocessamento.<\/p>\n<p><strong>P\u00daBLICO-ALVO<\/strong><br \/>\nO curso tem como p\u00fablico alvo discentes de quaisquer cursos da Universidade cat\u00f3lica de Santos, principalmente discentes de Licenciaturas, bem como profissionais da \u00e1rea da Educa\u00e7\u00e3o que tenham interesse e o objetivo de aplicar as geotecnologias na sua pr\u00e1tica cotidiana em sala de aula.<\/p>\n<p><strong>CONTE\u00daDO<\/strong><br \/>\nIntrodu\u00e7\u00e3o \u00e0s geotecnologias;<br \/>\nConceitos b\u00e1sicos de cartografia.<br \/>\nUso do software google earth para fins educacionais<br \/>\nNo\u00e7\u00f5es b\u00e1sicas de sensoriamento remoto e sistema de informa\u00e7\u00f5es geogr\u00e1ficas;<br \/>\nIntrodu\u00e7\u00e3o ao software qgis.<br \/>\nUso do software qgis na produ\u00e7\u00e3o de mapas tem\u00e1ticos para o conhecimento do espa\u00e7o geogr\u00e1fico;<br \/>\nDados vetoriais.<br \/>\nUso do software qgis na produ\u00e7\u00e3o de mapas tem\u00e1ticos para o conhecimento do espa\u00e7o geogr\u00e1fico;<br \/>\nDados matriciais.<br \/>\nUso de websig, webmapas e webatlas no ensino b\u00e1sico.<br \/>\nConceitos b\u00e1sicos sobre sat\u00e9lites e uso de gps.<br \/>\nUtiliza\u00e7\u00e3o de smartphones e tablets como ferramenta de informa\u00e7\u00f5es espaciais em sala de aula<\/p>\n<p><strong>OBSERVA\u00c7\u00d5ES<\/strong><br \/>\nA Universidade se reserva o direito de alterar o cronograma e o corpo docente.<br \/>\nDocumenta\u00e7\u00e3o necess\u00e1ria para quem n\u00e3o \u00e9 aluno da Cat\u00f3lica de Santos:\u00a0c\u00f3pias do RG, CPF, certid\u00e3o de nascimento ou casamento.<br \/>\nA inscri\u00e7\u00e3o presencial s\u00f3 poder\u00e1 ser efetuada pelo interessado no curso, ou por pessoa munida de procura\u00e7\u00e3o autenticada em cart\u00f3rio.<br \/>\nA efetiva\u00e7\u00e3o da matr\u00edcula est\u00e1 condicionada ao pagamento do boleto da 1\u00aa. parcela e entrega da documenta\u00e7\u00e3o exigida.<\/p>\n<div><strong>OUTRAS INFORMA\u00c7\u00d5ES<\/strong><\/div>\n<div>Departamento de Atendimento Integrado<\/div>\n<div>Telefones: (13) 3205-5555 \u2013 ramais 1354\/1384<\/div>\n<div>E-mail: dat@unisantos.br<\/div>\n<p>&nbsp;<\/p>\n","protected":false},"excerpt":{"rendered":"<p>PROFESSOR RESPONS\u00c1VEL Prof. Me. Jhonnes Alberto Vaz CARGA HOR\u00c1RIA 24 h\/a LOCAL Campus Dom Id\u00edlio Jos\u00e9 Soares OBJETIVOS Conceituar: geoprocessamento [&hellip;]<\/p>\n","protected":false},"author":1,"featured_media":682,"parent":399,"menu_order":0,"comment_status":"closed","ping_status":"closed","template":"","meta":{"footnotes":""},"_links":{"self":[{"href":"https:\/\/www.unisantos.br\/pos\/wp-json\/wp\/v2\/pages\/548"}],"collection":[{"href":"https:\/\/www.unisantos.br\/pos\/wp-json\/wp\/v2\/pages"}],"about":[{"href":"https:\/\/www.unisantos.br\/pos\/wp-json\/wp\/v2\/types\/page"}],"author":[{"embeddable":true,"href":"https:\/\/www.unisantos.br\/pos\/wp-json\/wp\/v2\/users\/1"}],"replies":[{"embeddable":true,"href":"https:\/\/www.unisantos.br\/pos\/wp-json\/wp\/v2\/comments?post=548"}],"version-history":[{"count":2,"href":"https:\/\/www.unisantos.br\/pos\/wp-json\/wp\/v2\/pages\/548\/revisions"}],"predecessor-version":[{"id":5492,"href":"https:\/\/www.unisantos.br\/pos\/wp-json\/wp\/v2\/pages\/548\/revisions\/5492"}],"up":[{"embeddable":true,"href":"https:\/\/www.unisantos.br\/pos\/wp-json\/wp\/v2\/pages\/399"}],"wp:featuredmedia":[{"embeddable":true,"href":"https:\/\/www.unisantos.br\/pos\/wp-json\/wp\/v2\/media\/682"}],"wp:attachment":[{"href":"https:\/\/www.unisantos.br\/pos\/wp-json\/wp\/v2\/media?parent=548"}],"curies":[{"name":"wp","href":"https:\/\/api.w.org\/{rel}","templated":true}]}}