{"id":546,"date":"2018-10-11T17:41:23","date_gmt":"2018-10-11T20:41:23","guid":{"rendered":"https:\/\/www.unisantos.br\/pos\/?page_id=546"},"modified":"2023-08-14T13:46:41","modified_gmt":"2023-08-14T16:46:41","slug":"geoprocessamento-aplicado-a-gestao-e-planejamento-urbano","status":"publish","type":"page","link":"https:\/\/www.unisantos.br\/pos\/qualificacao\/geoprocessamento-aplicado-a-gestao-e-planejamento-urbano\/","title":{"rendered":"Geoprocessamento aplicado \u00e0 Gest\u00e3o e Planejamento Urbano"},"content":{"rendered":"<p><strong>PROFESSOR RESPONS\u00c1VEL<\/strong><br \/>\nProf. Me. Jhonnes Alberto Vaz<\/p>\n<p><strong>CARGA HOR\u00c1RIA<\/strong><br \/>\n18 h\/a<\/p>\n<p><strong>LOCAL<\/strong><br \/>\nCampus Dom Id\u00edlio Jos\u00e9 Soares<\/p>\n<p><strong>OBJETIVOS<\/strong><br \/>\nExplorar os conceitos b\u00e1sicos do geoprocessamento aplicado ao planejamento e gest\u00e3o urbana e regional;<br \/>\nApresentar o software <em>open source<\/em> QGIS como uma poderosa ferramenta gratuita de geoprocessamento para a gest\u00e3o e planejamento urbano e regional;<br \/>\nPromover o contato do aluno, atrav\u00e9s de exemplos reais, com a manipula\u00e7\u00e3o de dados espaciais e extra\u00e7\u00e3o de informa\u00e7\u00f5es do espa\u00e7o urbano em n\u00edvel local, municipal e regional, utilizando o Geoprocessamento;<br \/>\nApresentar as fontes, nacionais e internacionais, gratuitas e propriet\u00e1rias, de dados espaciais;<br \/>\nPromover ao discente o conhecimento de realizar an\u00e1lises espaciais do ambiente urbano utilizando o geoprocessamento;<br \/>\nCapacitar o discente para a produ\u00e7\u00e3o de cartas e mapas tem\u00e1ticos utilizando o geoprocessamento.<\/p>\n<p><strong>P\u00daBLICO-ALVO<\/strong><br \/>\nO curso tem como p\u00fablico alvo discentes de qualquer curso da Universidade, principalmente alunos dos cursos de engenharia, arquitetura e ci\u00eancias biol\u00f3gicas, bem como profissionais que tenham interesse e o objetivo de conhecer o geoprocessamento e o software QGIS como ferramenta de gest\u00e3o e planejamento urbano.<\/p>\n<p><strong>PR\u00c9-REQUISITOS<\/strong><br \/>\nTer realizado o curso de introdu\u00e7\u00e3o ao geoprocessamento utilizando o software QGIS; ou<br \/>\nSe aluno de Ci\u00eancias Biol\u00f3gicas da Universidade Cat\u00f3lica de Santos, ter cursado e aprovado na disciplina de An\u00e1lise Espacial e Sensoriamento Remoto; ou<br \/>\nSe aluno de Arquitetura e Urbanismo da Universidade Cat\u00f3lica de Santos, ter cursado e aprovado na disciplina de Inform\u00e1tica Aplicada IV; ou<br \/>\nSe aluno de Engenharia Ambiental da Universidade Cat\u00f3lica de Santos, ter cursado e aprovado na disciplina de Sistemas de Informa\u00e7\u00f5es Geogr\u00e1ficas; ou<br \/>\nComprovar que cursou alguma disciplina ou algum outro curso de capacita\u00e7\u00e3o em geoprocessamento e com o software QGIS.<\/p>\n<p><strong>CONTE\u00daDO<\/strong><br \/>\nIntrodu\u00e7\u00e3o ao Geoprocessamento como Ferramenta para a Gest\u00e3o e Planejamento Urbano e Regional \/ Fontes de Dados Espaciais, Gratuitas e Propriet\u00e1rias.<br \/>\nMapas Tem\u00e1ticos Baseado em Regras \/ Calculadora de Campo \/ An\u00e1lise Espacial<br \/>\nNo\u00e7\u00f5es B\u00e1sicas de Sensoriamento Remoto e suas Resolu\u00e7\u00f5es \/ Aplica\u00e7\u00e3o de Dados de Sensoriamento Remoto Gest\u00e3o e Planejamento Urbano: Composi\u00e7\u00f5es Rgb Extra\u00e7\u00e3o de Mapas de Temperatura Superficial para Estudos de Ilhas de Calor<br \/>\nClassifica\u00e7\u00e3o Orientada de Imagens<br \/>\nExtra\u00e7\u00e3o de Curvas de N\u00edvel \/ Gera\u00e7\u00e3o de Modelos Digitais de Eleva\u00e7\u00e3o e Mapas de Declividade<br \/>\nSistemas de Informa\u00e7\u00f5es Geogr\u00e1ficas Municipais \u2013 Estudos do Sig Santos e do Geosampa<\/p>\n<p><strong>OBSERVA\u00c7\u00d5ES<\/strong><br \/>\nA Universidade se reserva o direito de alterar o cronograma e o corpo docente.<br \/>\nDocumenta\u00e7\u00e3o necess\u00e1ria para quem n\u00e3o \u00e9 aluno da Cat\u00f3lica de Santos:\u00a0c\u00f3pias do RG, CPF, certid\u00e3o de nascimento ou casamento.<br \/>\nA inscri\u00e7\u00e3o presencial s\u00f3 poder\u00e1 ser efetuada pelo interessado no curso, ou por pessoa munida de procura\u00e7\u00e3o autenticada em cart\u00f3rio.<br \/>\nA efetiva\u00e7\u00e3o da matr\u00edcula est\u00e1 condicionada ao pagamento do boleto da 1\u00aa. parcela e entrega da documenta\u00e7\u00e3o exigida.<\/p>\n<div><strong>OUTRAS INFORMA\u00c7\u00d5ES<\/strong><\/div>\n<div>Departamento de Atendimento Integrado<\/div>\n<div>Telefones: (13) 3205-5555 \u2013 ramais 1354\/1384<\/div>\n<div>E-mail: dat@unisantos.br<\/div>\n<p>&nbsp;<\/p>\n","protected":false},"excerpt":{"rendered":"<p>PROFESSOR RESPONS\u00c1VEL Prof. Me. Jhonnes Alberto Vaz CARGA HOR\u00c1RIA 18 h\/a LOCAL Campus Dom Id\u00edlio Jos\u00e9 Soares OBJETIVOS Explorar os [&hellip;]<\/p>\n","protected":false},"author":1,"featured_media":673,"parent":399,"menu_order":0,"comment_status":"closed","ping_status":"closed","template":"","meta":{"footnotes":""},"_links":{"self":[{"href":"https:\/\/www.unisantos.br\/pos\/wp-json\/wp\/v2\/pages\/546"}],"collection":[{"href":"https:\/\/www.unisantos.br\/pos\/wp-json\/wp\/v2\/pages"}],"about":[{"href":"https:\/\/www.unisantos.br\/pos\/wp-json\/wp\/v2\/types\/page"}],"author":[{"embeddable":true,"href":"https:\/\/www.unisantos.br\/pos\/wp-json\/wp\/v2\/users\/1"}],"replies":[{"embeddable":true,"href":"https:\/\/www.unisantos.br\/pos\/wp-json\/wp\/v2\/comments?post=546"}],"version-history":[{"count":2,"href":"https:\/\/www.unisantos.br\/pos\/wp-json\/wp\/v2\/pages\/546\/revisions"}],"predecessor-version":[{"id":5481,"href":"https:\/\/www.unisantos.br\/pos\/wp-json\/wp\/v2\/pages\/546\/revisions\/5481"}],"up":[{"embeddable":true,"href":"https:\/\/www.unisantos.br\/pos\/wp-json\/wp\/v2\/pages\/399"}],"wp:featuredmedia":[{"embeddable":true,"href":"https:\/\/www.unisantos.br\/pos\/wp-json\/wp\/v2\/media\/673"}],"wp:attachment":[{"href":"https:\/\/www.unisantos.br\/pos\/wp-json\/wp\/v2\/media?parent=546"}],"curies":[{"name":"wp","href":"https:\/\/api.w.org\/{rel}","templated":true}]}}