{"id":536,"date":"2018-10-11T17:39:07","date_gmt":"2018-10-11T20:39:07","guid":{"rendered":"https:\/\/www.unisantos.br\/pos\/?page_id=536"},"modified":"2023-08-14T13:50:37","modified_gmt":"2023-08-14T16:50:37","slug":"formacao-de-auditores-internos-sassmaq","status":"publish","type":"page","link":"https:\/\/www.unisantos.br\/pos\/qualificacao\/formacao-de-auditores-internos-sassmaq\/","title":{"rendered":"Forma\u00e7\u00e3o de Auditores Internos Sassmaq"},"content":{"rendered":"<p><strong>PROFESSORA RESPONS\u00c1VEL<\/strong><br \/>\nProf\u00aa. Dr\u00aa. Michele Leiko Uemura<\/p>\n<p><strong>CARGA HOR\u00c1RIA<\/strong><br \/>\n24 h\/a<\/p>\n<p><strong>LOCAL<\/strong><br \/>\nCampus Dom Id\u00edlio Jos\u00e9 Soares<\/p>\n<p><strong>OBJETIVOS<\/strong><br \/>\n<strong>Objetivo Geral:<\/strong><br \/>\nDesenvolver habilidades para avalia\u00e7\u00e3o dos requisitos do Sassmaq &#8211; Sistema de Avalia\u00e7\u00e3o de Sa\u00fade, Seguran\u00e7a, Meio Ambiente e Qualidade, nas organiza\u00e7\u00f5es.<br \/>\n<strong>Objetivos Espec\u00edficos:<\/strong><br \/>\nConhecer os mecanismos que possibilitam a avalia\u00e7\u00e3o do desempenho das empresas que prestam servi\u00e7os \u00e0 ind\u00fastria qu\u00edmica.<br \/>\nInterpretar e aplicar os requisitos do Sassmaq;<br \/>\nCompreender a import\u00e2ncia da homologa\u00e7\u00e3o junto \u00e0 Abiquim, para seus clientes;<br \/>\nCaracterizar as habilidades necess\u00e1rias para um eficiente Trabalho em Equipe;<br \/>\nPropor rotina para a realiza\u00e7\u00e3o de Auditorias Internas.<\/p>\n<p><strong>P\u00daBLICO-ALVO<\/strong><br \/>\nGestores e Profissionais que atuam com o Sassmaq, Profissionais de Consultoria, Especialistas em Gest\u00e3o e demais interessados, que buscam aperfei\u00e7oamento profissional<\/p>\n<p><strong>CONTE\u00daDO<\/strong><br \/>\nPrograma de Atua\u00e7\u00e3o Respons\u00e1vel \u2013 Associa\u00e7\u00e3o Brasileira da Ind\u00fastria Qu\u00edmica (Abiquim);<br \/>\nApresenta\u00e7\u00e3o do Sassmaq;<br \/>\nRequisitos Centrais e Rodovi\u00e1rios;<br \/>\nGerenciamento;<br \/>\nSSMA &#8211; Sa\u00fade, Seguran\u00e7a e Meio Ambiente;<br \/>\nEquipamentos;<br \/>\nPlanejamento e Opera\u00e7\u00f5es;<br \/>\nProte\u00e7\u00e3o Patrimonial e Confidencialidade;<br \/>\nInspe\u00e7\u00e3o no Local;<br \/>\nProcesso de Avalia\u00e7\u00e3o &#8211; pontua\u00e7\u00e3o;<br \/>\nLegisla\u00e7\u00e3o aplic\u00e1vel ao Transporte de Produtos Perigosos;<br \/>\nTrabalhos em Equipe &#8211; Estudos de Casos<br \/>\nT\u00e9cnicas de Auditoria Introdu\u00e7\u00e3o a NBR ISO 19011:2012;<br \/>\nTerminologia das Auditorias;<br \/>\nClassifica\u00e7\u00e3o das Auditorias Ambientais;<br \/>\nGest\u00e3o de Programas de Auditorias;<br \/>\nPlanejamento das Auditorias;<br \/>\nExecu\u00e7\u00e3o e Relato das Auditorias;<br \/>\nDeclara\u00e7\u00e3o de N\u00e3o conformidades e implementa\u00e7\u00e3o de a\u00e7\u00f5es corretivas;<br \/>\nQualifica\u00e7\u00e3o dos auditores;<br \/>\nT\u00e9cnicas de condu\u00e7\u00e3o de auditorias;<br \/>\nSimula\u00e7\u00e3o de Auditoria Ambiental.<\/p>\n<p><strong>OBSERVA\u00c7\u00d5ES<\/strong><br \/>\nA Universidade se reserva o direito de alterar o cronograma e o corpo docente.<br \/>\nDocumenta\u00e7\u00e3o necess\u00e1ria para quem n\u00e3o \u00e9 aluno da Cat\u00f3lica de Santos:\u00a0c\u00f3pias do RG, CPF, certid\u00e3o de nascimento ou casamento.<br \/>\nA inscri\u00e7\u00e3o presencial s\u00f3 poder\u00e1 ser efetuada pelo interessado no curso, ou por pessoa munida de procura\u00e7\u00e3o autenticada em cart\u00f3rio.<br \/>\nA efetiva\u00e7\u00e3o da matr\u00edcula est\u00e1 condicionada ao pagamento do boleto da 1\u00aa. parcela e entrega da documenta\u00e7\u00e3o exigida.<\/p>\n<div><strong>OUTRAS INFORMA\u00c7\u00d5ES<\/strong><\/div>\n<div>Departamento de Atendimento Integrado<\/div>\n<div>Telefones: (13) 3205-5555 \u2013 ramais 1354\/1384<\/div>\n<div>E-mail: dat@unisantos.br<\/div>\n","protected":false},"excerpt":{"rendered":"<p>PROFESSORA RESPONS\u00c1VEL Prof\u00aa. Dr\u00aa. Michele Leiko Uemura CARGA HOR\u00c1RIA 24 h\/a LOCAL Campus Dom Id\u00edlio Jos\u00e9 Soares OBJETIVOS Objetivo Geral: [&hellip;]<\/p>\n","protected":false},"author":1,"featured_media":675,"parent":399,"menu_order":0,"comment_status":"closed","ping_status":"closed","template":"","meta":{"footnotes":""},"_links":{"self":[{"href":"https:\/\/www.unisantos.br\/pos\/wp-json\/wp\/v2\/pages\/536"}],"collection":[{"href":"https:\/\/www.unisantos.br\/pos\/wp-json\/wp\/v2\/pages"}],"about":[{"href":"https:\/\/www.unisantos.br\/pos\/wp-json\/wp\/v2\/types\/page"}],"author":[{"embeddable":true,"href":"https:\/\/www.unisantos.br\/pos\/wp-json\/wp\/v2\/users\/1"}],"replies":[{"embeddable":true,"href":"https:\/\/www.unisantos.br\/pos\/wp-json\/wp\/v2\/comments?post=536"}],"version-history":[{"count":3,"href":"https:\/\/www.unisantos.br\/pos\/wp-json\/wp\/v2\/pages\/536\/revisions"}],"predecessor-version":[{"id":5498,"href":"https:\/\/www.unisantos.br\/pos\/wp-json\/wp\/v2\/pages\/536\/revisions\/5498"}],"up":[{"embeddable":true,"href":"https:\/\/www.unisantos.br\/pos\/wp-json\/wp\/v2\/pages\/399"}],"wp:featuredmedia":[{"embeddable":true,"href":"https:\/\/www.unisantos.br\/pos\/wp-json\/wp\/v2\/media\/675"}],"wp:attachment":[{"href":"https:\/\/www.unisantos.br\/pos\/wp-json\/wp\/v2\/media?parent=536"}],"curies":[{"name":"wp","href":"https:\/\/api.w.org\/{rel}","templated":true}]}}