{"id":534,"date":"2018-10-11T17:38:38","date_gmt":"2018-10-11T20:38:38","guid":{"rendered":"https:\/\/www.unisantos.br\/pos\/?page_id=534"},"modified":"2021-09-28T18:27:58","modified_gmt":"2021-09-28T21:27:58","slug":"formacao-de-auditores-internos-ohsas-180012007","status":"publish","type":"page","link":"https:\/\/www.unisantos.br\/pos\/qualificacao\/formacao-de-auditores-internos-ohsas-180012007\/","title":{"rendered":"Forma\u00e7\u00e3o de Auditores Internos OHSAS 18001:2007"},"content":{"rendered":"<p><strong>OBJETIVOS<\/strong><br \/>\nCapacitar os profissionais a:<br \/>\nInterpretar corretamente os requisitos da norma OHSAS 18001:2007;<br \/>\nPlanejar, executar e relatar auditorias internas do Sistema de Gest\u00e3o de Seguran\u00e7a do Trabalho e Sa\u00fade Ocupacional;<br \/>\nDesenvolver habilidades para a realiza\u00e7\u00e3o de auditorias, baseado nos crit\u00e9rios da Norma NBR ISO 19011;<br \/>\nDesenvolver habilidades de trabalho em equipe.<\/p>\n<p><strong>P\u00daBLICO-ALVO<\/strong><br \/>\nGestores e profissionais que atuam no de Sistema de Gest\u00e3o, profissionais de consultoria, especialistas em gest\u00e3o e demais interessados que buscam aperfei\u00e7oamento profissional.<\/p>\n<p><strong>CONTE\u00daDO<\/strong><br \/>\nRevis\u00e3o dos Requisitos da Norma OHSAS 18001:<br \/>\nConceitos relativos a sa\u00fade e seguran\u00e7a do trabalho;<br \/>\nObjetivos e campo de aplica\u00e7\u00e3o da OHSAS 18001:07;<br \/>\nDescri\u00e7\u00e3o dos requisitos da OHSAS 18001:07;<br \/>\nRequisitos Gerais; Pol\u00edtica SSO;<br \/>\nIdentifica\u00e7\u00e3o de Perigos, Classifica\u00e7\u00e3o de Riscos e Medidas de Controle;<br \/>\nRequisitos Legais e Outros Subscritos;<br \/>\nObjetivos, Metas e Programas;<br \/>\nFun\u00e7\u00f5es, Presta\u00e7\u00e3o de Contas, Responsabilidades, Autoridades e Recursos;<br \/>\nCompet\u00eancia, Treinamento e Conscientiza\u00e7\u00e3o;<br \/>\nComunica\u00e7\u00e3o e Consulta;<br \/>\nDocumenta\u00e7\u00e3o e Controle de Documentos;<br \/>\nControle Operacional;<br \/>\nPrepara\u00e7\u00e3o e Resposta a Emerg\u00eancias;<br \/>\nMonitoramento e Medi\u00e7\u00e3o;<br \/>\nMonitoramento do Atendimento aos Requisitos Legais;<br \/>\nN\u00e3o Conformidades, Incidentes, A\u00e7\u00f5es Corretivas e Preventivas;<br \/>\nControle de registros;<br \/>\nAuditoria Interna;<br \/>\nAn\u00e1lise cr\u00edtica da Dire\u00e7\u00e3o;<br \/>\nT\u00e9cnicas de Auditoria: Apresenta\u00e7\u00e3o dos requisitos da NBR ISO 19011;<br \/>\nTerminologia das auditorias;<br \/>\nClassifica\u00e7\u00e3o das auditorias;<br \/>\nGest\u00e3o de programas de auditorias;<br \/>\nPlanejamento das auditorias;<br \/>\nExecu\u00e7\u00e3o e relato das auditorias;<br \/>\nN\u00e3o conformidades e a\u00e7\u00f5es corretivas;<br \/>\nQualifica\u00e7\u00e3o dos auditores;<br \/>\nT\u00e9cnicas de condu\u00e7\u00e3o de auditorias;<br \/>\nAspectos comportamentais;<br \/>\nUso de investiga\u00e7\u00e3o e an\u00e1lise de incidentes como forma de aprendizado individual e coletivo nas organiza\u00e7\u00f5es;<br \/>\nAbordagem sist\u00eamica no processo de investiga\u00e7\u00e3o e an\u00e1lise como parte da cultura organizacional;<br \/>\nTerminologia \u2013 defini\u00e7\u00f5es e classifica\u00e7\u00f5es de incidentes conforme a legisla\u00e7\u00e3o e sistemas normativos de gest\u00e3o da seguran\u00e7a e da sa\u00fade ocupacional;<br \/>\nAprendendo a fazer a an\u00e1lise comportamental;<br \/>\nO que s\u00e3o fatores humanos no trabalho;<br \/>\nReduzindo os erros e influenciando os comportamentos;<br \/>\nFerramentas na investiga\u00e7\u00e3o e na an\u00e1lise de incidentes do trabalho;<br \/>\nSistema de Comunica\u00e7\u00e3o e Tratativas Sist\u00eamicas;<br \/>\nO ritual na investiga\u00e7\u00e3o de um incidente: A\u00e7\u00f5es anteriores \u00e0 investiga\u00e7\u00e3o;<br \/>\nDefini\u00e7\u00e3o do grupo de investiga\u00e7\u00e3o do incidente;<br \/>\nColeta de dados;<br \/>\nObserva\u00e7\u00f5es e entrevistas eficazes;<br \/>\nCompila\u00e7\u00e3o de dados;<br \/>\nAn\u00e1lise de dados o Condu\u00e7\u00e3o da An\u00e1lise das Causas B\u00e1sicas \/ Raiz;<br \/>\nElabora\u00e7\u00e3o das Medidas de Controle e Melhoria dos Sistemas;<br \/>\nEmiss\u00e3o do Relat\u00f3rio;<br \/>\nA\u00e7\u00f5es p\u00f3s-investiga\u00e7\u00e3o;<\/p>\n<p><strong>OBSERVA\u00c7\u00d5ES<\/strong><br \/>\nA Universidade se reserva o direito de alterar o cronograma e o corpo docente.<br \/>\nDocumenta\u00e7\u00e3o necess\u00e1ria para quem n\u00e3o \u00e9 aluno da Cat\u00f3lica de Santos:\u00a0c\u00f3pias do RG, CPF, certid\u00e3o de nascimento ou casamento.<br \/>\nA inscri\u00e7\u00e3o presencial s\u00f3 poder\u00e1 ser efetuada pelo interessado no curso, ou por pessoa munida de procura\u00e7\u00e3o autenticada em cart\u00f3rio.<br \/>\nA efetiva\u00e7\u00e3o da matr\u00edcula est\u00e1 condicionada ao pagamento do boleto da 1\u00aa. parcela e entrega da documenta\u00e7\u00e3o exigida.<\/p>\n<div><strong>OUTRAS INFORMA\u00c7\u00d5ES<\/strong><\/div>\n<div>Departamento de Atendimento Integrado<\/div>\n<div>Telefones: (13) 3205-5555 \u2013 ramais 1354\/1384<\/div>\n<div>E-mail: dat@unisantos.br<\/div>\n","protected":false},"excerpt":{"rendered":"<p>OBJETIVOS Capacitar os profissionais a: Interpretar corretamente os requisitos da norma OHSAS 18001:2007; Planejar, executar e relatar auditorias internas do [&hellip;]<\/p>\n","protected":false},"author":1,"featured_media":686,"parent":399,"menu_order":0,"comment_status":"closed","ping_status":"closed","template":"","meta":{"footnotes":""},"_links":{"self":[{"href":"https:\/\/www.unisantos.br\/pos\/wp-json\/wp\/v2\/pages\/534"}],"collection":[{"href":"https:\/\/www.unisantos.br\/pos\/wp-json\/wp\/v2\/pages"}],"about":[{"href":"https:\/\/www.unisantos.br\/pos\/wp-json\/wp\/v2\/types\/page"}],"author":[{"embeddable":true,"href":"https:\/\/www.unisantos.br\/pos\/wp-json\/wp\/v2\/users\/1"}],"replies":[{"embeddable":true,"href":"https:\/\/www.unisantos.br\/pos\/wp-json\/wp\/v2\/comments?post=534"}],"version-history":[{"count":2,"href":"https:\/\/www.unisantos.br\/pos\/wp-json\/wp\/v2\/pages\/534\/revisions"}],"predecessor-version":[{"id":4002,"href":"https:\/\/www.unisantos.br\/pos\/wp-json\/wp\/v2\/pages\/534\/revisions\/4002"}],"up":[{"embeddable":true,"href":"https:\/\/www.unisantos.br\/pos\/wp-json\/wp\/v2\/pages\/399"}],"wp:featuredmedia":[{"embeddable":true,"href":"https:\/\/www.unisantos.br\/pos\/wp-json\/wp\/v2\/media\/686"}],"wp:attachment":[{"href":"https:\/\/www.unisantos.br\/pos\/wp-json\/wp\/v2\/media?parent=534"}],"curies":[{"name":"wp","href":"https:\/\/api.w.org\/{rel}","templated":true}]}}