{"id":532,"date":"2018-10-11T17:38:16","date_gmt":"2018-10-11T20:38:16","guid":{"rendered":"https:\/\/www.unisantos.br\/pos\/?page_id=532"},"modified":"2023-08-14T13:50:19","modified_gmt":"2023-08-14T16:50:19","slug":"formacao-de-auditores-internos-de-sgi","status":"publish","type":"page","link":"https:\/\/www.unisantos.br\/pos\/qualificacao\/formacao-de-auditores-internos-de-sgi\/","title":{"rendered":"Forma\u00e7\u00e3o de Auditores Internos de SGI"},"content":{"rendered":"<p><strong>PROFESSORA RESPONS\u00c1VEL<\/strong><br \/>\nProf\u00aa. Dr\u00aa. Michele Leiko Uemura<\/p>\n<p><strong>CARGA HOR\u00c1RIA<\/strong><br \/>\n32 h\/a<\/p>\n<p><strong>LOCAL<\/strong><br \/>\nCampus Dom Id\u00edlio Jos\u00e9 Soares<\/p>\n<p><strong>OBJETIVOS<\/strong><br \/>\n<strong>Objetivo Geral: <\/strong><br \/>\nDesenvolver habilidades para a realiza\u00e7\u00e3o de Auditorias Integradas, baseadas nos crit\u00e9rios da Norma ISO 19011:2012.<br \/>\n<strong>Objetivos Espec\u00edficos:<\/strong><br \/>\nDiferenciar os conceitos de legisla\u00e7\u00e3o ambiental e de seguran\u00e7a e sa\u00fade ocupacional;<br \/>\nIdentificar, priorizar e gerenciar os riscos ambientais;<br \/>\nPlanejar, executar e produzir relat\u00f3rios sobre Auditorias Internas, no Sistema de Gest\u00e3o Integrado (Ambiental, da Qualidade e da Seguran\u00e7a e Sa\u00fade Ocupacional)<\/p>\n<p><strong>P\u00daBLICO-ALVO<\/strong><br \/>\nGestores e profissionais que atuam no Sistema de Gest\u00e3o Integrado, Profissionais de Consultoria, Especialistas em Gest\u00e3o e demais interessados que buscam Aperfei\u00e7oamento Profissional.<\/p>\n<p><strong>CONTE\u00daDO<\/strong><br \/>\nApresenta\u00e7\u00e3o das Normas e Legisla\u00e7\u00f5es aplic\u00e1veis: Terminologias, conceitos e defini\u00e7\u00f5es aplic\u00e1veis \u00e0 Qualidade, Meio Ambiente e Sa\u00fade e Seguran\u00e7a Ocupacional;<br \/>\nRequisitos e Objetivos das normas ISO 9001:2008, ISO 14001:2004 e OHSAS 18001:2007;<br \/>\nPrioridades Ambientais Mundiais;<br \/>\nPrinc\u00edpios B\u00e1sicos do Direito Ambiental;<br \/>\nLegisla\u00e7\u00e3o Ambiental Brasileira;<br \/>\nHist\u00f3rico da legisla\u00e7\u00e3o de SSO Brasil;<br \/>\nNormas regulamentadoras &#8211; aplica\u00e7\u00e3o;<br \/>\nTrabalhos em equipe &#8211; estudos de casos.<\/p>\n<p><strong>OBSERVA\u00c7\u00d5ES<\/strong><br \/>\nA Universidade se reserva o direito de alterar o cronograma e o corpo docente.<br \/>\nDocumenta\u00e7\u00e3o necess\u00e1ria para quem n\u00e3o \u00e9 aluno da Cat\u00f3lica de Santos: c\u00f3pias do RG, CPF, certid\u00e3o de nascimento ou casamento.<br \/>\nA inscri\u00e7\u00e3o presencial s\u00f3 poder\u00e1 ser efetuada pelo interessado no curso, ou por pessoa munida de procura\u00e7\u00e3o autenticada em cart\u00f3rio.<br \/>\nA efetiva\u00e7\u00e3o da matr\u00edcula est\u00e1 condicionada ao pagamento do boleto da 1\u00aa. parcela e entrega da documenta\u00e7\u00e3o exigida.<\/p>\n<div><strong>OUTRAS INFORMA\u00c7\u00d5ES<\/strong><\/div>\n<div>Departamento de Atendimento Integrado<\/div>\n<div>Telefones: (13) 3205-5555 \u2013 ramais 1354\/1384<\/div>\n<div>E-mail: dat@unisantos.br<\/div>\n<p>&nbsp;<\/p>\n","protected":false},"excerpt":{"rendered":"<p>PROFESSORA RESPONS\u00c1VEL Prof\u00aa. Dr\u00aa. Michele Leiko Uemura CARGA HOR\u00c1RIA 32 h\/a LOCAL Campus Dom Id\u00edlio Jos\u00e9 Soares OBJETIVOS Objetivo Geral: [&hellip;]<\/p>\n","protected":false},"author":1,"featured_media":675,"parent":399,"menu_order":0,"comment_status":"closed","ping_status":"closed","template":"","meta":{"footnotes":""},"_links":{"self":[{"href":"https:\/\/www.unisantos.br\/pos\/wp-json\/wp\/v2\/pages\/532"}],"collection":[{"href":"https:\/\/www.unisantos.br\/pos\/wp-json\/wp\/v2\/pages"}],"about":[{"href":"https:\/\/www.unisantos.br\/pos\/wp-json\/wp\/v2\/types\/page"}],"author":[{"embeddable":true,"href":"https:\/\/www.unisantos.br\/pos\/wp-json\/wp\/v2\/users\/1"}],"replies":[{"embeddable":true,"href":"https:\/\/www.unisantos.br\/pos\/wp-json\/wp\/v2\/comments?post=532"}],"version-history":[{"count":3,"href":"https:\/\/www.unisantos.br\/pos\/wp-json\/wp\/v2\/pages\/532\/revisions"}],"predecessor-version":[{"id":5496,"href":"https:\/\/www.unisantos.br\/pos\/wp-json\/wp\/v2\/pages\/532\/revisions\/5496"}],"up":[{"embeddable":true,"href":"https:\/\/www.unisantos.br\/pos\/wp-json\/wp\/v2\/pages\/399"}],"wp:featuredmedia":[{"embeddable":true,"href":"https:\/\/www.unisantos.br\/pos\/wp-json\/wp\/v2\/media\/675"}],"wp:attachment":[{"href":"https:\/\/www.unisantos.br\/pos\/wp-json\/wp\/v2\/media?parent=532"}],"curies":[{"name":"wp","href":"https:\/\/api.w.org\/{rel}","templated":true}]}}