{"id":530,"date":"2018-10-11T17:37:54","date_gmt":"2018-10-11T20:37:54","guid":{"rendered":"https:\/\/www.unisantos.br\/pos\/?page_id=530"},"modified":"2023-08-14T13:50:05","modified_gmt":"2023-08-14T16:50:05","slug":"engenharia-e-quimica-verde-em-processos-produtivos","status":"publish","type":"page","link":"https:\/\/www.unisantos.br\/pos\/qualificacao\/engenharia-e-quimica-verde-em-processos-produtivos\/","title":{"rendered":"Engenharia e Qu\u00edmica Verde em Processos Produtivos"},"content":{"rendered":"<p><strong>PROFESSOR RESPONS\u00c1VEL<\/strong><br \/>\nProf. Me. Marco Antonio Cismeiro Bumba<\/p>\n<p><strong>CARGA HOR\u00c1RIA<\/strong><br \/>\n8 h\/a<\/p>\n<p><strong>LOCAL<\/strong><br \/>\nCampus Dom Id\u00edlio Jos\u00e9 Soares<\/p>\n<p><strong>OBJETIVOS<\/strong><br \/>\n<strong>Objetivo Geral:<\/strong><br \/>\nDesenvolver compet\u00eancia especial relacionada aos processos de produ\u00e7\u00e3o, envolvendo conceitos de Qu\u00edmica Verde e Engenharia Verde.<br \/>\n<strong>Objetivos Espec\u00edficos:<\/strong><br \/>\nRefletir a partir da correla\u00e7\u00e3o entre processos industriais e outros setores de produ\u00e7\u00e3o e presta\u00e7\u00e3o de servi\u00e7os;<br \/>\nAnalisar a partir do conceito de sustentabilidade as a\u00e7\u00f5es a serem empreendidas em seu cotidiano de trabalho;<br \/>\nPropor, a partir do material dos Estudos de Caso, a\u00e7\u00f5es que se valham de log\u00edstica reversa e desenvolvimento sustent\u00e1vel.<\/p>\n<p><strong>P\u00daBLICO-ALVO<\/strong><br \/>\nO curso apresenta como p\u00fablico-alvo estudantes de diferentes cursos da Universidade, principalmente Engenharias de Produ\u00e7\u00e3o e Ambiental, e tamb\u00e9m graduandos em Qu\u00edmica Tecnol\u00f3gica. Profissionais do mercado que apresentem interesse em conhecer processos de produ\u00e7\u00e3o aliados aos conceitos de Engenharia Verde e Qu\u00edmica Verde.<\/p>\n<p><strong>CONTE\u00daDO<\/strong><br \/>\nConceitos de Polui\u00e7\u00e3o Natural e Antropog\u00eanica<br \/>\nPrincipais poluentes industriais<br \/>\nPrincipais problemas ambientais<br \/>\nFontes renov\u00e1veis de energia e combust\u00edveis alternativos<br \/>\n\u00c1gua de reuso<br \/>\nDestino do lixo e seus principais poluentes<br \/>\nMetais pesados e Diretiva RoHS<br \/>\nLog\u00edstica Reversa<br \/>\nTecnologia da Produ\u00e7\u00e3o Limpa<br \/>\nReciclagem e os 5 R\u2019s<br \/>\nPrinc\u00edpios da Qu\u00edmica Verde<br \/>\nPrinc\u00edpios da Engenharia Verde<br \/>\nEstudo de Casos.<\/p>\n<p><strong>OBSERVA\u00c7\u00d5ES<\/strong><br \/>\nA Universidade se reserva o direito de alterar o cronograma e o corpo docente.<br \/>\nDocumenta\u00e7\u00e3o necess\u00e1ria para quem n\u00e3o \u00e9 aluno da Cat\u00f3lica de Santos: c\u00f3pias do RG, CPF, certid\u00e3o de nascimento ou casamento.<br \/>\nA inscri\u00e7\u00e3o presencial s\u00f3 poder\u00e1 ser efetuada pelo interessado no curso, ou por pessoa munida de procura\u00e7\u00e3o autenticada em cart\u00f3rio.<br \/>\nA efetiva\u00e7\u00e3o da matr\u00edcula est\u00e1 condicionada ao pagamento do boleto da 1\u00aa. parcela e entrega da documenta\u00e7\u00e3o exigida.<\/p>\n<div><strong>OUTRAS INFORMA\u00c7\u00d5ES<\/strong><\/div>\n<div>Departamento de Atendimento Integrado<\/div>\n<div>Telefones: (13) 3205-5555 \u2013 ramais 1354\/1384<\/div>\n<div>E-mail: dat@unisantos.br<\/div>\n","protected":false},"excerpt":{"rendered":"<p>PROFESSOR RESPONS\u00c1VEL Prof. Me. Marco Antonio Cismeiro Bumba CARGA HOR\u00c1RIA 8 h\/a LOCAL Campus Dom Id\u00edlio Jos\u00e9 Soares OBJETIVOS Objetivo [&hellip;]<\/p>\n","protected":false},"author":1,"featured_media":675,"parent":399,"menu_order":0,"comment_status":"closed","ping_status":"closed","template":"","meta":{"footnotes":""},"_links":{"self":[{"href":"https:\/\/www.unisantos.br\/pos\/wp-json\/wp\/v2\/pages\/530"}],"collection":[{"href":"https:\/\/www.unisantos.br\/pos\/wp-json\/wp\/v2\/pages"}],"about":[{"href":"https:\/\/www.unisantos.br\/pos\/wp-json\/wp\/v2\/types\/page"}],"author":[{"embeddable":true,"href":"https:\/\/www.unisantos.br\/pos\/wp-json\/wp\/v2\/users\/1"}],"replies":[{"embeddable":true,"href":"https:\/\/www.unisantos.br\/pos\/wp-json\/wp\/v2\/comments?post=530"}],"version-history":[{"count":2,"href":"https:\/\/www.unisantos.br\/pos\/wp-json\/wp\/v2\/pages\/530\/revisions"}],"predecessor-version":[{"id":5495,"href":"https:\/\/www.unisantos.br\/pos\/wp-json\/wp\/v2\/pages\/530\/revisions\/5495"}],"up":[{"embeddable":true,"href":"https:\/\/www.unisantos.br\/pos\/wp-json\/wp\/v2\/pages\/399"}],"wp:featuredmedia":[{"embeddable":true,"href":"https:\/\/www.unisantos.br\/pos\/wp-json\/wp\/v2\/media\/675"}],"wp:attachment":[{"href":"https:\/\/www.unisantos.br\/pos\/wp-json\/wp\/v2\/media?parent=530"}],"curies":[{"name":"wp","href":"https:\/\/api.w.org\/{rel}","templated":true}]}}