{"id":5283,"date":"2023-03-14T19:12:47","date_gmt":"2023-03-14T22:12:47","guid":{"rendered":"https:\/\/www.unisantos.br\/pos\/?page_id=5283"},"modified":"2023-05-10T12:01:29","modified_gmt":"2023-05-10T15:01:29","slug":"fe-e-razao-segundo-sao-tomas-de-aquino","status":"publish","type":"page","link":"https:\/\/www.unisantos.br\/pos\/qualificacao\/fe-e-razao-segundo-sao-tomas-de-aquino\/","title":{"rendered":"F\u00e9 e Raz\u00e3o Segundo S\u00e3o Tom\u00e1s de Aquino"},"content":{"rendered":"<p><strong>PROFESSOR RESPONS\u00c1VEL<\/strong><br \/>\nProf. Dr. Bernardo Veiga de Oliveira Alves<\/p>\n<p><strong>CARGA HOR\u00c1RIA<\/strong><br \/>\n12 h\/a<\/p>\n<p><strong>LOCAL<br \/>\n<\/strong>Campus Dom Id\u00edlio Jos\u00e9 Soares<\/p>\n<p><strong>OBJETIVO<\/strong><br \/>\n&#8211; Conhecer as bases da proposta de S\u00e3o Tom\u00e1s de harmonia entre f\u00e9 a raz\u00e3o;<br \/>\n&#8211; Estimular a amplitude de uma raz\u00e3o aberta ao ser e n\u00e3o fechada em um materialismo<br \/>\ncontr\u00e1rio \u00e0 f\u00e9;<br \/>\n&#8211; Aumentar o di\u00e1logo entre a filosofia medieval e a teologia revelada;<br \/>\n&#8211; Introduzir o aluno na originalidade do pensamento medieval do Aquinate;<br \/>\n&#8211; Diminuir os preconceitos contra o pensamento medieval.<\/p>\n<p><strong>P\u00daBLICO-ALVO<\/strong><br \/>\nEstudantes de Filosofia, Teologia e gradua\u00e7\u00e3o em Ci\u00eancias Humanas em geral; seminaristas e pessoas que desejam se aprofundar na f\u00e9 e na raz\u00e3o, segundo o pensamento de Santo Tom\u00e1s de Aquino<\/p>\n<p><strong>CONTE\u00daDO<\/strong><br \/>\nA raz\u00e3o aberta ao ser real<br \/>\nA filosofia e a teologia natural<br \/>\nA gra\u00e7a<br \/>\nA f\u00e9<br \/>\nOs fundamentos da teologia revelada<br \/>\nA teologia revelada<\/p>\n<p><strong>OBSERVA\u00c7\u00d5ES<\/strong><br \/>\nA Universidade se reserva o direito de alterar o cronograma e o corpo docente.<br \/>\nDocumenta\u00e7\u00e3o necess\u00e1ria para quem n\u00e3o \u00e9 aluno da Cat\u00f3lica de Santos: c\u00f3pias do RG, CPF, certid\u00e3o de nascimento ou casamento.<br \/>\nA inscri\u00e7\u00e3o presencial s\u00f3 poder\u00e1 ser efetuada pelo interessado no curso, ou por pessoa munida de procura\u00e7\u00e3o autenticada em cart\u00f3rio.<br \/>\nA efetiva\u00e7\u00e3o da matr\u00edcula est\u00e1 condicionada ao pagamento do boleto da 1\u00aa. parcela e entrega da documenta\u00e7\u00e3o exigida.<\/p>\n<p><strong>OUTRAS INFORMA\u00c7\u00d5ES<\/strong><br \/>\nDepartamento de Atendimento Integrado<br \/>\nTelefone: (13) 3205-5555<br \/>\nE-mail: dat@unisantos.br<\/p>\n","protected":false},"excerpt":{"rendered":"<p>PROFESSOR RESPONS\u00c1VEL Prof. Dr. Bernardo Veiga de Oliveira Alves CARGA HOR\u00c1RIA 12 h\/a LOCAL Campus Dom Id\u00edlio Jos\u00e9 Soares OBJETIVO [&hellip;]<\/p>\n","protected":false},"author":1,"featured_media":0,"parent":399,"menu_order":0,"comment_status":"closed","ping_status":"closed","template":"","meta":{"footnotes":""},"_links":{"self":[{"href":"https:\/\/www.unisantos.br\/pos\/wp-json\/wp\/v2\/pages\/5283"}],"collection":[{"href":"https:\/\/www.unisantos.br\/pos\/wp-json\/wp\/v2\/pages"}],"about":[{"href":"https:\/\/www.unisantos.br\/pos\/wp-json\/wp\/v2\/types\/page"}],"author":[{"embeddable":true,"href":"https:\/\/www.unisantos.br\/pos\/wp-json\/wp\/v2\/users\/1"}],"replies":[{"embeddable":true,"href":"https:\/\/www.unisantos.br\/pos\/wp-json\/wp\/v2\/comments?post=5283"}],"version-history":[{"count":6,"href":"https:\/\/www.unisantos.br\/pos\/wp-json\/wp\/v2\/pages\/5283\/revisions"}],"predecessor-version":[{"id":5381,"href":"https:\/\/www.unisantos.br\/pos\/wp-json\/wp\/v2\/pages\/5283\/revisions\/5381"}],"up":[{"embeddable":true,"href":"https:\/\/www.unisantos.br\/pos\/wp-json\/wp\/v2\/pages\/399"}],"wp:attachment":[{"href":"https:\/\/www.unisantos.br\/pos\/wp-json\/wp\/v2\/media?parent=5283"}],"curies":[{"name":"wp","href":"https:\/\/api.w.org\/{rel}","templated":true}]}}