{"id":528,"date":"2018-10-11T17:37:03","date_gmt":"2018-10-11T20:37:03","guid":{"rendered":"https:\/\/www.unisantos.br\/pos\/?page_id=528"},"modified":"2023-08-14T14:07:02","modified_gmt":"2023-08-14T17:07:02","slug":"empreendedorismo","status":"publish","type":"page","link":"https:\/\/www.unisantos.br\/pos\/qualificacao\/empreendedorismo\/","title":{"rendered":"Empreendedorismo"},"content":{"rendered":"<p><b>PROFESSOR RESPONS\u00c1VEL<br \/>\n<\/b>Prof. Me. Jo\u00e3o Alfredo Carvalho Rodrigues Gon\u00e7alves<\/p>\n<p><b>CARGA HOR\u00c1RIA<br \/>\n<\/b>60 h\/a &#8211; 51 h\/a presenciais e 9 h\/a na modalidade EAD<\/p>\n<p><b>LOCAL<br \/>\n<\/b>Campus Dom Id\u00edlio Jos\u00e9 Soares<b>\u00a0<\/b><\/p>\n<p><b>OBJETIVO<br \/>\n<\/b>Proporcionar ao aluno a <i>\u201cEduca\u00e7\u00e3o Empreendedora\u201d<\/i> proposta pelo Sebrae, que visa &#8220;uma ressignifica\u00e7\u00e3o das pr\u00e1ticas de aprendizagem, de forma a considerar os seguintes fundamentos: a autonomia para aprender, o desenvolvimento de atributos e atitudes essenciais, buscando incentivar a compet\u00eancia na ger\u00eancia de sua vida pessoal, profissional e social\u201d (Sebrae, 2013, p.7)<\/p>\n<p><b>P\u00daBLICO-ALVO<br \/>\n<\/b>Estudantes da Universidade Cat\u00f3lica de Santos e o p\u00fablico em geral<b>\u00a0<\/b><\/p>\n<p><b>CONTE\u00daDO<br \/>\n<\/b><b>M\u00f3dulo 1 &#8211; <\/b><b>O Empreendedor: <i>Empreendedorismo e Caracter\u00edsticas do Comportamento Empreendedor<br \/>\n<\/i><\/b>Introdu\u00e7\u00e3o ao tema Empreendedorismo;<br \/>\nHist\u00f3rico do Empreendedorismo;<br \/>\nPrincipais te\u00f3ricos do empreendedorismo;<br \/>\nO Papel dos empreendedores na sociedade;<br \/>\nMotiva\u00e7\u00e3o: o que leva as pessoas agirem em determinada dire\u00e7\u00e3o;<br \/>\nCaracter\u00edsticas do comportamento empreendedor;<br \/>\nAvalia\u00e7\u00e3o de perfil empreendedor;<br \/>\nEmpreender na busca de solu\u00e7\u00f5es;<br \/>\nDefini\u00e7\u00e3o de metas;<br \/>\nA\u00e7\u00e3o empreendedora orientada para resultados<br \/>\nAbordagem Geral do M\u00f3dulo 1.<\/p>\n<p><b>M\u00f3dulo 2 \u2013 O empreendedor e as oportunidades: <i>An\u00e1lise do mercado e identifica\u00e7\u00e3o de oportunidades<br \/>\n<\/i><\/b>Ideias e identifica\u00e7\u00e3o de oportunidades;<br \/>\nMercado: conceitos b\u00e1sicos;<br \/>\nComunica\u00e7\u00e3o e negocia\u00e7\u00e3o no contexto empreendedor;<br \/>\nInova\u00e7\u00e3o, coopera\u00e7\u00e3o e sustentabilidade: demandas da sociedade e outras tend\u00eancias;<br \/>\nIdentifica\u00e7\u00e3o de oportunidades na pr\u00e1tica;<br \/>\nDefini\u00e7\u00e3o de oportunidade de neg\u00f3cio;<br \/>\nAn\u00e1lise de Ambiente interno e externo;<br \/>\nA import\u00e2ncia do Planejamento Empreendedor \u2013 introdu\u00e7\u00e3o ao Plano de Neg\u00f3cios;<br \/>\nAbordagem Geral do M\u00f3dulo 2.<\/p>\n<p><b>M\u00f3dulo 3 \u2013 Plano de Neg\u00f3cios: <i>Passo a passo para a realiza\u00e7\u00e3o de um Plano de Neg\u00f3cios<br \/>\n<\/i><\/b>Manual para Instala\u00e7\u00e3o do Programa do Plano de Neg\u00f3cios;<br \/>\nManual para Opera\u00e7\u00f5es no Programa do Plano de Neg\u00f3cios;<br \/>\nPlano de Neg\u00f3cios: o que \u00e9, por que fazer e principais etapas;<br \/>\nElabora\u00e7\u00e3o de um Plano de Neg\u00f3cios: etapas Planejamento Operacional e Planejamento Financeiro (etapas 4 e 5 do modelo de Plano de Neg\u00f3cios proposto);<br \/>\nElabora\u00e7\u00e3o de um Plano de Neg\u00f3cios: etapas Constru\u00e7\u00e3o de Cen\u00e1rios e Avalia\u00e7\u00e3o Estrat\u00e9gica (etapas 6 e 7 do modelo de Plano de Neg\u00f3cios proposto);<br \/>\nElabora\u00e7\u00e3o de um Plano de Neg\u00f3cios: etapas Avalia\u00e7\u00e3o do Plano de Neg\u00f3cios e Sum\u00e1rio Executivo (etapas 8 e 1 do modelo de Plano de Neg\u00f3cios proposto);<br \/>\nApresenta\u00e7\u00e3o dos Planos de Neg\u00f3cios;<br \/>\nAvalia\u00e7\u00e3o da Disciplina de Empreendedorismo;<br \/>\nPr\u00f3ximos passos: Quadro Modelo de Neg\u00f3cios Pessoal.<\/p>\n<p><strong>OBSERVA\u00c7\u00d5ES<br \/>\n<\/strong>A Universidade se reserva o direito de alterar o cronograma e o corpo docente.<br \/>\nDocumenta\u00e7\u00e3o necess\u00e1ria para quem n\u00e3o \u00e9 aluno da Cat\u00f3lica de Santos:\u00a0c\u00f3pias do RG, CPF, certid\u00e3o de nascimento ou casamento.<br \/>\nA inscri\u00e7\u00e3o presencial s\u00f3 poder\u00e1 ser efetuada pelo interessado no curso, ou por pessoa munida de procura\u00e7\u00e3o autenticada em cart\u00f3rio.<br \/>\nA efetiva\u00e7\u00e3o da matr\u00edcula est\u00e1 condicionada ao pagamento do boleto da 1\u00aa. parcela e entrega da documenta\u00e7\u00e3o exigida.<\/p>\n<div><strong>OUTRAS INFORMA\u00c7\u00d5ES<\/strong><\/div>\n<div>Departamento de Atendimento Integrado<\/div>\n<div>Telefones: (13) 3205-5555 \u2013 ramais 1354\/1384<\/div>\n<div>E-mail: dat@unisantos.br<\/div>\n","protected":false},"excerpt":{"rendered":"<p>PROFESSOR RESPONS\u00c1VEL Prof. Me. Jo\u00e3o Alfredo Carvalho Rodrigues Gon\u00e7alves CARGA HOR\u00c1RIA 60 h\/a &#8211; 51 h\/a presenciais e 9 h\/a [&hellip;]<\/p>\n","protected":false},"author":1,"featured_media":683,"parent":399,"menu_order":0,"comment_status":"closed","ping_status":"closed","template":"","meta":{"footnotes":""},"_links":{"self":[{"href":"https:\/\/www.unisantos.br\/pos\/wp-json\/wp\/v2\/pages\/528"}],"collection":[{"href":"https:\/\/www.unisantos.br\/pos\/wp-json\/wp\/v2\/pages"}],"about":[{"href":"https:\/\/www.unisantos.br\/pos\/wp-json\/wp\/v2\/types\/page"}],"author":[{"embeddable":true,"href":"https:\/\/www.unisantos.br\/pos\/wp-json\/wp\/v2\/users\/1"}],"replies":[{"embeddable":true,"href":"https:\/\/www.unisantos.br\/pos\/wp-json\/wp\/v2\/comments?post=528"}],"version-history":[{"count":2,"href":"https:\/\/www.unisantos.br\/pos\/wp-json\/wp\/v2\/pages\/528\/revisions"}],"predecessor-version":[{"id":5514,"href":"https:\/\/www.unisantos.br\/pos\/wp-json\/wp\/v2\/pages\/528\/revisions\/5514"}],"up":[{"embeddable":true,"href":"https:\/\/www.unisantos.br\/pos\/wp-json\/wp\/v2\/pages\/399"}],"wp:featuredmedia":[{"embeddable":true,"href":"https:\/\/www.unisantos.br\/pos\/wp-json\/wp\/v2\/media\/683"}],"wp:attachment":[{"href":"https:\/\/www.unisantos.br\/pos\/wp-json\/wp\/v2\/media?parent=528"}],"curies":[{"name":"wp","href":"https:\/\/api.w.org\/{rel}","templated":true}]}}