{"id":526,"date":"2018-10-11T17:36:40","date_gmt":"2018-10-11T20:36:40","guid":{"rendered":"https:\/\/www.unisantos.br\/pos\/?page_id=526"},"modified":"2023-08-14T14:14:49","modified_gmt":"2023-08-14T17:14:49","slug":"edicao-de-audiovisual","status":"publish","type":"page","link":"https:\/\/www.unisantos.br\/pos\/qualificacao\/edicao-de-audiovisual\/","title":{"rendered":"Edi\u00e7\u00e3o de Audiovisual"},"content":{"rendered":"<p><strong>PROFESSOR RESPONS\u00c1VEL<br \/>\n<\/strong>Prof. Me. Marcos de Almeida Rubia<\/p>\n<p><strong>CARGA HOR\u00c1RIA<br \/>\n<\/strong>15 h\/a<\/p>\n<p><strong>LOCAL<\/strong><br \/>\nCampus Dom Id\u00edlio Jos\u00e9 Soares<\/p>\n<p><strong>OBJETIVO<br \/>\n<\/strong>Capacitar os alunos como editores de v\u00eddeo, por meio do desenvolvimento de pr\u00e1ticas audiovisuais, utilizando as ferramentas do software Adobe Premiere.<\/p>\n<p><strong>P\u00daBLICO-ALVO<\/strong><br \/>\nInteressados em edi\u00e7\u00e3o audiovisual.<\/p>\n<p><strong>CONTE\u00daDO<br \/>\n<\/strong>Enquadramento e movimento<br \/>\nCria\u00e7\u00e3o de Projeto no software<br \/>\nImporta\u00e7\u00e3o de v\u00eddeos e \u00e1udios<br \/>\nCortes<br \/>\nFus\u00e3o<br \/>\nFade in\/fade out<br \/>\nEfeito preto e branco<br \/>\nVelocidade de reprodu\u00e7\u00e3o<br \/>\nChroma key<br \/>\nConfigura\u00e7\u00e3o de cores<br \/>\nImporta\u00e7\u00e3o de fotos<br \/>\nSlide show<br \/>\nTratamento de \u00e1udio<br \/>\nEqualiza\u00e7\u00e3o de \u00e1udio<br \/>\nRevis\u00e3o<br \/>\nProdu\u00e7\u00e3o de uma pe\u00e7a audiovisual<\/p>\n<p><strong>OUTRAS INFORMA\u00c7\u00d5ES<\/strong><br \/>\nDepartamento de Atendimento Integrado<b><br \/>\n<\/b>Telefones: (13) 3205-5555 ramal 1354<br \/>\nE-mail: dat@unisantos.br<\/p>\n<p><strong>Observa\u00e7\u00f5es<\/strong><br \/>\nA Universidade se reserva o direito de alterar o cronograma e o corpo docente.<br \/>\nDocumenta\u00e7\u00e3o necess\u00e1ria: c\u00f3pias do RG, CPF, certid\u00e3o de nascimento ou casamento.<br \/>\nA inscri\u00e7\u00e3o presencial s\u00f3 poder\u00e1 ser efetuada pelo interessado no curso, ou por pessoa munida de procura\u00e7\u00e3o autenticada em cart\u00f3rio.<br \/>\nA efetiva\u00e7\u00e3o da matr\u00edcula est\u00e1 condicionada ao pagamento do boleto da 1\u00aa. parcela e entrega da documenta\u00e7\u00e3o exigida.<\/p>\n","protected":false},"excerpt":{"rendered":"<p>PROFESSOR RESPONS\u00c1VEL Prof. Me. Marcos de Almeida Rubia CARGA HOR\u00c1RIA 15 h\/a LOCAL Campus Dom Id\u00edlio Jos\u00e9 Soares OBJETIVO Capacitar [&hellip;]<\/p>\n","protected":false},"author":1,"featured_media":678,"parent":399,"menu_order":0,"comment_status":"closed","ping_status":"closed","template":"","meta":{"footnotes":""},"_links":{"self":[{"href":"https:\/\/www.unisantos.br\/pos\/wp-json\/wp\/v2\/pages\/526"}],"collection":[{"href":"https:\/\/www.unisantos.br\/pos\/wp-json\/wp\/v2\/pages"}],"about":[{"href":"https:\/\/www.unisantos.br\/pos\/wp-json\/wp\/v2\/types\/page"}],"author":[{"embeddable":true,"href":"https:\/\/www.unisantos.br\/pos\/wp-json\/wp\/v2\/users\/1"}],"replies":[{"embeddable":true,"href":"https:\/\/www.unisantos.br\/pos\/wp-json\/wp\/v2\/comments?post=526"}],"version-history":[{"count":3,"href":"https:\/\/www.unisantos.br\/pos\/wp-json\/wp\/v2\/pages\/526\/revisions"}],"predecessor-version":[{"id":5539,"href":"https:\/\/www.unisantos.br\/pos\/wp-json\/wp\/v2\/pages\/526\/revisions\/5539"}],"up":[{"embeddable":true,"href":"https:\/\/www.unisantos.br\/pos\/wp-json\/wp\/v2\/pages\/399"}],"wp:featuredmedia":[{"embeddable":true,"href":"https:\/\/www.unisantos.br\/pos\/wp-json\/wp\/v2\/media\/678"}],"wp:attachment":[{"href":"https:\/\/www.unisantos.br\/pos\/wp-json\/wp\/v2\/media?parent=526"}],"curies":[{"name":"wp","href":"https:\/\/api.w.org\/{rel}","templated":true}]}}