{"id":524,"date":"2018-10-11T17:36:05","date_gmt":"2018-10-11T20:36:05","guid":{"rendered":"https:\/\/www.unisantos.br\/pos\/?page_id=524"},"modified":"2023-01-03T12:15:34","modified_gmt":"2023-01-03T15:15:34","slug":"direito-desportivo","status":"publish","type":"page","link":"https:\/\/www.unisantos.br\/pos\/qualificacao\/direito-desportivo\/","title":{"rendered":"Direito Desportivo"},"content":{"rendered":"<p><strong>CARGA HOR\u00c1RIA<\/strong><br \/>\n16 h\/a<\/p>\n<p><strong>LOCAL<\/strong><br \/>\nCampus Dom Id\u00edlio Jos\u00e9 Soares<\/p>\n<p><strong>OBJETIVO<\/strong><br \/>\nTransmitir o conte\u00fado proposto aos alunos, advogados e demais interessados, fomentando o debate com an\u00e1lise dos aspectos te\u00f3ricos sobre o tema e discuss\u00e3o sobre os casos concretos (pr\u00e1tica).<\/p>\n<p><strong>P\u00daBLICO-ALVO<\/strong><br \/>\nEstudantes dos Cursos de Gradua\u00e7\u00e3o, Advogados, Dirigentes Desportivos e P\u00fablico em Geral.<\/p>\n<p><strong>CONTE\u00daDO<\/strong><br \/>\nIntrodu\u00e7\u00e3o ao direito desportivo. Evolu\u00e7\u00e3o da legisla\u00e7\u00e3o desportiva<br \/>\nForma\u00e7\u00e3o desportiva \u2013 conceitos de atleta em forma\u00e7\u00e3o e direitos clubes formadores<br \/>\nContratos desportivos \u2013 CETD, direito de imagem, contrato de representa\u00e7\u00e3o desportiva<br \/>\nAspectos trabalhistas \u2013 especificidade do atleta profissional, jornada de trabalho, direito do atleta \u2013 posicionamento dos tribunais superiores<\/p>\n<p><strong>OBSERVA\u00c7\u00d5ES<\/strong><br \/>\nA Universidade se reserva o direito de alterar o cronograma e o corpo docente.<br \/>\nDocumenta\u00e7\u00e3o necess\u00e1ria para quem n\u00e3o \u00e9 aluno da Cat\u00f3lica de Santos: c\u00f3pias do RG, CPF, certid\u00e3o de nascimento ou casamento.<br \/>\nA inscri\u00e7\u00e3o presencial s\u00f3 poder\u00e1 ser efetuada pelo interessado no curso, ou por pessoa munida de procura\u00e7\u00e3o autenticada em cart\u00f3rio.<br \/>\nA efetiva\u00e7\u00e3o da matr\u00edcula est\u00e1 condicionada ao pagamento do boleto da 1\u00aa. parcela e entrega da documenta\u00e7\u00e3o exigida.<\/p>\n<p><strong>OUTRAS INFORMA\u00c7\u00d5ES<br \/>\n<\/strong>Departamento de Atendimento Integrado<br \/>\nTelefone: (13) 3205-5555<br \/>\nE-mail: dat@unisantos.br<\/p>\n","protected":false},"excerpt":{"rendered":"<p>CARGA HOR\u00c1RIA 16 h\/a LOCAL Campus Dom Id\u00edlio Jos\u00e9 Soares OBJETIVO Transmitir o conte\u00fado proposto aos alunos, advogados e demais [&hellip;]<\/p>\n","protected":false},"author":1,"featured_media":0,"parent":399,"menu_order":0,"comment_status":"closed","ping_status":"closed","template":"","meta":{"footnotes":""},"_links":{"self":[{"href":"https:\/\/www.unisantos.br\/pos\/wp-json\/wp\/v2\/pages\/524"}],"collection":[{"href":"https:\/\/www.unisantos.br\/pos\/wp-json\/wp\/v2\/pages"}],"about":[{"href":"https:\/\/www.unisantos.br\/pos\/wp-json\/wp\/v2\/types\/page"}],"author":[{"embeddable":true,"href":"https:\/\/www.unisantos.br\/pos\/wp-json\/wp\/v2\/users\/1"}],"replies":[{"embeddable":true,"href":"https:\/\/www.unisantos.br\/pos\/wp-json\/wp\/v2\/comments?post=524"}],"version-history":[{"count":6,"href":"https:\/\/www.unisantos.br\/pos\/wp-json\/wp\/v2\/pages\/524\/revisions"}],"predecessor-version":[{"id":4681,"href":"https:\/\/www.unisantos.br\/pos\/wp-json\/wp\/v2\/pages\/524\/revisions\/4681"}],"up":[{"embeddable":true,"href":"https:\/\/www.unisantos.br\/pos\/wp-json\/wp\/v2\/pages\/399"}],"wp:attachment":[{"href":"https:\/\/www.unisantos.br\/pos\/wp-json\/wp\/v2\/media?parent=524"}],"curies":[{"name":"wp","href":"https:\/\/api.w.org\/{rel}","templated":true}]}}