{"id":522,"date":"2018-10-11T17:35:45","date_gmt":"2018-10-11T20:35:45","guid":{"rendered":"https:\/\/www.unisantos.br\/pos\/?page_id=522"},"modified":"2023-01-03T12:14:54","modified_gmt":"2023-01-03T15:14:54","slug":"direito-ambiental-tributario-dilemas-eticos","status":"publish","type":"page","link":"https:\/\/www.unisantos.br\/pos\/qualificacao\/direito-ambiental-tributario-dilemas-eticos\/","title":{"rendered":"Direito Ambiental Tribut\u00e1rio: Dilemas \u00c9ticos"},"content":{"rendered":"<p><strong>CARGA HOR\u00c1RIA<br \/>\n<\/strong>12 h\/a<\/p>\n<p><strong>LOCAL<br \/>\n<\/strong>Campus Dom Id\u00edlio Jos\u00e9 Soares<\/p>\n<p><strong>OBJETIVOS<br \/>\n<\/strong>Desenvolver fundamentos e elementos pr\u00f3prios do Direito Ambiental Tribut\u00e1rio, assim como quest\u00f5es correlatas atuais, pol\u00eamicas e desafiadoras no dom\u00ednio socioecon\u00f4mico nacional e internacional.<\/p>\n<p><strong>P\u00daBLICO-ALVO<\/strong><br \/>\nEstudantes dos cursos de gradua\u00e7\u00e3o em Direito, Ci\u00eancias Econ\u00f4micas, Administra\u00e7\u00e3o, Com\u00e9rcio Exterior e Engenharia, entre outros, assim como profissionais com forma\u00e7\u00e3o superior.<\/p>\n<p><strong>CONTE\u00daDO<\/strong><br \/>\nHomem e Meio Ambiente: uma vis\u00e3o proped\u00eautica, antropol\u00f3gica e jusfilos\u00f3fica<br \/>\nProte\u00e7\u00e3o do Meio Ambiente na Ordem Jur\u00eddica Brasileira e seus Reflexos nas Decis\u00f5es Pol\u00edticas Ambientais<br \/>\nCustos Ambientais<br \/>\nRegula\u00e7\u00e3o Ambiental e Instrumentos Econ\u00f4micos na Pol\u00edtica Ambiental<br \/>\nMarco Constitucional e Legal da Inova\u00e7\u00e3o Tecnol\u00f3gica no Brasil<br \/>\nPol\u00edtica Nacional de Inova\u00e7\u00e3o e Sustentabilidade<br \/>\nContratos, Tratados C conven\u00e7\u00f5es Internacionais em Mat\u00e9ria de Inova\u00e7\u00e3o Tecnol\u00f3gica;<br \/>\nTratados e Conven\u00e7\u00f5es Internacionais sobre Meio Ambiente<br \/>\nFiscalidade e Meio Ambiente: o Direito Ambiental Tribut\u00e1rio (Marco Constitucional)<br \/>\nLegisla\u00e7\u00e3o Nacional e Ordin\u00e1ria<br \/>\nDireito Comparado<br \/>\nPlanejamento Tribut\u00e1rio<br \/>\nEstudo de Casos com a Realiza\u00e7\u00e3o de Debates<br \/>\n<strong>OBSERVA\u00c7\u00d5ES<\/strong><br \/>\nA Universidade se reserva o direito de alterar o cronograma e o corpo docente.<br \/>\nDocumenta\u00e7\u00e3o necess\u00e1ria para quem n\u00e3o \u00e9 aluno da Cat\u00f3lica de Santos: c\u00f3pias do RG, CPF, certid\u00e3o de nascimento ou casamento.<br \/>\nA inscri\u00e7\u00e3o presencial s\u00f3 poder\u00e1 ser efetuada pelo interessado no curso, ou por pessoa munida de procura\u00e7\u00e3o autenticada em cart\u00f3rio.<br \/>\nA efetiva\u00e7\u00e3o da matr\u00edcula est\u00e1 condicionada ao pagamento do boleto da 1\u00aa. parcela e entrega da documenta\u00e7\u00e3o exigida.<\/p>\n<p><strong>OUTRAS INFORMA\u00c7\u00d5ES<br \/>\n<\/strong>Departamento de Atendimento Integrado<br \/>\nTelefone: (13) 3205-5555<br \/>\nE-mail: dat@unisantos.br<\/p>\n","protected":false},"excerpt":{"rendered":"<p>CARGA HOR\u00c1RIA 12 h\/a LOCAL Campus Dom Id\u00edlio Jos\u00e9 Soares OBJETIVOS Desenvolver fundamentos e elementos pr\u00f3prios do Direito Ambiental Tribut\u00e1rio, [&hellip;]<\/p>\n","protected":false},"author":1,"featured_media":671,"parent":399,"menu_order":0,"comment_status":"closed","ping_status":"closed","template":"","meta":{"footnotes":""},"_links":{"self":[{"href":"https:\/\/www.unisantos.br\/pos\/wp-json\/wp\/v2\/pages\/522"}],"collection":[{"href":"https:\/\/www.unisantos.br\/pos\/wp-json\/wp\/v2\/pages"}],"about":[{"href":"https:\/\/www.unisantos.br\/pos\/wp-json\/wp\/v2\/types\/page"}],"author":[{"embeddable":true,"href":"https:\/\/www.unisantos.br\/pos\/wp-json\/wp\/v2\/users\/1"}],"replies":[{"embeddable":true,"href":"https:\/\/www.unisantos.br\/pos\/wp-json\/wp\/v2\/comments?post=522"}],"version-history":[{"count":4,"href":"https:\/\/www.unisantos.br\/pos\/wp-json\/wp\/v2\/pages\/522\/revisions"}],"predecessor-version":[{"id":4680,"href":"https:\/\/www.unisantos.br\/pos\/wp-json\/wp\/v2\/pages\/522\/revisions\/4680"}],"up":[{"embeddable":true,"href":"https:\/\/www.unisantos.br\/pos\/wp-json\/wp\/v2\/pages\/399"}],"wp:featuredmedia":[{"embeddable":true,"href":"https:\/\/www.unisantos.br\/pos\/wp-json\/wp\/v2\/media\/671"}],"wp:attachment":[{"href":"https:\/\/www.unisantos.br\/pos\/wp-json\/wp\/v2\/media?parent=522"}],"curies":[{"name":"wp","href":"https:\/\/api.w.org\/{rel}","templated":true}]}}