{"id":520,"date":"2018-10-11T17:33:49","date_gmt":"2018-10-11T20:33:49","guid":{"rendered":"https:\/\/www.unisantos.br\/pos\/?page_id=520"},"modified":"2023-08-14T14:11:38","modified_gmt":"2023-08-14T17:11:38","slug":"dialogos-jung-hillman-conversando-sobre-psicologia-analitica-na-atualidade","status":"publish","type":"page","link":"https:\/\/www.unisantos.br\/pos\/qualificacao\/dialogos-jung-hillman-conversando-sobre-psicologia-analitica-na-atualidade\/","title":{"rendered":"Di\u00e1logos Jung-Hillman &#8211; Conversando sobre Psicologia Anal\u00edtica na Atualidade"},"content":{"rendered":"<p><strong>OBJETIVOS<br \/>\n<\/strong>\u2022 Apresentar os conceitos da Psicologia Anal\u00edtica de Jung e da Psicologia Arquet\u00edpica de Hillman.<br \/>\n\u2022 Estudar as ideias dos autores, comparar as semelhan\u00e7as e diferen\u00e7as entre eles e mostrar as especificidades de cada um.<br \/>\n\u2022 Inserir as ideias dos autores no contexto hist\u00f3rico-cient\u00edfico de suas \u00e9pocas e fazer um paralelo com os dias de hoje.<\/p>\n<p><strong>P\u00daBLICO-ALVO<br \/>\n<\/strong>Estudantes do \u00faltimo ano dos cursos de Psicologia, Medicina, Filosofia, Pedagogia e Sociologia; profissionais com gradua\u00e7\u00e3o nestas \u00e1reas; e demais interessados no assunto.<\/p>\n<p><strong>CONTE\u00daDO<\/strong><br \/>\n\u2022 Contextualiza\u00e7\u00e3o hist\u00f3rica dos autores: Jung e\u00a0Hillman e seus principais conceitos<br \/>\n\u2022 Jung e fundamentos da Psicologia Anal\u00edtica (individua\u00e7\u00e3o, imagem e arqu\u00e9tipo)<br \/>\n\u2022 Jung-Hillman: a Teoria dos Arqu\u00e9tipos<br \/>\n\u2022 A Psicologia Arquet\u00edpica de Hillman<br \/>\n\u2022 Conceitos de car\u00e1ter, imagem e voca\u00e7\u00e3o na Psicologia Arquet\u00edpica de Hillman<br \/>\n\u2022 A Psicologia e o mundo atual: a psique e a alma do mundo<br \/>\n\u2022 Mitologia e arqu\u00e9tipo<br \/>\n\u2022 Introdu\u00e7\u00e3o \u00e0 alquimia para Jung e Hillman<\/p>\n<p><strong>OBSERVA\u00c7\u00d5ES<\/strong><br \/>\n\u2022 A Universidade se reserva o direito de alterar o cronograma e o corpo docente.<br \/>\n\u2022 Documenta\u00e7\u00e3o necess\u00e1ria: c\u00f3pias do RG, CPF.<br \/>\n\u2022 A inscri\u00e7\u00e3o presencial s\u00f3 poder\u00e1 ser efetuada pelo interessado no curso, ou por pessoa munida de procura\u00e7\u00e3o autenticada em cart\u00f3rio.<br \/>\n\u2022 A efetiva\u00e7\u00e3o da matr\u00edcula est\u00e1 condicionada ao pagamento do boleto da 1\u00aa. parcela e entrega da documenta\u00e7\u00e3o exigida.<\/p>\n","protected":false},"excerpt":{"rendered":"<p>OBJETIVOS \u2022 Apresentar os conceitos da Psicologia Anal\u00edtica de Jung e da Psicologia Arquet\u00edpica de Hillman. \u2022 Estudar as ideias [&hellip;]<\/p>\n","protected":false},"author":1,"featured_media":684,"parent":399,"menu_order":0,"comment_status":"closed","ping_status":"closed","template":"","meta":{"footnotes":""},"_links":{"self":[{"href":"https:\/\/www.unisantos.br\/pos\/wp-json\/wp\/v2\/pages\/520"}],"collection":[{"href":"https:\/\/www.unisantos.br\/pos\/wp-json\/wp\/v2\/pages"}],"about":[{"href":"https:\/\/www.unisantos.br\/pos\/wp-json\/wp\/v2\/types\/page"}],"author":[{"embeddable":true,"href":"https:\/\/www.unisantos.br\/pos\/wp-json\/wp\/v2\/users\/1"}],"replies":[{"embeddable":true,"href":"https:\/\/www.unisantos.br\/pos\/wp-json\/wp\/v2\/comments?post=520"}],"version-history":[{"count":2,"href":"https:\/\/www.unisantos.br\/pos\/wp-json\/wp\/v2\/pages\/520\/revisions"}],"predecessor-version":[{"id":5530,"href":"https:\/\/www.unisantos.br\/pos\/wp-json\/wp\/v2\/pages\/520\/revisions\/5530"}],"up":[{"embeddable":true,"href":"https:\/\/www.unisantos.br\/pos\/wp-json\/wp\/v2\/pages\/399"}],"wp:featuredmedia":[{"embeddable":true,"href":"https:\/\/www.unisantos.br\/pos\/wp-json\/wp\/v2\/media\/684"}],"wp:attachment":[{"href":"https:\/\/www.unisantos.br\/pos\/wp-json\/wp\/v2\/media?parent=520"}],"curies":[{"name":"wp","href":"https:\/\/api.w.org\/{rel}","templated":true}]}}