{"id":5187,"date":"2023-02-27T22:33:29","date_gmt":"2023-02-28T01:33:29","guid":{"rendered":"https:\/\/www.unisantos.br\/pos\/?page_id=5187"},"modified":"2023-08-14T14:20:26","modified_gmt":"2023-08-14T17:20:26","slug":"universidade-aberta-para-a-terceira-idade","status":"publish","type":"page","link":"https:\/\/www.unisantos.br\/pos\/qualificacao\/universidade-aberta-para-a-terceira-idade\/","title":{"rendered":"Universidade Aberta para a Terceira Idade"},"content":{"rendered":"<p><strong>PROFESSORA RESPONS\u00c1VEL<br \/>\n<\/strong>Prof\u00aa. Dr\u00aa. Michele Leiko Uemura<\/p>\n<p><strong>CARGA HOR\u00c1RIA<br \/>\n<\/strong>56 h\/a<strong>\u00a0<\/strong><\/p>\n<p><strong>LOCAL<br \/>\n<\/strong>N\u00facleo de Valoriza\u00e7\u00e3o da Vida Carlo Marchini (APASEM &#8211; Rangel Pestana)<\/p>\n<p><strong>INVESTIMENTO<br \/>\n<\/strong>Gratuito \u2013 Parceria com a APASEM<\/p>\n<p><strong>OBJETIVO<br \/>\n<\/strong>\u2022 Desenvolver e incentivar a sociabilidade e a autoestima;<br \/>\n\u2022 Proporcionar aquisi\u00e7\u00e3o e\/ou atualiza\u00e7\u00e3o de conhecimentos.<\/p>\n<p><strong>P\u00daBLICO-ALVO<br \/>\n<\/strong>Pessoas com m\u00ednimo de 60 anos.<\/p>\n<p><strong>CONTE\u00daDO<br \/>\n<\/strong>Comunica\u00e7\u00e3o e Qualidade de Vida<br \/>\nOficina Vocal<\/p>\n<p><strong>OBSERVA\u00c7\u00d5ES<br \/>\n<\/strong>A Universidade se reserva o direito de alterar o cronograma e o corpo docente.<br \/>\nDocumenta\u00e7\u00e3o necess\u00e1ria para quem n\u00e3o \u00e9 aluno da Cat\u00f3lica de Santos: c\u00f3pias do RG, CPF, certid\u00e3o de nascimento ou casamento.<br \/>\nA inscri\u00e7\u00e3o presencial s\u00f3 poder\u00e1 ser efetuada pelo interessado no curso, ou por pessoa munida de procura\u00e7\u00e3o autenticada em cart\u00f3rio.<br \/>\nA efetiva\u00e7\u00e3o da matr\u00edcula est\u00e1 condicionada a entrega da documenta\u00e7\u00e3o exigida.<\/p>\n<p><strong>OUTRAS INFORMA\u00c7\u00d5ES<br \/>\n<\/strong><strong>Departamento de Atendimento Integrado<\/strong><strong><br \/>\n<\/strong>Telefone: (13) 3205-5555<br \/>\nE-mail: dat@unisantos.br<\/p>\n","protected":false},"excerpt":{"rendered":"<p>PROFESSORA RESPONS\u00c1VEL Prof\u00aa. Dr\u00aa. Michele Leiko Uemura CARGA HOR\u00c1RIA 56 h\/a\u00a0 LOCAL N\u00facleo de Valoriza\u00e7\u00e3o da Vida Carlo Marchini (APASEM [&hellip;]<\/p>\n","protected":false},"author":1,"featured_media":0,"parent":399,"menu_order":0,"comment_status":"closed","ping_status":"closed","template":"","meta":{"footnotes":""},"_links":{"self":[{"href":"https:\/\/www.unisantos.br\/pos\/wp-json\/wp\/v2\/pages\/5187"}],"collection":[{"href":"https:\/\/www.unisantos.br\/pos\/wp-json\/wp\/v2\/pages"}],"about":[{"href":"https:\/\/www.unisantos.br\/pos\/wp-json\/wp\/v2\/types\/page"}],"author":[{"embeddable":true,"href":"https:\/\/www.unisantos.br\/pos\/wp-json\/wp\/v2\/users\/1"}],"replies":[{"embeddable":true,"href":"https:\/\/www.unisantos.br\/pos\/wp-json\/wp\/v2\/comments?post=5187"}],"version-history":[{"count":5,"href":"https:\/\/www.unisantos.br\/pos\/wp-json\/wp\/v2\/pages\/5187\/revisions"}],"predecessor-version":[{"id":5555,"href":"https:\/\/www.unisantos.br\/pos\/wp-json\/wp\/v2\/pages\/5187\/revisions\/5555"}],"up":[{"embeddable":true,"href":"https:\/\/www.unisantos.br\/pos\/wp-json\/wp\/v2\/pages\/399"}],"wp:attachment":[{"href":"https:\/\/www.unisantos.br\/pos\/wp-json\/wp\/v2\/media?parent=5187"}],"curies":[{"name":"wp","href":"https:\/\/api.w.org\/{rel}","templated":true}]}}