{"id":518,"date":"2018-10-11T17:33:26","date_gmt":"2018-10-11T20:33:26","guid":{"rendered":"https:\/\/www.unisantos.br\/pos\/?page_id=518"},"modified":"2023-08-14T14:10:50","modified_gmt":"2023-08-14T17:10:50","slug":"desenho-como-processo-de-autoconhecimento-curso-de-desenho-a-mao-livre","status":"publish","type":"page","link":"https:\/\/www.unisantos.br\/pos\/qualificacao\/desenho-como-processo-de-autoconhecimento-curso-de-desenho-a-mao-livre\/","title":{"rendered":"Desenho como Processo de Autoconhecimento: Curso de Desenho \u00e0 M\u00e3o Livre"},"content":{"rendered":"<p><strong>PROFESSOR RESPONS\u00c1VEL<\/strong><br \/>\nProf\u00aa. Me. Christiane Costa Ferreira Macedo<\/p>\n<p><strong>CARGA HOR\u00c1RIA<\/strong><br \/>\n9 h\/a<b>\u00a0<\/b><\/p>\n<p><strong>LOCAL<\/strong><br \/>\nCampus Dom Id\u00edlio Jos\u00e9 Soares<\/p>\n<p><strong>OBJETIVO<\/strong><br \/>\nPossibilitar o prazer de desenhar livremente, como descoberta de potencialidades criativas;<br \/>\nOrientar a forma\u00e7\u00e3o de um novo olhar a partir do desenho \u00e0 m\u00e3o livre;<br \/>\nCriar um di\u00e1logo sem palavras no reencontro com o gesto primordial e inovador e a express\u00e3o pr\u00f3pria;<br \/>\nDinamizar a transforma\u00e7\u00e3o do tra\u00e7o pessoal mediante a viv\u00eancia da pr\u00e1tica coletiva.<\/p>\n<p><strong>P\u00daBLICO-ALVO<\/strong><br \/>\nEstudantes e profissionais de \u00e1reas diversas que desejam desenvolver o desenho \u00e0 m\u00e3o livre.<\/p>\n<p><strong>CONTE\u00daDO<\/strong><br \/>\nElementos b\u00e1sicos do desenho: o ponto e a linha\/o abstrato e a figura;<br \/>\nA origem e a hist\u00f3ria do desenho;<br \/>\nPr\u00e1ticas do tra\u00e7o e do gesto;<br \/>\nDesenho de observa\u00e7\u00e3o;<br \/>\nO desbloqueio atrav\u00e9s da pr\u00e1tica;<br \/>\nDesenho da figura humana: retratos e auto-retratos, desenho para se re-conhecer (no outro);<br \/>\nDesenho cego;<br \/>\nDesenho coletivo;<br \/>\nAvalia\u00e7\u00e3o do processo.<\/p>\n<p><strong>OBSERVA\u00c7\u00d5ES<\/strong><br \/>\nA Universidade se reserva o direito de alterar o cronograma e o corpo docente.<br \/>\nDocumenta\u00e7\u00e3o necess\u00e1ria para quem n\u00e3o \u00e9 aluno da Cat\u00f3lica de Santos:\u00a0c\u00f3pias do RG, CPF, certid\u00e3o de nascimento ou casamento.<br \/>\nA inscri\u00e7\u00e3o presencial s\u00f3 poder\u00e1 ser efetuada pelo interessado no curso, ou por pessoa munida de procura\u00e7\u00e3o autenticada em cart\u00f3rio.<br \/>\nA efetiva\u00e7\u00e3o da matr\u00edcula est\u00e1 condicionada ao pagamento do boleto da 1\u00aa. parcela e entrega da documenta\u00e7\u00e3o exigida.<\/p>\n<p><strong>OUTRAS INFORMA\u00c7\u00d5ES<\/strong><br \/>\nDepartamento de Atendimento Integrado<br \/>\nTelefone: (13) 3205-5555<br \/>\nE-mail: dat@unisantos.br<\/p>\n","protected":false},"excerpt":{"rendered":"<p>PROFESSOR RESPONS\u00c1VEL Prof\u00aa. Me. Christiane Costa Ferreira Macedo CARGA HOR\u00c1RIA 9 h\/a\u00a0 LOCAL Campus Dom Id\u00edlio Jos\u00e9 Soares OBJETIVO Possibilitar [&hellip;]<\/p>\n","protected":false},"author":1,"featured_media":676,"parent":399,"menu_order":0,"comment_status":"closed","ping_status":"closed","template":"","meta":{"footnotes":""},"_links":{"self":[{"href":"https:\/\/www.unisantos.br\/pos\/wp-json\/wp\/v2\/pages\/518"}],"collection":[{"href":"https:\/\/www.unisantos.br\/pos\/wp-json\/wp\/v2\/pages"}],"about":[{"href":"https:\/\/www.unisantos.br\/pos\/wp-json\/wp\/v2\/types\/page"}],"author":[{"embeddable":true,"href":"https:\/\/www.unisantos.br\/pos\/wp-json\/wp\/v2\/users\/1"}],"replies":[{"embeddable":true,"href":"https:\/\/www.unisantos.br\/pos\/wp-json\/wp\/v2\/comments?post=518"}],"version-history":[{"count":5,"href":"https:\/\/www.unisantos.br\/pos\/wp-json\/wp\/v2\/pages\/518\/revisions"}],"predecessor-version":[{"id":5527,"href":"https:\/\/www.unisantos.br\/pos\/wp-json\/wp\/v2\/pages\/518\/revisions\/5527"}],"up":[{"embeddable":true,"href":"https:\/\/www.unisantos.br\/pos\/wp-json\/wp\/v2\/pages\/399"}],"wp:featuredmedia":[{"embeddable":true,"href":"https:\/\/www.unisantos.br\/pos\/wp-json\/wp\/v2\/media\/676"}],"wp:attachment":[{"href":"https:\/\/www.unisantos.br\/pos\/wp-json\/wp\/v2\/media?parent=518"}],"curies":[{"name":"wp","href":"https:\/\/api.w.org\/{rel}","templated":true}]}}