{"id":516,"date":"2018-10-11T17:20:57","date_gmt":"2018-10-11T20:20:57","guid":{"rendered":"https:\/\/www.unisantos.br\/pos\/?page_id=516"},"modified":"2023-01-03T12:14:16","modified_gmt":"2023-01-03T15:14:16","slug":"criminologia-para-carreiras-policiais","status":"publish","type":"page","link":"https:\/\/www.unisantos.br\/pos\/qualificacao\/criminologia-para-carreiras-policiais\/","title":{"rendered":"Criminologia para Carreiras Policiais"},"content":{"rendered":"<p><strong style=\"line-height: 1.5em;\">CARGA HOR\u00c1RIA<br \/>\n<\/strong>25\u00a0horas<\/p>\n<p><strong>LOCAL<\/strong><br \/>\nCampus Dom Id\u00edlio Jos\u00e9 Soares<\/p>\n<p><strong>OBJETIVOS<\/strong><br \/>\n\u2022\u00a0O estudo do crime como um problema social que envolve o criminoso, a v\u00edtima e o controle social da delinqu\u00eancia.<br \/>\n\u2022\u00a0A Criminologia, por meio de t\u00e9cnicas de investiga\u00e7\u00e3o, busca chegar \u00e0s ra\u00edzes do conflito para fornecer a informa\u00e7\u00e3o necess\u00e1ria a um controle razo\u00e1vel da situa\u00e7\u00e3o.<br \/>\n\u2022\u00a0A abordagem de acordo com os valores criminol\u00f3gicos relacionados ao seu momento hist\u00f3rico, analisados nos aspectos positivos e negativos, visa tanto a estimular o esp\u00edrito cr\u00edtico, como a capacitar profissionais de diferentes \u00e1reas para as carreiras policiais.<\/p>\n<p><strong>P\u00daBLICO-ALVO<br \/>\n<\/strong>\u2022\u00a0Profissionais com n\u00edvel universit\u00e1rio, como advogados, m\u00e9dicos, farmac\u00eauticos, qu\u00edmicos, veterin\u00e1rios, psic\u00f3logos e pedagogos, entre outros.<br \/>\n\u2022\u00a0Profissionais com n\u00edvel m\u00e9dio e estudantes universit\u00e1rios.<\/p>\n<p><strong>CONTE\u00daDO<\/strong><br \/>\n1. Origem da Criminologia Cient\u00edfica<br \/>\n1.1. Etapa Pr\u00e9-Cient\u00edfica<br \/>\n1.1.1. Per\u00edodo Pr\u00e9-Cl\u00e1ssico<br \/>\n1.1.2. Escola Cl\u00e1ssica<br \/>\n1.1.3. Pr\u00e9-Positivismo<br \/>\n1.2. Etapa Cient\u00edfica<br \/>\n1.2.1. Escola Positiva<br \/>\n1.2.2. Escolas intermedi\u00e1rias e teorias ambientais<br \/>\n1.2.3. Escola ou Movimento de Defesa Social2. Criminologia: conceito.<br \/>\n2.1. Rela\u00e7\u00e3o da Criminologia com o Direito Penal e com a Pol\u00edtica Criminal.<br \/>\n3. M\u00e9todo: Empirismo e Interdisciplinaridade<br \/>\n3.1. T\u00e9cnicas de investiga\u00e7\u00e3o<br \/>\n4. Objetos da Criminologia<br \/>\n4.1. Delito<br \/>\n4.2. Delinquente<br \/>\n4.2.1. Concep\u00e7\u00f5es e classifica\u00e7\u00e3o dos criminosos<br \/>\n4.2.2. Progn\u00f3stico criminol\u00f3gico<br \/>\n4.3. V\u00edtima<br \/>\n4.3.1. Contribui\u00e7\u00e3o da v\u00edtima para a g\u00eanese e desenvolvimento do delito<br \/>\n4.3.2. Repara\u00e7\u00e3o do dano causado \u00e0 v\u00edtima do delito<br \/>\n4.4. Controle social do delito<br \/>\n5. Fun\u00e7\u00f5es da Criminologia<br \/>\n6. A moderna Criminologia e suas rela\u00e7\u00f5es com:<br \/>\n6.1. Sociologia Criminal:<br \/>\n6.1.1. Escola de Chicago<br \/>\n6.1.2. Teorias estruturais funcionalistas<br \/>\n6.1.3. Teorias do conflito<br \/>\n6.1.4. Teorias subculturais<br \/>\n6.1.5. Teorias do processo social<br \/>\n6.2. Biologia Criminal<br \/>\n6.2.1. Fatores biol\u00f3gicos condicionantes do comportamento delitivo<br \/>\n6.2.2. Teorias de orienta\u00e7\u00e3o biol\u00f3gica<br \/>\n6.3. Psicologia Criminal<br \/>\n6.3.1. Impulsividade criminal sob a \u00f3tica psicanal\u00edtica<br \/>\n6.3.2. O crime como express\u00e3o:<br \/>\n&#8211; Da psicopatologia<br \/>\n&#8211; Da toxicomania<br \/>\nalcoolismo<br \/>\n7. Preven\u00e7\u00e3o do delito no Estado Democr\u00e1tico de Direito.<br \/>\n7.1. Conceitos e tipos de preven\u00e7\u00e3o<br \/>\n7.2. Modelos: cl\u00e1ssico, neocl\u00e1ssico, situacional, socialista<br \/>\n7.3. Bases da moderna pol\u00edtica criminal de preven\u00e7\u00e3o do delito<br \/>\n8. Modelos de rea\u00e7\u00e3o ao delito<br \/>\n8.1. Dissuas\u00f3rio cl\u00e1ssico<br \/>\n8.2. Do paradigma ressocializador<br \/>\n8.3. Integrador<br \/>\n8.4. Criminol\u00f3gico cr\u00edtico<br \/>\n8.5. De seguran\u00e7a cidad\u00e3<br \/>\n8.6. Modelo ideal<br \/>\n9. Programas (pol\u00edtica criminal) de preven\u00e7\u00e3o do delito:<br \/>\n9.1. Sobre determinadas \u00e1reas geogr\u00e1ficas<br \/>\n9.2 Por meio do desenho arquitet\u00f4nico e urban\u00edstico<br \/>\n9.3. De orienta\u00e7\u00e3o comunit\u00e1ria<br \/>\n9.4. De preven\u00e7\u00e3o vitim\u00e1ria<br \/>\n9.5. De inspira\u00e7\u00e3o pol\u00edtico-social<br \/>\n9.6. Dirigidos \u00e0 reflex\u00e3o axiol\u00f3gica<br \/>\n9.7. De orienta\u00e7\u00e3o cognitiva<br \/>\n9.8. De preven\u00e7\u00e3o da reincid\u00eancia<br \/>\nResolu\u00e7\u00e3o de testes<\/p>\n<p><strong>OBSERVA\u00c7\u00d5ES<\/strong><br \/>\n\u2022 A Universidade se reserva o direito de alterar o cronograma e o corpo docente.<br \/>\n\u2022 Documenta\u00e7\u00e3o necess\u00e1ria: c\u00f3pias do RG, CPF.<br \/>\n\u2022 A inscri\u00e7\u00e3o presencial s\u00f3 poder\u00e1 ser efetuada pelo interessado no curso, ou por pessoa munida de procura\u00e7\u00e3o autenticada em cart\u00f3rio.<br \/>\n\u2022 A efetiva\u00e7\u00e3o da matr\u00edcula est\u00e1 condicionada ao pagamento do boleto da 1\u00aa. parcela e entrega da documenta\u00e7\u00e3o exigida.<\/p>\n<p><strong>OUTRAS INFORMA\u00c7\u00d5ES<br \/>\n<\/strong>Departamento de Atendimento Integrado<br \/>\nTelefone: (13) 3205-5555<br \/>\nE-mail: dat@unisantos.br<\/p>\n","protected":false},"excerpt":{"rendered":"<p>CARGA HOR\u00c1RIA 25\u00a0horas LOCAL Campus Dom Id\u00edlio Jos\u00e9 Soares OBJETIVOS \u2022\u00a0O estudo do crime como um problema social que envolve [&hellip;]<\/p>\n","protected":false},"author":1,"featured_media":671,"parent":399,"menu_order":0,"comment_status":"closed","ping_status":"closed","template":"","meta":{"footnotes":""},"_links":{"self":[{"href":"https:\/\/www.unisantos.br\/pos\/wp-json\/wp\/v2\/pages\/516"}],"collection":[{"href":"https:\/\/www.unisantos.br\/pos\/wp-json\/wp\/v2\/pages"}],"about":[{"href":"https:\/\/www.unisantos.br\/pos\/wp-json\/wp\/v2\/types\/page"}],"author":[{"embeddable":true,"href":"https:\/\/www.unisantos.br\/pos\/wp-json\/wp\/v2\/users\/1"}],"replies":[{"embeddable":true,"href":"https:\/\/www.unisantos.br\/pos\/wp-json\/wp\/v2\/comments?post=516"}],"version-history":[{"count":3,"href":"https:\/\/www.unisantos.br\/pos\/wp-json\/wp\/v2\/pages\/516\/revisions"}],"predecessor-version":[{"id":4679,"href":"https:\/\/www.unisantos.br\/pos\/wp-json\/wp\/v2\/pages\/516\/revisions\/4679"}],"up":[{"embeddable":true,"href":"https:\/\/www.unisantos.br\/pos\/wp-json\/wp\/v2\/pages\/399"}],"wp:featuredmedia":[{"embeddable":true,"href":"https:\/\/www.unisantos.br\/pos\/wp-json\/wp\/v2\/media\/671"}],"wp:attachment":[{"href":"https:\/\/www.unisantos.br\/pos\/wp-json\/wp\/v2\/media?parent=516"}],"curies":[{"name":"wp","href":"https:\/\/api.w.org\/{rel}","templated":true}]}}