{"id":514,"date":"2018-10-11T17:20:38","date_gmt":"2018-10-11T20:20:38","guid":{"rendered":"https:\/\/www.unisantos.br\/pos\/?page_id=514"},"modified":"2023-01-03T12:12:51","modified_gmt":"2023-01-03T15:12:51","slug":"conflitos-e-resolucao-de-conflitos-no-sistema-internacional","status":"publish","type":"page","link":"https:\/\/www.unisantos.br\/pos\/qualificacao\/conflitos-e-resolucao-de-conflitos-no-sistema-internacional\/","title":{"rendered":"Conflitos e Resolu\u00e7\u00e3o de Conflitos no Sistema Internacional"},"content":{"rendered":"<p><strong>OBJETIVO<br \/>\n<\/strong>Dotar os alunos das ferramentas anal\u00edticas necess\u00e1rias para abordar a viol\u00eancia pol\u00edtica e os mecanismos de recondu\u00e7\u00e3o da conflitualidade a meios pac\u00edficos.<\/p>\n<p><strong>P\u00daBLICO-ALVO<\/strong><br \/>\n\u2022 Graduados em Rela\u00e7\u00f5es Internacionais, Administra\u00e7\u00e3o, Ci\u00eancia Pol\u00edtica, Direito, Economia, Comunica\u00e7\u00e3o Social, Hist\u00f3ria, Geografia, Ci\u00eancias Sociais;<br \/>\n\u2022 Gestores p\u00fablicos e de ONGs;<br \/>\n\u2022 Professores de Ensino M\u00e9dio (Hist\u00f3ria, Geografia, Sociologia, Filosofia);<br \/>\n\u2022 Cientistas sociais;<br \/>\n\u2022 Consultores empresariais;<br \/>\n\u2022 Empreendedores;<br \/>\n\u2022 Diretores e executivos de empresas multinacionais ou em processo de internacionaliza\u00e7\u00e3o;<br \/>\n\u2022 Profissionais da Sa\u00fade;<br \/>\n\u2022 Candidatos \u00e0 carreira de diplomata (Itamaraty).<\/p>\n<p><strong>CONTE\u00daDO<\/strong><br \/>\n\u2022 M\u00f3dulo 1: Enquadramento te\u00f3rico e conceitual\u00a0 e Evolu\u00e7\u00e3o dos conflitos violentos contempor\u00e2neos<br \/>\n\u2022 M\u00f3dulo 2: Conflitualidade econ\u00f4mica; Preven\u00e7\u00e3o de conflitos<br \/>\n\u2022 M\u00f3dulo 3: Resolu\u00e7\u00e3o de crises e reconstru\u00e7\u00e3o; Mapeamento de conflitos<\/p>\n<p><strong>OBSERVA\u00c7\u00d5ES<\/strong><br \/>\n\u2022 A Universidade se reserva o direito de alterar o cronograma e o corpo docente.<br \/>\n\u2022 Documenta\u00e7\u00e3o necess\u00e1ria: c\u00f3pias do RG, CPF.<br \/>\n\u2022 A inscri\u00e7\u00e3o presencial s\u00f3 poder\u00e1 ser efetuada pelo interessado no curso, ou por pessoa munida de procura\u00e7\u00e3o autenticada em cart\u00f3rio.<br \/>\n\u2022 A efetiva\u00e7\u00e3o da matr\u00edcula est\u00e1 condicionada ao pagamento do boleto da 1\u00aa. parcela e entrega da documenta\u00e7\u00e3o exigida.<\/p>\n<p><strong>OUTRAS INFORMA\u00c7\u00d5ES<br \/>\n<\/strong>Departamento de Atendimento Integrado<br \/>\nTelefone: (13) 3205-5555<br \/>\nE-mail: dat@unisantos.br<\/p>\n","protected":false},"excerpt":{"rendered":"<p>OBJETIVO Dotar os alunos das ferramentas anal\u00edticas necess\u00e1rias para abordar a viol\u00eancia pol\u00edtica e os mecanismos de recondu\u00e7\u00e3o da conflitualidade [&hellip;]<\/p>\n","protected":false},"author":1,"featured_media":671,"parent":399,"menu_order":0,"comment_status":"closed","ping_status":"closed","template":"","meta":{"footnotes":""},"_links":{"self":[{"href":"https:\/\/www.unisantos.br\/pos\/wp-json\/wp\/v2\/pages\/514"}],"collection":[{"href":"https:\/\/www.unisantos.br\/pos\/wp-json\/wp\/v2\/pages"}],"about":[{"href":"https:\/\/www.unisantos.br\/pos\/wp-json\/wp\/v2\/types\/page"}],"author":[{"embeddable":true,"href":"https:\/\/www.unisantos.br\/pos\/wp-json\/wp\/v2\/users\/1"}],"replies":[{"embeddable":true,"href":"https:\/\/www.unisantos.br\/pos\/wp-json\/wp\/v2\/comments?post=514"}],"version-history":[{"count":3,"href":"https:\/\/www.unisantos.br\/pos\/wp-json\/wp\/v2\/pages\/514\/revisions"}],"predecessor-version":[{"id":4677,"href":"https:\/\/www.unisantos.br\/pos\/wp-json\/wp\/v2\/pages\/514\/revisions\/4677"}],"up":[{"embeddable":true,"href":"https:\/\/www.unisantos.br\/pos\/wp-json\/wp\/v2\/pages\/399"}],"wp:featuredmedia":[{"embeddable":true,"href":"https:\/\/www.unisantos.br\/pos\/wp-json\/wp\/v2\/media\/671"}],"wp:attachment":[{"href":"https:\/\/www.unisantos.br\/pos\/wp-json\/wp\/v2\/media?parent=514"}],"curies":[{"name":"wp","href":"https:\/\/api.w.org\/{rel}","templated":true}]}}