{"id":512,"date":"2018-10-11T17:20:20","date_gmt":"2018-10-11T20:20:20","guid":{"rendered":"https:\/\/www.unisantos.br\/pos\/?page_id=512"},"modified":"2023-01-03T12:10:33","modified_gmt":"2023-01-03T15:10:33","slug":"curso-complementar-de-capacitacao-de-mediadores-e-conciliadores-judiciais-em-direito-ambiental","status":"publish","type":"page","link":"https:\/\/www.unisantos.br\/pos\/qualificacao\/curso-complementar-de-capacitacao-de-mediadores-e-conciliadores-judiciais-em-direito-ambiental\/","title":{"rendered":"Curso Complementar de Capacita\u00e7\u00e3o de Mediadores e Conciliadores Judiciais em Direito Ambiental"},"content":{"rendered":"<p>Curso credenciado pelo N\u00facleo Permanente de M\u00e9todos Consensuais de Solu\u00e7\u00e3o de Conflitos do Tribunal de Justi\u00e7a do Estado de S\u00e3o Paulo (Processo 2012\/139889)<\/p>\n<p>Resolu\u00e7\u00e3o n\u00ba. 125\/2010 do Conselho Nacional de Justi\u00e7a e Emenda n\u00ba 01\/2013<\/p>\n<p><strong style=\"line-height: 1.5em;\">CARGA HOR\u00c1RIA<br \/>\n<\/strong>20\u00a0horas<\/p>\n<p><strong>LOCAL<\/strong><br \/>\nCampus Dom Id\u00edlio Jos\u00e9 Soares<\/p>\n<p><strong>OBJETIVOS<\/strong><br \/>\n\u2022\u00a0Conhecer a normatiza\u00e7\u00e3o referente ao tema do Curso;<br \/>\n\u2022\u00a0Compreender a pol\u00edtica p\u00fablica de tratamento aos meios alternativos de solu\u00e7\u00e3o de conflitos no \u00e2mbito ambiental;<br \/>\n\u2022\u00a0Refletir sobre o conceito de \u201cconflito\u201d ambiental em seus v\u00e1rios aspectos;<br \/>\n\u2022\u00a0Conhecer o panorama nacional e internacional dos meios alternativos de solu\u00e7\u00f5es de conflitos e principais metodologias para a resolu\u00e7\u00e3o ambiental;<br \/>\n\u2022\u00a0Aprimorar habilidades mediadoras.<\/p>\n<p><strong>P\u00daBLICO-ALVO<\/strong><br \/>\nAdvogados; membros da Magistratura e do Minist\u00e9rio P\u00fablico; promotores; mediadores; gestores de Recursos Humanos; administradores; psic\u00f3logos; assistentes sociais; contadores; conciliadores; estudantes; e demais interessados.<\/p>\n<p><strong>PR\u00c9-REQUISITO<\/strong><br \/>\nTer feito curso de Capacita\u00e7\u00e3o em Media\u00e7\u00e3o e Concilia\u00e7\u00e3o (Resolu\u00e7\u00e3o n\u00ba 125\/10 do CNJ)<\/p>\n<p><strong>M\u00d3DULO \u00daNICO<br \/>\nIntrodu\u00e7\u00e3o aos Meios Alternativos de Solu\u00e7\u00e3o de Conflitos Socioambientais<\/strong><br \/>\n\u2022\u00a0Meio Ambiente<br \/>\n\u2022\u00a0No\u00e7\u00f5es de Direito Ambiental e Responsabilidades<br \/>\n\u2022\u00a0Conflitos Ambientais<br \/>\n\u2022\u00a0Media\u00e7\u00e3o Socioambiental<br \/>\n\u2022\u00a0Din\u00e2mica de Casos Pr\u00e1ticos<\/p>\n<p><strong>OUTRAS INFORMA\u00c7\u00d5ES<\/strong><br \/>\nDepartamento de Atendimento Integrado<br \/>\nTelefone: (13) 3205-5555<br \/>\nE-mail: dat@unisantos.br<\/p>\n","protected":false},"excerpt":{"rendered":"<p>Curso credenciado pelo N\u00facleo Permanente de M\u00e9todos Consensuais de Solu\u00e7\u00e3o de Conflitos do Tribunal de Justi\u00e7a do Estado de S\u00e3o [&hellip;]<\/p>\n","protected":false},"author":1,"featured_media":671,"parent":399,"menu_order":0,"comment_status":"closed","ping_status":"closed","template":"","meta":{"footnotes":""},"_links":{"self":[{"href":"https:\/\/www.unisantos.br\/pos\/wp-json\/wp\/v2\/pages\/512"}],"collection":[{"href":"https:\/\/www.unisantos.br\/pos\/wp-json\/wp\/v2\/pages"}],"about":[{"href":"https:\/\/www.unisantos.br\/pos\/wp-json\/wp\/v2\/types\/page"}],"author":[{"embeddable":true,"href":"https:\/\/www.unisantos.br\/pos\/wp-json\/wp\/v2\/users\/1"}],"replies":[{"embeddable":true,"href":"https:\/\/www.unisantos.br\/pos\/wp-json\/wp\/v2\/comments?post=512"}],"version-history":[{"count":5,"href":"https:\/\/www.unisantos.br\/pos\/wp-json\/wp\/v2\/pages\/512\/revisions"}],"predecessor-version":[{"id":4675,"href":"https:\/\/www.unisantos.br\/pos\/wp-json\/wp\/v2\/pages\/512\/revisions\/4675"}],"up":[{"embeddable":true,"href":"https:\/\/www.unisantos.br\/pos\/wp-json\/wp\/v2\/pages\/399"}],"wp:featuredmedia":[{"embeddable":true,"href":"https:\/\/www.unisantos.br\/pos\/wp-json\/wp\/v2\/media\/671"}],"wp:attachment":[{"href":"https:\/\/www.unisantos.br\/pos\/wp-json\/wp\/v2\/media?parent=512"}],"curies":[{"name":"wp","href":"https:\/\/api.w.org\/{rel}","templated":true}]}}