{"id":51,"date":"2018-10-05T16:09:58","date_gmt":"2018-10-05T19:09:58","guid":{"rendered":"https:\/\/www.unisantos.br\/pos\/?page_id=51"},"modified":"2026-04-07T18:27:40","modified_gmt":"2026-04-07T21:27:40","slug":"doutorado-em-educacao","status":"publish","type":"page","link":"https:\/\/www.unisantos.br\/pos\/stricto-sensu\/doutorado\/doutorado-em-educacao\/","title":{"rendered":"Doutorado em Educa\u00e7\u00e3o"},"content":{"rendered":"<p>O Curso de Doutorado em Educa\u00e7\u00e3o da Universidade Cat\u00f3lica de Santos insere-se na \u00e1rea b\u00e1sica de Educa\u00e7\u00e3o, e foi recomendado pelo Conselho T\u00e9cnico-Cient\u00edfico da Educa\u00e7\u00e3o Superior (CTC\/ES) da Capes, em dezembro de 2015, obtendo a renova\u00e7\u00e3o de reconhecimento em mar\u00e7o de 2019, conforme a Portaria MEC n\u00ba 609 &#8211;\u00a0D.O.U de 18\/03\/2019.<\/p>\n<p><strong>Miss\u00e3o<\/strong><br \/>\nO Programa de Educa\u00e7\u00e3o da UniSantos toma como base os princ\u00edpios crist\u00e3os e \u00e9ticos da miss\u00e3o institucional, voltados ao aprimoramento pessoal, profissional e humano, por meio da investiga\u00e7\u00e3o cient\u00edfica e da produ\u00e7\u00e3o acad\u00eamica. Visa, assim, contribuir para o desenvolvimento da ci\u00eancia da educa\u00e7\u00e3o em conson\u00e2ncia com o compromisso da universidade, formando pesquisadores cr\u00edticos e conscientes de sua responsabilidade social.<\/p>\n<p><strong>Objetivos<br \/>\n<\/strong>1) Formar pesquisadores com s\u00f3lida forma\u00e7\u00e3o na \u00e1rea da Educa\u00e7\u00e3o;<br \/>\n2) Produzir conhecimento cient\u00edfico relevante na \u00e1rea da Educa\u00e7\u00e3o e, especificamente, nos campos das linhas de pesquisa do Programa;<br \/>\n3) Fortalecer o di\u00e1logo entre o ensino superior e a educa\u00e7\u00e3o b\u00e1sica, de modo a promover pol\u00edticas e pr\u00e1ticas colaborativas;<br \/>\n4) Promover o interc\u00e2mbio com diferentes setores e segmentos da sociedade, de modo a contribuir com a melhoria da qualidade da Educa\u00e7\u00e3o;<br \/>\n5) Incentivar parcerias institucionais, com vistas ao desenvolvimento de projetos interinstitucionais, em \u00e2mbito nacional e internacional, e \u00e0 produ\u00e7\u00e3o cient\u00edfica na \u00e1rea.<\/p>\n<p><strong>\u00c1rea de Concentra\u00e7\u00e3o<\/strong>: <strong>Educa\u00e7\u00e3o e Forma\u00e7\u00e3o<\/strong><\/p>\n<p><strong>Linhas de Pesquisa<\/strong><br \/>\n1. Pol\u00edticas e Pr\u00e1ticas de Forma\u00e7\u00e3o de Professores (Linha de Pesquisa 1)<br \/>\n2. Pol\u00edticas P\u00fablicas Educacionais (Linha de Pesquisa 2)<\/p>\n<p><strong>P\u00fablico-alvo<\/strong><br \/>\nProfissionais da Educa\u00e7\u00e3o B\u00e1sica e Superior; profissionais e graduados em outras \u00e1reas de conhecimento com titula\u00e7\u00e3o de Mestrado que buscam qualifica\u00e7\u00e3o para a pesquisa, prepara\u00e7\u00e3o para a doc\u00eancia em n\u00edvel superior e aprimoramento da pr\u00e1tica pedag\u00f3gica e desenvolvimento de projetos inovadores na \u00e1rea da Educa\u00e7\u00e3o.<\/p>\n<p><strong>Dura\u00e7\u00e3o<\/strong><br \/>\n48 meses (8 semestres).<\/p>\n<p><strong>Regime letivo<\/strong><br \/>\nSemestral.<\/p>\n<p><strong>Total de cr\u00e9ditos<\/strong><br \/>\n90, distribu\u00eddos ao longo dos 8 semestres, correspondentes a 1.350 horas, sendo que a unidade de cr\u00e9dito equivale a 15 horas.<\/p>\n<p><strong>Exame de Qualifica\u00e7\u00e3o<\/strong><br \/>\nPreferencialmente realizado ao final do 4\u00ba. semestre.<\/p>\n<p><strong>Defesa da Tese<\/strong><br \/>\n48\u00ba. m\u00eas (8\u00ba. semestre).<\/p>\n<p><strong>Matr\u00edcula<\/strong><br \/>\nRealizada em todos os semestres do Programa at\u00e9 a defesa da tese.<\/p>\n<p><strong>Numero m\u00ednimo de horas dedicadas ao Doutorado<\/strong><br \/>\n20 horas semanais, al\u00e9m de disponibilidade para participa\u00e7\u00e3o em eventos cient\u00edficos da \u00e1rea e realiza\u00e7\u00e3o de est\u00e1gio\/interc\u00e2mbio em outras institui\u00e7\u00f5es no Brasil ou no exterior.<\/p>\n<p><strong>Est\u00e1gio de doc\u00eancia<\/strong><br \/>\n\u00c9 realizado em, no m\u00ednimo, um semestre. Obrigat\u00f3rio aos alunos bolsistas Capes, na forma do Artigo 21 da Portaria Capes 149\/2017. Complementado pelo Artigo 58 do Regulamento da P\u00f3s-Gradua\u00e7\u00e3o da UniSantos, todos os bolsistas Capes-Prosuc devem realizar est\u00e1gio de doc\u00eancia nos cursos de gradua\u00e7\u00e3o da Universidade.<\/p>\n<p><strong>Bolsas vinculadas a ag\u00eancias de fomento<\/strong><br \/>\nConcedidas por meio de editais espec\u00edficos divulgados no portal da Universidade.<\/p>\n<p><strong>Bolsas institucionais<\/strong><br \/>\nAcess\u00edveis por meio do Programa Institucional de Bolsas da Universidade.<\/p>\n<p><strong>Coordena\u00e7\u00e3o<\/strong><br \/>\nProf. Dr. Roberto Ara\u00fajo da Silva Vasques Rabelo<\/p>\n<p><strong>Secretaria Acad\u00eamica<br \/>\n<\/strong>Campus Dom Id\u00edlio Jos\u00e9 Soares<br \/>\nEndere\u00e7o: Av. Conselheiro N\u00e9bias, 300 \u2013 Vila Mathias, Santos<br \/>\nAtendimento: De 2\u00aa a 6\u00aa-feira, das 9h \u00e0s 14h e das 15h \u00e0s 18h30<br \/>\nTelefone: (13) 3205-5555 \u2013 ramal 1360<br \/>\nE-mail: secretariaposgraduacao@unisantos.br<\/p>\n","protected":false},"excerpt":{"rendered":"<p>O Curso de Doutorado em Educa\u00e7\u00e3o da Universidade Cat\u00f3lica de Santos insere-se na \u00e1rea b\u00e1sica de Educa\u00e7\u00e3o, e foi recomendado [&hellip;]<\/p>\n","protected":false},"author":1,"featured_media":52,"parent":21,"menu_order":0,"comment_status":"closed","ping_status":"closed","template":"","meta":{"footnotes":""},"_links":{"self":[{"href":"https:\/\/www.unisantos.br\/pos\/wp-json\/wp\/v2\/pages\/51"}],"collection":[{"href":"https:\/\/www.unisantos.br\/pos\/wp-json\/wp\/v2\/pages"}],"about":[{"href":"https:\/\/www.unisantos.br\/pos\/wp-json\/wp\/v2\/types\/page"}],"author":[{"embeddable":true,"href":"https:\/\/www.unisantos.br\/pos\/wp-json\/wp\/v2\/users\/1"}],"replies":[{"embeddable":true,"href":"https:\/\/www.unisantos.br\/pos\/wp-json\/wp\/v2\/comments?post=51"}],"version-history":[{"count":117,"href":"https:\/\/www.unisantos.br\/pos\/wp-json\/wp\/v2\/pages\/51\/revisions"}],"predecessor-version":[{"id":7234,"href":"https:\/\/www.unisantos.br\/pos\/wp-json\/wp\/v2\/pages\/51\/revisions\/7234"}],"up":[{"embeddable":true,"href":"https:\/\/www.unisantos.br\/pos\/wp-json\/wp\/v2\/pages\/21"}],"wp:featuredmedia":[{"embeddable":true,"href":"https:\/\/www.unisantos.br\/pos\/wp-json\/wp\/v2\/media\/52"}],"wp:attachment":[{"href":"https:\/\/www.unisantos.br\/pos\/wp-json\/wp\/v2\/media?parent=51"}],"curies":[{"name":"wp","href":"https:\/\/api.w.org\/{rel}","templated":true}]}}