{"id":508,"date":"2018-10-11T17:16:55","date_gmt":"2018-10-11T20:16:55","guid":{"rendered":"https:\/\/www.unisantos.br\/pos\/?page_id=508"},"modified":"2023-08-14T14:06:48","modified_gmt":"2023-08-14T17:06:48","slug":"cenarios-micro-e-macroeconomicos-e-gestao-financeira","status":"publish","type":"page","link":"https:\/\/www.unisantos.br\/pos\/qualificacao\/cenarios-micro-e-macroeconomicos-e-gestao-financeira\/","title":{"rendered":"Cen\u00e1rios Micro e Macroecon\u00f4micos e Gest\u00e3o Financeira"},"content":{"rendered":"<p><strong>CARGA HOR\u00c1RIA<br \/>\n<\/strong>40 horas<\/p>\n<p><strong>OBJETIVOS<\/strong><br \/>\n\u2022\u00a0Estudar a teoria e a pol\u00edtica econ\u00f4mica nacional e internacional, para capacitar o aluno a entender os acontecimentos recentes mais importantes no campo da estrutura econ\u00f4mica mundial.<br \/>\n\u2022\u00a0Dar ao aluno melhores condi\u00e7\u00f5es para participar dos neg\u00f3cios em um mundo globalizado.<br \/>\n\u2022\u00a0Transmitir os conhecimentos b\u00e1sicos de contabilidade para que os participantes tenham uma boa no\u00e7\u00e3o da l\u00f3gica cont\u00e1bil e formata\u00e7\u00e3o dos demonstrativos cont\u00e1beis.<\/p>\n<p><strong>P\u00daBLICO-ALVO<br \/>\n<\/strong>Graduados\u00a0que queiram\u00a0ampliar conceitos em gest\u00e3o do comportamento organizacional, al\u00e9m de dirigentes empresariais,\u00a0gestores,\u00a0consultores e\u00a0profissionais que tenham necessidade de dominar e instrumentalizar os conceitos de gest\u00e3o e transforma\u00e7\u00e3o do comportamento humano dentro das organiza\u00e7\u00f5es.<\/p>\n<p><strong>OBSERVA\u00c7\u00d5ES<\/strong><br \/>\n\u2022 A Universidade se reserva o direito de alterar o cronograma e o corpo docente.<br \/>\n\u2022 Documenta\u00e7\u00e3o necess\u00e1ria: c\u00f3pias do RG, CPF.<br \/>\n\u2022 A inscri\u00e7\u00e3o presencial s\u00f3 poder\u00e1 ser efetuada pelo interessado no curso, ou por pessoa munida de procura\u00e7\u00e3o autenticada em cart\u00f3rio.<br \/>\n\u2022 A efetiva\u00e7\u00e3o da matr\u00edcula est\u00e1 condicionada ao pagamento do boleto da 1\u00aa. parcela e entrega da documenta\u00e7\u00e3o exigida.<\/p>\n","protected":false},"excerpt":{"rendered":"<p>CARGA HOR\u00c1RIA 40 horas OBJETIVOS \u2022\u00a0Estudar a teoria e a pol\u00edtica econ\u00f4mica nacional e internacional, para capacitar o aluno a [&hellip;]<\/p>\n","protected":false},"author":1,"featured_media":683,"parent":399,"menu_order":0,"comment_status":"closed","ping_status":"closed","template":"","meta":{"footnotes":""},"_links":{"self":[{"href":"https:\/\/www.unisantos.br\/pos\/wp-json\/wp\/v2\/pages\/508"}],"collection":[{"href":"https:\/\/www.unisantos.br\/pos\/wp-json\/wp\/v2\/pages"}],"about":[{"href":"https:\/\/www.unisantos.br\/pos\/wp-json\/wp\/v2\/types\/page"}],"author":[{"embeddable":true,"href":"https:\/\/www.unisantos.br\/pos\/wp-json\/wp\/v2\/users\/1"}],"replies":[{"embeddable":true,"href":"https:\/\/www.unisantos.br\/pos\/wp-json\/wp\/v2\/comments?post=508"}],"version-history":[{"count":2,"href":"https:\/\/www.unisantos.br\/pos\/wp-json\/wp\/v2\/pages\/508\/revisions"}],"predecessor-version":[{"id":5513,"href":"https:\/\/www.unisantos.br\/pos\/wp-json\/wp\/v2\/pages\/508\/revisions\/5513"}],"up":[{"embeddable":true,"href":"https:\/\/www.unisantos.br\/pos\/wp-json\/wp\/v2\/pages\/399"}],"wp:featuredmedia":[{"embeddable":true,"href":"https:\/\/www.unisantos.br\/pos\/wp-json\/wp\/v2\/media\/683"}],"wp:attachment":[{"href":"https:\/\/www.unisantos.br\/pos\/wp-json\/wp\/v2\/media?parent=508"}],"curies":[{"name":"wp","href":"https:\/\/api.w.org\/{rel}","templated":true}]}}