{"id":506,"date":"2018-10-11T17:16:27","date_gmt":"2018-10-11T20:16:27","guid":{"rendered":"https:\/\/www.unisantos.br\/pos\/?page_id=506"},"modified":"2023-08-14T13:46:11","modified_gmt":"2023-08-14T16:46:11","slug":"autocad-2d3d-para-engenheiros-e-designers-modulo-unico-2d3d","status":"publish","type":"page","link":"https:\/\/www.unisantos.br\/pos\/qualificacao\/autocad-2d3d-para-engenheiros-e-designers-modulo-unico-2d3d\/","title":{"rendered":"AutoCAD 2D\/3D para Engenheiros e Designers (M\u00f3dulo \u00danico 2D\/3D)"},"content":{"rendered":"<p><strong>PROFESSORES RESPONS\u00c1VEIS<\/strong><br \/>\nProf. Me. Ant\u00f4nio Miranda Galle\u00e3o (UniSantos)<br \/>\nProf. Dr. Evandro Gama (Cadware)<\/p>\n<p><b>LOCAL<br \/>\n<\/b>Campus Dom Id\u00edlio Jos\u00e9 Soares<\/p>\n<p><strong>OBJETIVOS<br \/>\n<\/strong>Desenvolver habilidades em modelagem CAD 2D\/3D (Computer Aided Design) e utiliza\u00e7\u00e3o do AutoCAD.<\/p>\n<p>Refletir sobre as atuais tend\u00eancias de mercado para os segmentos de Projeto e Simula\u00e7\u00e3o de Produto e F\u00e1brica (<em>Manufacturing<\/em>), Arquitetura, Engenharia e Constru\u00e7\u00e3o (AEC).<br \/>\nOperacionalizar cen\u00e1rios de colabora\u00e7\u00e3o na web, dispositivos m\u00f3veis e trabalho em <em>cloud<\/em>.<\/p>\n<p><strong>P\u00daBLICO-ALVO<\/strong><br \/>\nEstudantes de gradua\u00e7\u00e3o e p\u00f3s-gradua\u00e7\u00e3o dos cursos de Engenharia, Tecnologia, Design e Arquitetura &#8211; ciclo b\u00e1sico, engenharia ambiental e sanit\u00e1ria, computa\u00e7\u00e3o, produ\u00e7\u00e3o, de alimentos, civil, controle e automa\u00e7\u00e3o, el\u00e9trica, eletr\u00f4nica, mec\u00e2nica, materiais, qu\u00edmica, bioprocessos e biotecnologia, e petr\u00f3leo, entre outras. Profissionais das \u00e1reas de educa\u00e7\u00e3o, ind\u00fastria e servi\u00e7os.<\/p>\n<p><strong>CONTE\u00daDO<br \/>\n<\/strong>&#8211; AutoCAD 2017 Workspace &#8211; Configura\u00e7\u00e3o da \u00c1rea de Trabalho;<br \/>\n&#8211; Design Feed e A360 &#8211; Ferramentas de colabora\u00e7\u00e3o local e remota;<br \/>\n&#8211; Sistemas de Coordenadas WCS\/UCS; Modo de captura de pontos e entidades;<br \/>\n&#8211; Cria\u00e7\u00e3o e edi\u00e7\u00e3o de objetos b\u00e1sicos e complexos 2D e 3D;<br \/>\n&#8211; Laborat\u00f3rio 01;<br \/>\n&#8211; Laborat\u00f3rio 02;<br \/>\n&#8211; Ferramentas para layout, controle de vistas e estilos de visualiza\u00e7\u00e3o;<br \/>\n&#8211; Laborat\u00f3rio 03;<br \/>\n&#8211; Ferramentas de escala, ajustes, layers, textos, cotas, tabelas, blocos e atributos;<br \/>\n&#8211; Conceitua\u00e7\u00e3o de desenho param\u00e9trico, XREF, OLE (Excel) e hyperlink;<br \/>\n&#8211; Formatos de importa\u00e7\u00e3o 2D\/3D: raster, imagens, 3DS, IGES, JT, DGN, STEP e outros;<br \/>\n&#8211; Formatos de exporta\u00e7\u00e3o para papel, Web, DWFx (XML), cloud e impress\u00e3o 3D;<br \/>\n&#8211; Conhecimentos de aplica\u00e7\u00f5es VB, LISP, VBA Macro, plug-ins e APPs;<br \/>\n&#8211; Laborat\u00f3rio 04 \u2013 Parte A;<br \/>\n&#8211; Drafting &amp; Annotation, 3D Basics e 3D Modeling;<br \/>\n&#8211; Laborat\u00f3rio 04 \u2013 Parte B;<br \/>\n&#8211; Laborat\u00f3rio 05 (opcional);<br \/>\n&#8211; Avalia\u00e7\u00e3o Geral;<br \/>\n&#8211; Vis\u00e3o completa das Collections da Autodesk;<br \/>\n&#8211; Conceitua\u00e7\u00e3o ampliada de PLM e BIM;<br \/>\n&#8211; Ambientes Model Space e Paper Space &amp; Delivery;<br \/>\n&#8211; Avalia\u00e7\u00e3o Final.<\/p>\n<p><strong>OBSERVA\u00c7\u00d5ES<br \/>\n<\/strong>A Universidade se reserva o direito de alterar o cronograma e o corpo docente.<br \/>\nDocumenta\u00e7\u00e3o necess\u00e1ria para quem n\u00e3o \u00e9 aluno da Cat\u00f3lica de Santos: c\u00f3pias do RG, CPF, certid\u00e3o de nascimento ou casamento.<br \/>\nA inscri\u00e7\u00e3o presencial s\u00f3 poder\u00e1 ser efetuada pelo interessado no curso, ou por pessoa munida de procura\u00e7\u00e3o autenticada em cart\u00f3rio.<br \/>\nA efetiva\u00e7\u00e3o da matr\u00edcula est\u00e1 condicionada ao pagamento do boleto da 1\u00aa. parcela e entrega da documenta\u00e7\u00e3o exigida.<\/p>\n<div><strong>OUTRAS INFORMA\u00c7\u00d5ES<\/strong><\/div>\n<div>Departamento de Atendimento Integrado<\/div>\n<div>Telefones: (13) 3205-5555 \u2013 ramais 1354\/1384<\/div>\n<div>E-mail: dat@unisantos.br<\/div>\n","protected":false},"excerpt":{"rendered":"<p>PROFESSORES RESPONS\u00c1VEIS Prof. Me. Ant\u00f4nio Miranda Galle\u00e3o (UniSantos) Prof. Dr. Evandro Gama (Cadware) LOCAL Campus Dom Id\u00edlio Jos\u00e9 Soares OBJETIVOS [&hellip;]<\/p>\n","protected":false},"author":1,"featured_media":673,"parent":399,"menu_order":0,"comment_status":"closed","ping_status":"closed","template":"","meta":{"footnotes":""},"_links":{"self":[{"href":"https:\/\/www.unisantos.br\/pos\/wp-json\/wp\/v2\/pages\/506"}],"collection":[{"href":"https:\/\/www.unisantos.br\/pos\/wp-json\/wp\/v2\/pages"}],"about":[{"href":"https:\/\/www.unisantos.br\/pos\/wp-json\/wp\/v2\/types\/page"}],"author":[{"embeddable":true,"href":"https:\/\/www.unisantos.br\/pos\/wp-json\/wp\/v2\/users\/1"}],"replies":[{"embeddable":true,"href":"https:\/\/www.unisantos.br\/pos\/wp-json\/wp\/v2\/comments?post=506"}],"version-history":[{"count":2,"href":"https:\/\/www.unisantos.br\/pos\/wp-json\/wp\/v2\/pages\/506\/revisions"}],"predecessor-version":[{"id":5479,"href":"https:\/\/www.unisantos.br\/pos\/wp-json\/wp\/v2\/pages\/506\/revisions\/5479"}],"up":[{"embeddable":true,"href":"https:\/\/www.unisantos.br\/pos\/wp-json\/wp\/v2\/pages\/399"}],"wp:featuredmedia":[{"embeddable":true,"href":"https:\/\/www.unisantos.br\/pos\/wp-json\/wp\/v2\/media\/673"}],"wp:attachment":[{"href":"https:\/\/www.unisantos.br\/pos\/wp-json\/wp\/v2\/media?parent=506"}],"curies":[{"name":"wp","href":"https:\/\/api.w.org\/{rel}","templated":true}]}}