{"id":504,"date":"2018-10-11T17:16:10","date_gmt":"2018-10-11T20:16:10","guid":{"rendered":"https:\/\/www.unisantos.br\/pos\/?page_id=504"},"modified":"2023-01-03T11:59:47","modified_gmt":"2023-01-03T14:59:47","slug":"atualidades-em-direito-penal-e-processo-penal","status":"publish","type":"page","link":"https:\/\/www.unisantos.br\/pos\/qualificacao\/atualidades-em-direito-penal-e-processo-penal\/","title":{"rendered":"Atualidades em Direito Penal e Processo Penal"},"content":{"rendered":"<p>Curso do Centro de Estudos e Aperfei\u00e7oamento Funcional da Escola Superior do Minist\u00e9rio P\u00fablico.<\/p>\n<p><strong>CARGA HOR\u00c1RIA<br \/>\n<\/strong>32 horas<\/p>\n<p><strong>LOCAL<br \/>\n<\/strong>Campus Dom Id\u00edlio Jos\u00e9 Soares<\/p>\n<p><strong>OBJETIVO<br \/>\n<\/strong>Gerar um f\u00f3rum para a exposi\u00e7\u00e3o de conte\u00fados te\u00f3ricos e pr\u00e1ticos sobre atualidades em Direito Penal e Processo Penal, visando a aprimorar a atua\u00e7\u00e3o funcional dos operadores do Direito.<\/p>\n<p><strong>P\u00daBLICO-ALVO<br \/>\n<\/strong>Membros, servidores e estagi\u00e1rios do Minist\u00e9rio P\u00fablico do Estado de S\u00e3o Paulo, magistrados, defensores p\u00fablicos, delegados de pol\u00edcia, advogados, bachar\u00e9is em Direito, estudantes universit\u00e1rios e demais operadores do Direito.<\/p>\n<p><strong>CONTE\u00daDO<br \/>\n<\/strong>\u2022\u00a0As novas formas de criminalidade<br \/>\n\u2022\u00a0Monitoramento telef\u00f4nico, telem\u00e1tico e das outras formas de sinais<br \/>\n\u2022\u00a0Direito Penal e Justi\u00e7a Restaurativa<br \/>\n\u2022\u00a0Crimes cibern\u00e9ticos<br \/>\n\u2022\u00a0Crime organizado<br \/>\n\u2022\u00a0Narcotr\u00e1fico<br \/>\n\u2022\u00a0Pris\u00f5es e cautelares<br \/>\n\u2022\u00a0Cautelares reais no Processo Penal<\/p>\n<p><strong>OUTRAS INFORMA\u00c7\u00d5ES<br \/>\n<\/strong>Telefones: (11) 3017-7782\/7783\/7777\/7744<br \/>\nE-mail: esmp-secretaria@mp.sp.gov.br<\/p>\n","protected":false},"excerpt":{"rendered":"<p>Curso do Centro de Estudos e Aperfei\u00e7oamento Funcional da Escola Superior do Minist\u00e9rio P\u00fablico. CARGA HOR\u00c1RIA 32 horas LOCAL Campus [&hellip;]<\/p>\n","protected":false},"author":1,"featured_media":671,"parent":399,"menu_order":0,"comment_status":"closed","ping_status":"closed","template":"","meta":{"footnotes":""},"_links":{"self":[{"href":"https:\/\/www.unisantos.br\/pos\/wp-json\/wp\/v2\/pages\/504"}],"collection":[{"href":"https:\/\/www.unisantos.br\/pos\/wp-json\/wp\/v2\/pages"}],"about":[{"href":"https:\/\/www.unisantos.br\/pos\/wp-json\/wp\/v2\/types\/page"}],"author":[{"embeddable":true,"href":"https:\/\/www.unisantos.br\/pos\/wp-json\/wp\/v2\/users\/1"}],"replies":[{"embeddable":true,"href":"https:\/\/www.unisantos.br\/pos\/wp-json\/wp\/v2\/comments?post=504"}],"version-history":[{"count":4,"href":"https:\/\/www.unisantos.br\/pos\/wp-json\/wp\/v2\/pages\/504\/revisions"}],"predecessor-version":[{"id":4672,"href":"https:\/\/www.unisantos.br\/pos\/wp-json\/wp\/v2\/pages\/504\/revisions\/4672"}],"up":[{"embeddable":true,"href":"https:\/\/www.unisantos.br\/pos\/wp-json\/wp\/v2\/pages\/399"}],"wp:featuredmedia":[{"embeddable":true,"href":"https:\/\/www.unisantos.br\/pos\/wp-json\/wp\/v2\/media\/671"}],"wp:attachment":[{"href":"https:\/\/www.unisantos.br\/pos\/wp-json\/wp\/v2\/media?parent=504"}],"curies":[{"name":"wp","href":"https:\/\/api.w.org\/{rel}","templated":true}]}}