{"id":500,"date":"2018-10-11T17:15:08","date_gmt":"2018-10-11T20:15:08","guid":{"rendered":"https:\/\/www.unisantos.br\/pos\/?page_id=500"},"modified":"2023-08-14T13:44:39","modified_gmt":"2023-08-14T16:44:39","slug":"acoes-de-resposta-aos-acidentes-quimicos","status":"publish","type":"page","link":"https:\/\/www.unisantos.br\/pos\/qualificacao\/acoes-de-resposta-aos-acidentes-quimicos\/","title":{"rendered":"A\u00e7\u00f5es de Resposta aos Acidentes Qu\u00edmicos"},"content":{"rendered":"<p><strong>PROFESSORA RESPONS\u00c1VEL<\/strong><br \/>\nProf\u00aa. Dr\u00aa. Michele Leiko Uemura<\/p>\n<p><strong>CARGA HOR\u00c1RIA<\/strong><br \/>\n8 h\/a<\/p>\n<p><strong>LOCAL<\/strong><br \/>\nCampus Dom Id\u00edlio Jos\u00e9 Soares<\/p>\n<p><strong>OBJETIVO<\/strong><br \/>\n&#8211; Capacitar profissionais que atuam com a gest\u00e3o de produtos perigosos;<br \/>\n&#8211; Identificar os conceitos b\u00e1sicos presentes no Manual de Atendimento \u00e0s Emerg\u00eancias Qu\u00edmicas;<br \/>\n&#8211; Refletir sobre os riscos e as metodologias propostas para realizar, de forma segura, o atendimento emergencial envolvendo acidentes com produtos qu\u00edmicos;<br \/>\n&#8211; Avaliar situa\u00e7\u00f5es emergenciais com \u00eanfase para as atividades: industrial, transporte rodovi\u00e1rio, transporte ferrovi\u00e1rio e armazenamento.<\/p>\n<p><strong>P\u00daBLICO-ALVO<\/strong><br \/>\nOperadores; encarregados e gerentes de terminais de armazenamento e\/ou distribui\u00e7\u00e3o de produtos qu\u00edmicos; brigadistas; t\u00e9cnicos e engenheiros de seguran\u00e7a do trabalho; t\u00e9cnicos ambientais e de laborat\u00f3rio; corpo de bombeiros; profissionais de Defesa Civil, inspetores de tr\u00e1fego de concession\u00e1rias e administradoras de rodovias e ferrovias; equipes de emerg\u00eancia e demais profissionais envolvidos com o tema Seguran\u00e7a Qu\u00edmica<\/p>\n<p><strong>CONTE\u00daDO<br \/>\n<\/strong>&#8211; Perigos associados aos produtos qu\u00edmicos;<br \/>\n&#8211; Equipamentos de prote\u00e7\u00e3o individual;<br \/>\n&#8211; Equipamentos de monitoramento ambiental;<br \/>\n&#8211; Avalia\u00e7\u00e3o e controle de acidentes qu\u00edmicos;<br \/>\n&#8211; Planejamento de um atendimento \u00e0 emerg\u00eancia;<br \/>\n&#8211; Acionamentos e partes interessadas;<br \/>\n&#8211; Descontamina\u00e7\u00e3o.<\/p>\n<p><strong>OBSERVA\u00c7\u00d5ES<\/strong><br \/>\nA Universidade se reserva o direito de alterar o cronograma e o corpo docente.<br \/>\nDocumenta\u00e7\u00e3o necess\u00e1ria para quem n\u00e3o \u00e9 aluno da Cat\u00f3lica de Santos:\u00a0c\u00f3pias do RG, CPF, certid\u00e3o de nascimento ou casamento.<br \/>\nA inscri\u00e7\u00e3o presencial s\u00f3 poder\u00e1 ser efetuada pelo interessado no curso, ou por pessoa munida de procura\u00e7\u00e3o autenticada em cart\u00f3rio.<br \/>\nA efetiva\u00e7\u00e3o da matr\u00edcula est\u00e1 condicionada ao pagamento do boleto da 1\u00aa. parcela e entrega da documenta\u00e7\u00e3o exigida.<\/p>\n<div>\n<div><strong>OUTRAS INFORMA\u00c7\u00d5ES<\/strong><\/div>\n<div>Departamento de Atendimento Integrado<\/div>\n<div>Telefones: (13) 3205-5555 \u2013 ramais 1354\/1384<\/div>\n<div>E-mail: dat@unisantos.br<\/div>\n<\/div>\n","protected":false},"excerpt":{"rendered":"<p>PROFESSORA RESPONS\u00c1VEL Prof\u00aa. Dr\u00aa. Michele Leiko Uemura CARGA HOR\u00c1RIA 8 h\/a LOCAL Campus Dom Id\u00edlio Jos\u00e9 Soares OBJETIVO &#8211; Capacitar [&hellip;]<\/p>\n","protected":false},"author":1,"featured_media":681,"parent":399,"menu_order":0,"comment_status":"closed","ping_status":"closed","template":"","meta":{"footnotes":""},"_links":{"self":[{"href":"https:\/\/www.unisantos.br\/pos\/wp-json\/wp\/v2\/pages\/500"}],"collection":[{"href":"https:\/\/www.unisantos.br\/pos\/wp-json\/wp\/v2\/pages"}],"about":[{"href":"https:\/\/www.unisantos.br\/pos\/wp-json\/wp\/v2\/types\/page"}],"author":[{"embeddable":true,"href":"https:\/\/www.unisantos.br\/pos\/wp-json\/wp\/v2\/users\/1"}],"replies":[{"embeddable":true,"href":"https:\/\/www.unisantos.br\/pos\/wp-json\/wp\/v2\/comments?post=500"}],"version-history":[{"count":3,"href":"https:\/\/www.unisantos.br\/pos\/wp-json\/wp\/v2\/pages\/500\/revisions"}],"predecessor-version":[{"id":5476,"href":"https:\/\/www.unisantos.br\/pos\/wp-json\/wp\/v2\/pages\/500\/revisions\/5476"}],"up":[{"embeddable":true,"href":"https:\/\/www.unisantos.br\/pos\/wp-json\/wp\/v2\/pages\/399"}],"wp:featuredmedia":[{"embeddable":true,"href":"https:\/\/www.unisantos.br\/pos\/wp-json\/wp\/v2\/media\/681"}],"wp:attachment":[{"href":"https:\/\/www.unisantos.br\/pos\/wp-json\/wp\/v2\/media?parent=500"}],"curies":[{"name":"wp","href":"https:\/\/api.w.org\/{rel}","templated":true}]}}