{"id":498,"date":"2018-10-11T17:14:17","date_gmt":"2018-10-11T20:14:17","guid":{"rendered":"https:\/\/www.unisantos.br\/pos\/?page_id=498"},"modified":"2023-08-14T13:49:56","modified_gmt":"2023-08-14T16:49:56","slug":"acao-corretiva-e-acao-preventiva-na-gestao-ambiental","status":"publish","type":"page","link":"https:\/\/www.unisantos.br\/pos\/qualificacao\/acao-corretiva-e-acao-preventiva-na-gestao-ambiental\/","title":{"rendered":"A\u00e7\u00e3o Corretiva e A\u00e7\u00e3o Preventiva na Gest\u00e3o Ambiental"},"content":{"rendered":"<p><b>PROFESSORA RESPONS\u00c1VEL<\/b><br \/>\nProf\u00aa. Dr\u00aa. Michele Leiko Uemura<\/p>\n<p><strong>CARGA HOR\u00c1RIA<\/strong><br \/>\n8 h\/a<\/p>\n<p><strong>LOCAL<\/strong><br \/>\nCampus Dom Id\u00edlio Jos\u00e9 Soares<\/p>\n<p><strong>OBJETIVOS<br \/>\n<\/strong>&#8211; Compreender o conceito de n\u00e3o conformidade, disposi\u00e7\u00e3o, a\u00e7\u00e3o corretiva e a\u00e7\u00e3o preventiva.<br \/>\n&#8211; Interpretar os requisitos previstos na Norma ISO 14001:15.<br \/>\n&#8211; Implementar a metodologia a partir das etapas de identifica\u00e7\u00e3o de n\u00e3o conformidades, avalia\u00e7\u00e3o e implementa\u00e7\u00e3o de a\u00e7\u00f5es corretivas e a\u00e7\u00f5es preventivas.<br \/>\n&#8211; Discutir a efic\u00e1cia das a\u00e7\u00f5es previstas e implementadas.<\/p>\n<p><strong>P\u00daBLICO-ALVO<\/strong><br \/>\nGestores e profissionais que atuam na \u00e1rea ambiental, profissionais de consultoria, especialistas em gest\u00e3o e demais interessados na \u00e1rea.<\/p>\n<p><strong>CONTE\u00daDO<\/strong><br \/>\n&#8211; Conceito de n\u00e3o conformidade, disposi\u00e7\u00e3o, a\u00e7\u00e3o corretiva e a\u00e7\u00e3o preventiva;<br \/>\n&#8211;\u00a0Interpreta\u00e7\u00e3o dos requisitos espec\u00edficos das respectivas normas;<br \/>\n&#8211;\u00a0Apresenta\u00e7\u00e3o das cinco t\u00e9cnicas estat\u00edsticas mais utilizadas na solu\u00e7\u00e3o de problemas: Fluxogramas, Diagrama de Causa e Efeito, Diagrama de Pareto, Cinco porqu\u00eas;<br \/>\n&#8211;\u00a0Identifica\u00e7\u00e3o das N\u00e3o conformidades;<br \/>\n&#8211;\u00a0Descri\u00e7\u00e3o das N\u00e3o conformidades;<br \/>\n&#8211;\u00a0Sele\u00e7\u00e3o da Equipe Multidisciplinar;<br \/>\n&#8211;\u00a0Defini\u00e7\u00e3o da Disposi\u00e7\u00e3o e A\u00e7\u00e3o Imediata;<br \/>\n&#8211;\u00a0Avalia\u00e7\u00e3o da Abrang\u00eancia da N\u00e3o Conformidade;<br \/>\n&#8211;\u00a0Defini\u00e7\u00e3o das A\u00e7\u00f5es Corretivas e Preventivas;<br \/>\n&#8211;\u00a0An\u00e1lise da Implementa\u00e7\u00e3o das A\u00e7\u00f5es;<br \/>\n&#8211;\u00a0Avalia\u00e7\u00e3o da Efic\u00e1cia das A\u00e7\u00f5es.<\/p>\n<p><strong>OBSERVA\u00c7\u00d5ES<\/strong><br \/>\nA Universidade se reserva o direito de alterar o cronograma e o corpo docente.<br \/>\nDocumenta\u00e7\u00e3o necess\u00e1ria para quem n\u00e3o \u00e9 aluno da Cat\u00f3lica de Santos: c\u00f3pias do RG, CPF, certid\u00e3o de nascimento ou casamento.<br \/>\nA inscri\u00e7\u00e3o presencial s\u00f3 poder\u00e1 ser efetuada pelo interessado no curso, ou por pessoa munida de procura\u00e7\u00e3o autenticada em cart\u00f3rio.<br \/>\nA efetiva\u00e7\u00e3o da matr\u00edcula est\u00e1 condicionada ao pagamento do boleto da 1\u00aa. parcela e entrega da documenta\u00e7\u00e3o exigida.<\/p>\n<div><strong>OUTRAS INFORMA\u00c7\u00d5ES<\/strong><\/div>\n<div>Departamento de Atendimento Integrado<\/div>\n<div>Telefones: (13) 3205-5555 &#8211; ramais 1354\/1384<\/div>\n<div>E-mail: dat@unisantos.br<\/div>\n","protected":false},"excerpt":{"rendered":"<p>PROFESSORA RESPONS\u00c1VEL Prof\u00aa. Dr\u00aa. Michele Leiko Uemura CARGA HOR\u00c1RIA 8 h\/a LOCAL Campus Dom Id\u00edlio Jos\u00e9 Soares OBJETIVOS &#8211; Compreender [&hellip;]<\/p>\n","protected":false},"author":1,"featured_media":675,"parent":399,"menu_order":0,"comment_status":"closed","ping_status":"closed","template":"","meta":{"footnotes":""},"_links":{"self":[{"href":"https:\/\/www.unisantos.br\/pos\/wp-json\/wp\/v2\/pages\/498"}],"collection":[{"href":"https:\/\/www.unisantos.br\/pos\/wp-json\/wp\/v2\/pages"}],"about":[{"href":"https:\/\/www.unisantos.br\/pos\/wp-json\/wp\/v2\/types\/page"}],"author":[{"embeddable":true,"href":"https:\/\/www.unisantos.br\/pos\/wp-json\/wp\/v2\/users\/1"}],"replies":[{"embeddable":true,"href":"https:\/\/www.unisantos.br\/pos\/wp-json\/wp\/v2\/comments?post=498"}],"version-history":[{"count":3,"href":"https:\/\/www.unisantos.br\/pos\/wp-json\/wp\/v2\/pages\/498\/revisions"}],"predecessor-version":[{"id":5494,"href":"https:\/\/www.unisantos.br\/pos\/wp-json\/wp\/v2\/pages\/498\/revisions\/5494"}],"up":[{"embeddable":true,"href":"https:\/\/www.unisantos.br\/pos\/wp-json\/wp\/v2\/pages\/399"}],"wp:featuredmedia":[{"embeddable":true,"href":"https:\/\/www.unisantos.br\/pos\/wp-json\/wp\/v2\/media\/675"}],"wp:attachment":[{"href":"https:\/\/www.unisantos.br\/pos\/wp-json\/wp\/v2\/media?parent=498"}],"curies":[{"name":"wp","href":"https:\/\/api.w.org\/{rel}","templated":true}]}}