{"id":4977,"date":"2023-01-25T00:33:49","date_gmt":"2023-01-25T03:33:49","guid":{"rendered":"https:\/\/www.unisantos.br\/pos\/?page_id=4977"},"modified":"2025-03-07T16:54:05","modified_gmt":"2025-03-07T19:54:05","slug":"metodologias-ativas-e-gamificacao-na-educacao","status":"publish","type":"page","link":"https:\/\/www.unisantos.br\/pos\/lato-sensu\/metodologias-ativas-e-gamificacao-na-educacao\/","title":{"rendered":"Metodologias Ativas e Gamifica\u00e7\u00e3o na Educa\u00e7\u00e3o"},"content":{"rendered":"<p><strong>PROFESSORA RESPONS\u00c1VEL<\/strong><br \/>\nProf\u00aa. Me. Karen Soares Iglesias<\/p>\n<p><strong>CARGA HOR\u00c1RIA<\/strong><br \/>\n360 horas<\/p>\n<p><strong>IN\u00cdCIO<\/strong><br \/>\nMar\u00e7o\/2025<\/p>\n<p><strong>DIAS\/HOR\u00c1RIOS<\/strong><br \/>\nS\u00e1bado, das 9h \u00e0s 13h; aulas EAD Live, conforme indicado no conte\u00fado curricular<br \/>\nOutubro a dezembro: Pr\u00e1tica Laboratorial \u00e0s ter\u00e7as-feiras, das 19h \u00e0s 23h<\/p>\n<p><strong>MODALIDADE<\/strong><br \/>\nEAD Plena.<br \/>\nAlguns componentes curriculares ser\u00e3o desenvolvidos em modalidade presencial e outras em EAD Live<\/p>\n<p><strong>P\u00daBLICO-ALVO<\/strong><br \/>\nFormados em cursos superiores (licenciaturas, tecnol\u00f3gicos e bacharelados) da \u00e1rea da Educa\u00e7\u00e3o, ou afins.<\/p>\n<p><strong>OBJETIVO<\/strong><br \/>\nPossibilitar ao professor\/cursista o desenvolvimento de compet\u00eancias para o uso significativo de estrat\u00e9gias das Metodologias Ativas: Ensino H\u00edbrido, Estudo de caso, Gamifica\u00e7\u00e3o e Aprendizagem Baseada em Problema (ABP) em sua pr\u00e1tica pedag\u00f3gica e ao gestor escolar a aproxima\u00e7\u00e3o com o conte\u00fado sobre o qual realizar\u00e1 a supervis\u00e3o e a orienta\u00e7\u00e3o pedag\u00f3gicas na escola.<\/p>\n<p><strong>INVESTIMENTO<\/strong><br \/>\n16 parcelas de R$ 399<\/p>\n<p><strong>CONTE\u00daDO\u00a0<\/strong><br \/>\n\u2022 Educa\u00e7\u00e3o, Inova\u00e7\u00e3o e Cultura Digital<br \/>\n\u2022 Conceito de Metodologia Ativa<br \/>\n\u2022 Metodologia ativa com recursos tecnol\u00f3gicos (EAD Live)<br \/>\n\u2022 Aprendizagem Baseada em Projeto e Problemas (ABPeP) e Estudo de caso<br \/>\n\u2022 Sala de aula h\u00edbrida<br \/>\n\u2022 Teorias da Aprendizagem baseada em Games<br \/>\n\u2022 Gamifica\u00e7\u00e3o e storytelling (EAD Live)<br \/>\n\u2022 Laborat\u00f3rio de Gamefica\u00e7\u00e3o (Presencial)<br \/>\n\u2022 Direito \u00e0 Educa\u00e7\u00e3o e Tecnologias Digitais<\/p>\n<p><strong>DIFERENCIAIS<\/strong><br \/>\n\u2022 Corpo docente altamente especializado.<br \/>\n\u2022 Material did\u00e1tico elaborado por profissionais do mercado, mestres e doutores, com larga experi\u00eancia.<br \/>\n\u2022 \u00danico curso da regi\u00e3o voltado para a utiliza\u00e7\u00e3o de metodologias ativas como foco na gamifica\u00e7\u00e3o.<br \/>\n\u2022 Polo de apoio presencial com estrutura \u00fanica na regi\u00e3o.<br \/>\n\u2022 Biblioteca f\u00edsica e digital com amplo espa\u00e7o para estudos.<br \/>\n\u2022 Laborat\u00f3rio de Intelig\u00eancia Artificial.<\/p>\n<p><strong>OBSERVA\u00c7\u00d5ES<\/strong><br \/>\nA Universidade se reserva o direito de alterar o cronograma e o corpo docente.<br \/>\nDocumenta\u00e7\u00e3o necess\u00e1ria: c\u00f3pias do RG, CPF, certid\u00e3o de nascimento ou casamento e Diploma da Gradua\u00e7\u00e3o ou Certificado de Cola\u00e7\u00e3o de Grau.<br \/>\nA inscri\u00e7\u00e3o presencial s\u00f3 poder\u00e1 ser efetuada pelo interessado no curso, ou por pessoa munida de procura\u00e7\u00e3o autenticada em cart\u00f3rio.<br \/>\nA efetiva\u00e7\u00e3o da matr\u00edcula est\u00e1 condicionada ao pagamento do boleto da 1\u00aa. parcela e entrega da documenta\u00e7\u00e3o exigida.<\/p>\n<p><strong>OUTRAS INFORMA\u00c7\u00d5ES<\/strong><br \/>\nE-mail: atendimentovirtual@unisantos.br<\/p>\n","protected":false},"excerpt":{"rendered":"<p>PROFESSORA RESPONS\u00c1VEL Prof\u00aa. Me. Karen Soares Iglesias CARGA HOR\u00c1RIA 360 horas IN\u00cdCIO Mar\u00e7o\/2025 DIAS\/HOR\u00c1RIOS S\u00e1bado, das 9h \u00e0s 13h; aulas [&hellip;]<\/p>\n","protected":false},"author":1,"featured_media":0,"parent":210,"menu_order":0,"comment_status":"closed","ping_status":"closed","template":"","meta":{"footnotes":""},"_links":{"self":[{"href":"https:\/\/www.unisantos.br\/pos\/wp-json\/wp\/v2\/pages\/4977"}],"collection":[{"href":"https:\/\/www.unisantos.br\/pos\/wp-json\/wp\/v2\/pages"}],"about":[{"href":"https:\/\/www.unisantos.br\/pos\/wp-json\/wp\/v2\/types\/page"}],"author":[{"embeddable":true,"href":"https:\/\/www.unisantos.br\/pos\/wp-json\/wp\/v2\/users\/1"}],"replies":[{"embeddable":true,"href":"https:\/\/www.unisantos.br\/pos\/wp-json\/wp\/v2\/comments?post=4977"}],"version-history":[{"count":21,"href":"https:\/\/www.unisantos.br\/pos\/wp-json\/wp\/v2\/pages\/4977\/revisions"}],"predecessor-version":[{"id":6748,"href":"https:\/\/www.unisantos.br\/pos\/wp-json\/wp\/v2\/pages\/4977\/revisions\/6748"}],"up":[{"embeddable":true,"href":"https:\/\/www.unisantos.br\/pos\/wp-json\/wp\/v2\/pages\/210"}],"wp:attachment":[{"href":"https:\/\/www.unisantos.br\/pos\/wp-json\/wp\/v2\/media?parent=4977"}],"curies":[{"name":"wp","href":"https:\/\/api.w.org\/{rel}","templated":true}]}}