{"id":4968,"date":"2023-01-25T00:10:00","date_gmt":"2023-01-25T03:10:00","guid":{"rendered":"https:\/\/www.unisantos.br\/pos\/?page_id=4968"},"modified":"2025-03-07T16:58:37","modified_gmt":"2025-03-07T19:58:37","slug":"mba-em-gestao-da-inovacao","status":"publish","type":"page","link":"https:\/\/www.unisantos.br\/pos\/lato-sensu\/mba-em-gestao-da-inovacao\/","title":{"rendered":"MBA em Gest\u00e3o da Inova\u00e7\u00e3o"},"content":{"rendered":"\r\n<p><strong>PROFESSOR RESPONS\u00c1VEL<\/strong><br \/>Prof. Dr. Jo\u00e3o Alfredo Carvalho Rodrigues Gon\u00e7alves<\/p>\r\n\r\n\r\n\r\n<p><strong>CARGA HOR\u00c1RIA<\/strong><br \/>360 horas<\/p>\r\n\r\n\r\n\r\n<p><strong>IN\u00cdCIO<\/strong><br \/>Mar\u00e7o\/2025<\/p>\r\n\r\n\r\n\r\n<p><strong>DIAS\/HOR\u00c1RIOS<\/strong><br \/>Ter\u00e7as e quintas-feiras, das 18h45 \u00e0s 22h45<\/p>\r\n\r\n\r\n\r\n<p><strong>MODALIDADE<\/strong><br \/>H\u00edbrida:\u00a0132 horas EAD ass\u00edncronas (20 s\u00edncronas facultativos ao estudante, uma vez que ser\u00e3o gravadas) e 228 presenciais<\/p>\r\n\r\n\r\n\r\n<p><strong>P\u00daBLICO-ALVO<\/strong><br \/>Profissionais interessados em contribuir ativamente nas organiza\u00e7\u00f5es com vis\u00e3o de futuro.<\/p>\r\n\r\n\r\n\r\n<p><strong>OBJETIVO<\/strong><br \/>Aprimorar a forma\u00e7\u00e3o de profissionais dispostos a impactarem positivamente a gest\u00e3o do futuro das organiza\u00e7\u00f5es, apostando no desenvolvimento da lideran\u00e7a da inova\u00e7\u00e3o em neg\u00f3cios, produtos e processos.<\/p>\r\n\r\n\r\n\r\n<p><strong>INVESTIMENTO<\/strong><br \/>16 parcelas de R$ 350<\/p>\r\n\r\n\r\n\r\n<p><strong>CONTE\u00daDO<\/strong><br \/>\u2022 Legisla\u00e7\u00e3o: Legisla\u00e7\u00e3o Aplicada a Neg\u00f3cios (EAD)<br \/>\u2022 Fundamentos da Inova\u00e7\u00e3o: Fundamentos, Ecossistema &amp; Gest\u00e3o<br \/>\u2022 Futuro das Organiza\u00e7\u00f5es: Inova\u00e7\u00e3o e Transforma\u00e7\u00e3o Digital<br \/>\u2022 Pensamento Estrat\u00e9gico: Strategic Thinking, Negotiation &amp; Growth Hacking (EAD)<br \/>\u2022 Gest\u00e3o da Experi\u00eancia do Cliente: Design Thinking &amp; Customer Experience Management<br \/>\u2022 Gest\u00e3o Estrat\u00e9gica de Marketing: Strategic Marketing Management<br \/>\u2022 Mudan\u00e7as &amp; Mindset: Change Management &amp; Growth Mindset (EAD)<br \/>\u2022 Startup World: T\u00e9cnicas e Ferramentas<br \/>\u2022 Apresenta\u00e7\u00e3o: Storytelling, T\u00e9cnicas de Apresenta\u00e7\u00e3o, Pitch e Media Training<br \/>\u2022 Projetos: PMI \u00ae &amp; Agile Project Management (EAD)<br \/>\u2022 ESG: Environmental, Social &amp; Governance<br \/>\u2022 Finan\u00e7as: Financial Management &amp; Accountability<br \/>\u2022 Business Plan Presentation &amp; Investment: Seed Simulator (Presencial e EAD)<\/p>\r\n\r\n\r\n\r\n<p><strong>OBSERVA\u00c7\u00d5ES<\/strong><br \/>A Universidade se reserva o direito de alterar o cronograma e o corpo docente.<br \/>Documenta\u00e7\u00e3o necess\u00e1ria: c\u00f3pias do RG, CPF, certid\u00e3o de nascimento ou casamento e Diploma da Gradua\u00e7\u00e3o ou Certificado de Cola\u00e7\u00e3o de Grau.<br \/>A inscri\u00e7\u00e3o presencial s\u00f3 poder\u00e1 ser efetuada pelo interessado no curso, ou por pessoa munida de procura\u00e7\u00e3o autenticada em cart\u00f3rio.<br \/>A efetiva\u00e7\u00e3o da matr\u00edcula est\u00e1 condicionada ao pagamento do boleto da 1\u00aa. parcela e entrega da documenta\u00e7\u00e3o exigida.<\/p>\r\n\r\n\r\n\r\n<p><strong>OUTRAS INFORMA\u00c7\u00d5ES<\/strong><br \/>E-mail: atendimentovirtual@unisantos.br<\/p>\r\n","protected":false},"excerpt":{"rendered":"<p>PROFESSOR RESPONS\u00c1VELProf. Dr. Jo\u00e3o Alfredo Carvalho Rodrigues Gon\u00e7alves CARGA HOR\u00c1RIA360 horas IN\u00cdCIOMar\u00e7o\/2025 DIAS\/HOR\u00c1RIOSTer\u00e7as e quintas-feiras, das 18h45 \u00e0s 22h45 MODALIDADEH\u00edbrida:\u00a0132 [&hellip;]<\/p>\n","protected":false},"author":1,"featured_media":0,"parent":210,"menu_order":0,"comment_status":"closed","ping_status":"closed","template":"","meta":{"footnotes":""},"_links":{"self":[{"href":"https:\/\/www.unisantos.br\/pos\/wp-json\/wp\/v2\/pages\/4968"}],"collection":[{"href":"https:\/\/www.unisantos.br\/pos\/wp-json\/wp\/v2\/pages"}],"about":[{"href":"https:\/\/www.unisantos.br\/pos\/wp-json\/wp\/v2\/types\/page"}],"author":[{"embeddable":true,"href":"https:\/\/www.unisantos.br\/pos\/wp-json\/wp\/v2\/users\/1"}],"replies":[{"embeddable":true,"href":"https:\/\/www.unisantos.br\/pos\/wp-json\/wp\/v2\/comments?post=4968"}],"version-history":[{"count":19,"href":"https:\/\/www.unisantos.br\/pos\/wp-json\/wp\/v2\/pages\/4968\/revisions"}],"predecessor-version":[{"id":6760,"href":"https:\/\/www.unisantos.br\/pos\/wp-json\/wp\/v2\/pages\/4968\/revisions\/6760"}],"up":[{"embeddable":true,"href":"https:\/\/www.unisantos.br\/pos\/wp-json\/wp\/v2\/pages\/210"}],"wp:attachment":[{"href":"https:\/\/www.unisantos.br\/pos\/wp-json\/wp\/v2\/media?parent=4968"}],"curies":[{"name":"wp","href":"https:\/\/api.w.org\/{rel}","templated":true}]}}