{"id":496,"date":"2018-10-11T17:13:41","date_gmt":"2018-10-11T20:13:41","guid":{"rendered":"https:\/\/www.unisantos.br\/pos\/?page_id=496"},"modified":"2022-02-12T10:54:24","modified_gmt":"2022-02-12T13:54:24","slug":"3ds-max-design-modelagem-renderizacao-e-animacao-3d-para-aec","status":"publish","type":"page","link":"https:\/\/www.unisantos.br\/pos\/qualificacao\/3ds-max-design-modelagem-renderizacao-e-animacao-3d-para-aec\/","title":{"rendered":"3DS Max Design &#8211; Modelagem, Renderiza\u00e7\u00e3o e Anima\u00e7\u00e3o 3D para AEC"},"content":{"rendered":"<p><b>PROFESSORES RESPONS\u00c1VEIS<br \/>\n<\/b>Prof. Me. Ant\u00f4nio Miranda Galle\u00e3o (UniSantos)<br \/>\nProf. Dr. Evandro Gama (Cadware)<b>\u00a0<\/b><\/p>\n<p><b>CARGA HOR\u00c1RIA<br \/>\n<\/b>32 h\/a<\/p>\n<p><b>LOCAL<br \/>\n<\/b>Campus Dom Id\u00edlio Jos\u00e9 Soares<\/p>\n<p><b>OBJETIVOS<br \/>\n<\/b>Desenvolver habilidades para modelagem, visualiza\u00e7\u00e3o e anima\u00e7\u00e3o 3D de projetos de arquitetura, engenharia e constru\u00e7\u00e3o civil (AEC), design de interiores e outros.<\/p>\n<p>Refletir sobre conceitos e ferramentas para cenografia, simula\u00e7\u00e3o, produ\u00e7\u00e3o de texturas, renderiza\u00e7\u00e3o e efeitos din\u00e2micos. O software 3DS Max modela qualquer ambiente, objeto, produto, pessoa ou personagem.<br \/>\nCriar imagens, anima\u00e7\u00f5es e cen\u00e1rios impressionantes.<b>\u00a0<\/b><\/p>\n<p><b>P\u00daBLICO-ALVO<br \/>\n<\/b>Estudantes de gradua\u00e7\u00e3o e p\u00f3s-gradua\u00e7\u00e3o dos cursos de Arquitetura e Urbanismo, Engenharia Civil, Design de Interiores, Publicidade e Propaganda, Produ\u00e7\u00e3o Multim\u00eddia, Produ\u00e7\u00e3o Audiovisual, Artes Visuais e Fotografia, entre outros. Professores e profissionais das \u00e1reas de Educa\u00e7\u00e3o e Mercado.<\/p>\n<p><b>CONTE\u00daDO<br \/>\n<\/b><b>&#8211; <\/b>Introdu\u00e7\u00e3o e fundamentos do <i>Autodesk 3DS Max 2017<\/i>;<br \/>\n&#8211; <i>Interface e Workflow<\/i> (fluxo de trabalho) do 3DS Max;<br \/>\n&#8211; <i>Assembling Files<\/i> &#8211; Importa\u00e7\u00e3o, <i>linking e merging;<br \/>\n<\/i>&#8211; Modelagem 3D com primitivas e objetos 2D;<br \/>\n<b>&#8211; <\/b>Cria\u00e7\u00e3o e edi\u00e7\u00e3o de objetos 3D;<br \/>\n&#8211; Laborat\u00f3rio 01;<br \/>\n&#8211; Ambienta\u00e7\u00e3o AEC \u2013 Aplica\u00e7\u00f5es para projetos de arquitetura, engenharia e constru\u00e7\u00e3o civil, <i>design<\/i> de interiores e outros;<br \/>\n&#8211; Laborat\u00f3rio 02;<br \/>\n<b>&#8211; <\/b>Ambienta\u00e7\u00e3o AEC Avan\u00e7ada &#8211; Materiais e Mapas;<br \/>\n&#8211; Laborat\u00f3rio 03;<br \/>\n&#8211; <i>Lighting<\/i> \u2013 Ilumina\u00e7\u00e3o no 3DS\u00a0\u00a0Max;<br \/>\n&#8211; Ilumina\u00e7\u00e3o e Rendering com Mental Ray;<br \/>\n&#8211; Rendering e c\u00e2meras;<br \/>\n&#8211; Laborat\u00f3rio 04;<br \/>\n&#8211;<b> <\/b>Anima\u00e7\u00e3o e Visualiza\u00e7\u00e3o<b>;<br \/>\n<\/b>&#8211;<b> <\/b>Laborat\u00f3rio 05;<br \/>\n&#8211;<b> <\/b>Fun\u00e7\u00f5es avan\u00e7adas do 3DS\u00a0\u00a0Max 2017;<br \/>\n&#8211; Laborat\u00f3rio 06<b> <\/b>e Avalia\u00e7\u00e3o Final.<strong>\u00a0<\/strong><\/p>\n<p><strong>OBSERVA\u00c7\u00d5ES<br \/>\n<\/strong>A Universidade se reserva o direito de alterar o cronograma e o corpo docente.<br \/>\nDocumenta\u00e7\u00e3o necess\u00e1ria para quem n\u00e3o \u00e9 aluno da Cat\u00f3lica de Santos:\u00a0c\u00f3pias do RG, CPF, certid\u00e3o de nascimento ou casamento.<br \/>\nA inscri\u00e7\u00e3o presencial s\u00f3 poder\u00e1 ser efetuada pelo interessado no curso, ou por pessoa munida de procura\u00e7\u00e3o autenticada em cart\u00f3rio.<br \/>\nA efetiva\u00e7\u00e3o da matr\u00edcula est\u00e1 condicionada ao pagamento do boleto da 1\u00aa. parcela e entrega da documenta\u00e7\u00e3o exigida.<\/p>\n<div><strong style=\"line-height: 1.5em;\">Setor de Atendimento<br \/>\n<\/strong><strong>Campus Dom Id\u00edlio Jos\u00e9 Soares<br \/>\n<\/strong><strong>Endere\u00e7o<\/strong>: Av. Conselheiro N\u00e9bias, 300 \u2013 Vila Mathias, Santos<br \/>\n<strong style=\"line-height: 1.5em;\">Telefone<\/strong><span style=\"line-height: 1.5em;\">: 3205-5555 &#8211; ramal 1388<br \/>\n<strong>Hor\u00e1rios<\/strong>: Segunda a sexta, das 9h \u00e0s 21h, e s\u00e1bado, das 9h \u00e0s 16h.<\/span><\/div>\n","protected":false},"excerpt":{"rendered":"<p>PROFESSORES RESPONS\u00c1VEIS Prof. Me. Ant\u00f4nio Miranda Galle\u00e3o (UniSantos) Prof. Dr. Evandro Gama (Cadware)\u00a0 CARGA HOR\u00c1RIA 32 h\/a LOCAL Campus Dom [&hellip;]<\/p>\n","protected":false},"author":1,"featured_media":673,"parent":399,"menu_order":0,"comment_status":"closed","ping_status":"closed","template":"","meta":{"footnotes":""},"_links":{"self":[{"href":"https:\/\/www.unisantos.br\/pos\/wp-json\/wp\/v2\/pages\/496"}],"collection":[{"href":"https:\/\/www.unisantos.br\/pos\/wp-json\/wp\/v2\/pages"}],"about":[{"href":"https:\/\/www.unisantos.br\/pos\/wp-json\/wp\/v2\/types\/page"}],"author":[{"embeddable":true,"href":"https:\/\/www.unisantos.br\/pos\/wp-json\/wp\/v2\/users\/1"}],"replies":[{"embeddable":true,"href":"https:\/\/www.unisantos.br\/pos\/wp-json\/wp\/v2\/comments?post=496"}],"version-history":[{"count":2,"href":"https:\/\/www.unisantos.br\/pos\/wp-json\/wp\/v2\/pages\/496\/revisions"}],"predecessor-version":[{"id":4320,"href":"https:\/\/www.unisantos.br\/pos\/wp-json\/wp\/v2\/pages\/496\/revisions\/4320"}],"up":[{"embeddable":true,"href":"https:\/\/www.unisantos.br\/pos\/wp-json\/wp\/v2\/pages\/399"}],"wp:featuredmedia":[{"embeddable":true,"href":"https:\/\/www.unisantos.br\/pos\/wp-json\/wp\/v2\/media\/673"}],"wp:attachment":[{"href":"https:\/\/www.unisantos.br\/pos\/wp-json\/wp\/v2\/media?parent=496"}],"curies":[{"name":"wp","href":"https:\/\/api.w.org\/{rel}","templated":true}]}}