{"id":492,"date":"2018-10-11T17:13:01","date_gmt":"2018-10-11T20:13:01","guid":{"rendered":"https:\/\/www.unisantos.br\/pos\/?page_id=492"},"modified":"2023-08-14T13:43:51","modified_gmt":"2023-08-14T16:43:51","slug":"ukulele-modulo-1","status":"publish","type":"page","link":"https:\/\/www.unisantos.br\/pos\/qualificacao\/ukulele-modulo-1\/","title":{"rendered":"Ukulel\u00ea &#8211; M\u00f3dulo 1"},"content":{"rendered":"<p><strong>PROFESSORA RESPONS\u00c1VEL<\/strong><br \/>\nProf\u00aa. Giovanna Spinelli Salaro<\/p>\n<p><strong>CARGA HOR\u00c1RIA<\/strong><br \/>\n26 h\/a<\/p>\n<p><strong>LOCAL<\/strong><br \/>\nCampus Dom Id\u00edlio Jos\u00e9 Soares<\/p>\n<p><strong>OBJETIVO<br \/>\n<\/strong>Desenvolver no aluno musicalidade e execu\u00e7\u00e3o do ukulel\u00ea por meio de repert\u00f3rio variado, t\u00e9cnicas e teoria musical de uma maneira gradual.<\/p>\n<p><strong>P\u00daBLICO-ALVO<\/strong><br \/>\nEstudantes do Curso de Licenciatura em M\u00fasica; docentes da rede p\u00fablica municipal de ensino; estudantes\u00a0da Cat\u00f3lica de Santos; e p\u00fablico interessado.<\/p>\n<p><strong>CONTE\u00daDO<\/strong><br \/>\n&#8211; Origem do ukulel\u00ea<br \/>\n&#8211; Sistema de n\u00fameros<br \/>\n&#8211; Notas<br \/>\n&#8211; Acordes<br \/>\n&#8211; Batida<br \/>\n&#8211; Repert\u00f3rio<br \/>\n&#8211; Acordes<br \/>\n&#8211; Batida<br \/>\n&#8211; Repert\u00f3rio<br \/>\n&#8211; Exerc\u00edcios de mecanismo<br \/>\n&#8211; Acordes<br \/>\n&#8211; Batida<br \/>\n&#8211; Repert\u00f3rio<br \/>\n&#8211; Escala Maior<br \/>\n&#8211; Acordes<br \/>\n&#8211; Batida<br \/>\n&#8211; Repert\u00f3rio<br \/>\n&#8211; Acordes<br \/>\n&#8211; Batida<br \/>\n&#8211; Repert\u00f3rio<br \/>\n&#8211; Acordes<br \/>\n&#8211; Batida<br \/>\n&#8211; Repert\u00f3rio<br \/>\n&#8211; Acordes<br \/>\n&#8211; Batida<br \/>\n&#8211; Repert\u00f3rio<br \/>\n&#8211; Acordes<br \/>\n&#8211; Batida<br \/>\n&#8211; Repert\u00f3rio<br \/>\n&#8211; Acordes<br \/>\n&#8211; Batida<br \/>\n&#8211; Repert\u00f3rio<br \/>\n&#8211; Acordes<br \/>\n&#8211; Batida<br \/>\n&#8211; Repert\u00f3rio<br \/>\n&#8211; Acordes<br \/>\n&#8211; Batida<br \/>\n&#8211; Repert\u00f3rio<br \/>\n&#8211; Acordes<br \/>\n&#8211; Batida<br \/>\n&#8211; Repert\u00f3rio<\/p>\n<p><strong>OBSERVA\u00c7\u00d5ES<\/strong><br \/>\nA Universidade se reserva o direito de alterar o cronograma e o corpo docente.<br \/>\nDocumenta\u00e7\u00e3o necess\u00e1ria para quem n\u00e3o \u00e9 aluno da Cat\u00f3lica de Santos: c\u00f3pias do RG, CPF, certid\u00e3o de nascimento ou casamento.<br \/>\nA inscri\u00e7\u00e3o presencial s\u00f3 poder\u00e1 ser efetuada pelo interessado no curso, ou por pessoa munida de procura\u00e7\u00e3o autenticada em cart\u00f3rio.<br \/>\nA efetiva\u00e7\u00e3o da matr\u00edcula est\u00e1 condicionada ao pagamento do boleto da 1\u00aa. parcela e entrega da documenta\u00e7\u00e3o exigida.<\/p>\n<p><strong>OUTRAS INFORMA\u00c7\u00d5ES<\/strong><br \/>\nDepartamento de Atendimento Integrado<br \/>\nTelefones: (13) 3205-5555<br \/>\nE-mail: dat@unisantos.br<\/p>\n","protected":false},"excerpt":{"rendered":"<p>PROFESSORA RESPONS\u00c1VEL Prof\u00aa. Giovanna Spinelli Salaro CARGA HOR\u00c1RIA 26 h\/a LOCAL Campus Dom Id\u00edlio Jos\u00e9 Soares OBJETIVO Desenvolver no aluno [&hellip;]<\/p>\n","protected":false},"author":1,"featured_media":672,"parent":399,"menu_order":0,"comment_status":"closed","ping_status":"closed","template":"","meta":{"footnotes":""},"_links":{"self":[{"href":"https:\/\/www.unisantos.br\/pos\/wp-json\/wp\/v2\/pages\/492"}],"collection":[{"href":"https:\/\/www.unisantos.br\/pos\/wp-json\/wp\/v2\/pages"}],"about":[{"href":"https:\/\/www.unisantos.br\/pos\/wp-json\/wp\/v2\/types\/page"}],"author":[{"embeddable":true,"href":"https:\/\/www.unisantos.br\/pos\/wp-json\/wp\/v2\/users\/1"}],"replies":[{"embeddable":true,"href":"https:\/\/www.unisantos.br\/pos\/wp-json\/wp\/v2\/comments?post=492"}],"version-history":[{"count":6,"href":"https:\/\/www.unisantos.br\/pos\/wp-json\/wp\/v2\/pages\/492\/revisions"}],"predecessor-version":[{"id":5475,"href":"https:\/\/www.unisantos.br\/pos\/wp-json\/wp\/v2\/pages\/492\/revisions\/5475"}],"up":[{"embeddable":true,"href":"https:\/\/www.unisantos.br\/pos\/wp-json\/wp\/v2\/pages\/399"}],"wp:featuredmedia":[{"embeddable":true,"href":"https:\/\/www.unisantos.br\/pos\/wp-json\/wp\/v2\/media\/672"}],"wp:attachment":[{"href":"https:\/\/www.unisantos.br\/pos\/wp-json\/wp\/v2\/media?parent=492"}],"curies":[{"name":"wp","href":"https:\/\/api.w.org\/{rel}","templated":true}]}}