{"id":490,"date":"2018-10-11T17:12:23","date_gmt":"2018-10-11T20:12:23","guid":{"rendered":"https:\/\/www.unisantos.br\/pos\/?page_id=490"},"modified":"2023-08-14T14:06:06","modified_gmt":"2023-08-14T17:06:06","slug":"tratamento-de-efluentes","status":"publish","type":"page","link":"https:\/\/www.unisantos.br\/pos\/qualificacao\/tratamento-de-efluentes\/","title":{"rendered":"Tratamento de Efluentes"},"content":{"rendered":"<p><b>PROFESSOR RESPONS\u00c1VEL<br \/>\n<\/b>Prof. Dr. F\u00e1bio Campos<b>\u00a0<\/b><\/p>\n<p><b>CARGA HOR\u00c1RIA<br \/>\n<\/b>32\u00a0h\/a<\/p>\n<p><b>LOCAL<br \/>\n<\/b>Campus Dom Id\u00edlio Jos\u00e9 Soares<\/p>\n<p><b>OBJETIVO<br \/>\n<\/b>Apresentar as vari\u00e1veis de caracteriza\u00e7\u00e3o de efluentes e esgoto dom\u00e9stico, as opera\u00e7\u00f5es e processos utilizados no tratamento de \u00e1guas residu\u00e1rias, bem como as t\u00e9cnicas de dimensionamento para tratamento de esgotos.<b>\u00a0<\/b><\/p>\n<p><b>P\u00daBLICO-ALVO<br \/>\n<\/b>Engenheiros, qu\u00edmicos, bi\u00f3logos e demais profissionais e estudantes envolvidos nas quest\u00f5es ambientais.<b>\u00a0<\/b><\/p>\n<p><b>CONTE\u00daDO<br \/>\n<\/b>&#8211; Caracteriza\u00e7\u00e3o das \u00c1guas Residu\u00e1rias;<br \/>\n&#8211; Concep\u00e7\u00e3o de ETEs;<br \/>\n&#8211; Legisla\u00e7\u00e3o;<br \/>\n&#8211; N\u00edveis de Tratamento em uma ETE;<br \/>\n&#8211; Processos de Tratamento Biol\u00f3gico Aer\u00f3bio;<br \/>\n&#8211; Processos de Tratamento Biol\u00f3gico Anaer\u00f3bio;<br \/>\n&#8211; Sistemas Conjugados e H\u00edbridos;<br \/>\n&#8211; Tratamento do Lodo;<br \/>\n&#8211; Interpreta\u00e7\u00e3o de Laudo Laboratorial;<br \/>\n&#8211; Ecosaneamento;<br \/>\n&#8211; Tratamento de Efluentes Industriais.<\/p>\n<p><strong>OBSERVA\u00c7\u00d5ES<br \/>\n<\/strong>A Universidade se reserva o direito de alterar o cronograma e o corpo docente.<br \/>\nDocumenta\u00e7\u00e3o necess\u00e1ria para quem n\u00e3o \u00e9 aluno da Cat\u00f3lica de Santos: c\u00f3pias do RG, CPF, certid\u00e3o de nascimento ou casamento.<br \/>\nA inscri\u00e7\u00e3o presencial s\u00f3 poder\u00e1 ser efetuada pelo interessado no curso, ou por pessoa munida de procura\u00e7\u00e3o autenticada em cart\u00f3rio.<br \/>\nA efetiva\u00e7\u00e3o da matr\u00edcula est\u00e1 condicionada ao pagamento do boleto da 1\u00aa. parcela e entrega da documenta\u00e7\u00e3o exigida.<\/p>\n<p><strong>OUTRAS INFORMA\u00c7\u00d5ES<br \/>\n<\/strong>Departamento de Atendimento Integrado<br \/>\nTelefones: (13) 3205-5555 \u2013 ramais 1354\/1384<br \/>\nE-mail: dat@unisantos.br<\/p>\n","protected":false},"excerpt":{"rendered":"<p>PROFESSOR RESPONS\u00c1VEL Prof. Dr. F\u00e1bio Campos\u00a0 CARGA HOR\u00c1RIA 32\u00a0h\/a LOCAL Campus Dom Id\u00edlio Jos\u00e9 Soares OBJETIVO Apresentar as vari\u00e1veis de [&hellip;]<\/p>\n","protected":false},"author":1,"featured_media":675,"parent":399,"menu_order":0,"comment_status":"closed","ping_status":"closed","template":"","meta":{"footnotes":""},"_links":{"self":[{"href":"https:\/\/www.unisantos.br\/pos\/wp-json\/wp\/v2\/pages\/490"}],"collection":[{"href":"https:\/\/www.unisantos.br\/pos\/wp-json\/wp\/v2\/pages"}],"about":[{"href":"https:\/\/www.unisantos.br\/pos\/wp-json\/wp\/v2\/types\/page"}],"author":[{"embeddable":true,"href":"https:\/\/www.unisantos.br\/pos\/wp-json\/wp\/v2\/users\/1"}],"replies":[{"embeddable":true,"href":"https:\/\/www.unisantos.br\/pos\/wp-json\/wp\/v2\/comments?post=490"}],"version-history":[{"count":4,"href":"https:\/\/www.unisantos.br\/pos\/wp-json\/wp\/v2\/pages\/490\/revisions"}],"predecessor-version":[{"id":5511,"href":"https:\/\/www.unisantos.br\/pos\/wp-json\/wp\/v2\/pages\/490\/revisions\/5511"}],"up":[{"embeddable":true,"href":"https:\/\/www.unisantos.br\/pos\/wp-json\/wp\/v2\/pages\/399"}],"wp:featuredmedia":[{"embeddable":true,"href":"https:\/\/www.unisantos.br\/pos\/wp-json\/wp\/v2\/media\/675"}],"wp:attachment":[{"href":"https:\/\/www.unisantos.br\/pos\/wp-json\/wp\/v2\/media?parent=490"}],"curies":[{"name":"wp","href":"https:\/\/api.w.org\/{rel}","templated":true}]}}