{"id":49,"date":"2018-10-05T16:06:34","date_gmt":"2018-10-05T19:06:34","guid":{"rendered":"https:\/\/www.unisantos.br\/pos\/?page_id=49"},"modified":"2018-10-05T16:06:34","modified_gmt":"2018-10-05T19:06:34","slug":"bolsas-de-estudo-da-pos-graduacao-stricto-sensu","status":"publish","type":"page","link":"https:\/\/www.unisantos.br\/pos\/stricto-sensu\/doutorado\/doutorado-em-direito\/bolsas-de-estudo-da-pos-graduacao-stricto-sensu\/","title":{"rendered":"Bolsas de Estudo da P\u00f3s-Gradua\u00e7\u00e3o &#8216;Stricto Sensu&#8217;"},"content":{"rendered":"<p>A Universidade Cat\u00f3lica de Santos mant\u00e9m o maior e mais abrangente Programa de Bolsas de Estudo da regi\u00e3o. Por meio dele, a Universidade procura garantir o acesso a todos os que aspiram a uma educa\u00e7\u00e3o superior de qualidade, amplamente reconhecida. Na P\u00f3s-Gradua\u00e7\u00e3o <em>Stricto Sensu<\/em>, as bolsas adotadas pela institui\u00e7\u00e3o s\u00e3o as seguintes:<\/p>\n<p><strong>BOLSA EX-ALUNO PARA P\u00d3S-GRADUA\u00c7\u00c3O <em>STRICTO SENSU<\/em><\/strong><br \/>\nDesconto de 30% para alunos formados em cursos de Gradua\u00e7\u00e3o ou P\u00f3s-Gradua\u00e7\u00e3o <em>Stricto Sensu<\/em> na Cat\u00f3lica de Santos.<\/p>\n<p><strong>BOLSA EX-ALUNO\u00a0<em>LATO SENSU<\/em>\u00a0PARA P\u00d3S-GRADUA\u00c7\u00c3O\u00a0<em>STRICTO SENSU<\/em><\/strong><br \/>\nDesconto de 10% para alunos formados em\u00a0cursos de P\u00f3s-Gradua\u00e7\u00e3o\u00a0<em>Lato Sensu<\/em>\u00a0na Cat\u00f3lica de Santos.<\/p>\n<p><strong>PROGRAMA DE SUPORTE \u00c0 P\u00d3S-GRADUA\u00c7\u00c3O DE INSTITUI\u00c7\u00d5ES DE ENSINO COMUNIT\u00c1RIAS &#8211; PROSUC\/CAPES<\/strong><br \/>\nDesconto integral. Benef\u00edcio concedido por meio de processo seletivo, a partir de edital.<\/p>\n<p><strong>PROGRAMA NACIONAL DE P\u00d3S-DOUTORADO &#8211; PNPD\/CAPES<\/strong><br \/>\nDesconto integral. Benef\u00edcio concedido por meio de processo seletivo, a partir de edital.<\/p>\n<p><strong>BOLSA FIDELIZA\u00c7\u00c3O FAMILIAR<\/strong><br \/>\nDesconto de 20% para cada familiar (c\u00f4njuges, pais e filhos, e irm\u00e3os) de estudantes ativos em cursos de gradua\u00e7\u00e3o, especializa\u00e7\u00e3o ou stricto sensu da Cat\u00f3lica de Santos, concomitantemente; ou ainda, num desses e na educa\u00e7\u00e3o b\u00e1sica do Liceu Santista, concomitantemente.<\/p>\n<p><strong>BOLSA EMPRESAS CONVENIADAS<\/strong><br \/>\nDesconto vari\u00e1vel para funcion\u00e1rios de empresas conveniadas com a Universidade.<\/p>\n<p><strong>BOLSA ESCOLAS CONVENIADAS<\/strong><br \/>\nDesconto vari\u00e1vel para funcion\u00e1rios, professores e alunos de escolas conveniadas com a Universidade.<\/p>\n<p><strong>Observa\u00e7\u00e3o<\/strong><br \/>\nOs benef\u00edcios n\u00e3o s\u00e3o cumulativos. Para obter qualquer um deles, \u00e9 necess\u00e1rio que a solicita\u00e7\u00e3o seja feita por meio de requerimento na secretaria, at\u00e9 o dia 10 do m\u00eas anterior ao vencimento da parcela, anexando-se o documento comprobat\u00f3rio.<\/p>\n","protected":false},"excerpt":{"rendered":"<p>A Universidade Cat\u00f3lica de Santos mant\u00e9m o maior e mais abrangente Programa de Bolsas de Estudo da regi\u00e3o. Por meio [&hellip;]<\/p>\n","protected":false},"author":1,"featured_media":0,"parent":23,"menu_order":9,"comment_status":"closed","ping_status":"closed","template":"","meta":{"footnotes":""},"_links":{"self":[{"href":"https:\/\/www.unisantos.br\/pos\/wp-json\/wp\/v2\/pages\/49"}],"collection":[{"href":"https:\/\/www.unisantos.br\/pos\/wp-json\/wp\/v2\/pages"}],"about":[{"href":"https:\/\/www.unisantos.br\/pos\/wp-json\/wp\/v2\/types\/page"}],"author":[{"embeddable":true,"href":"https:\/\/www.unisantos.br\/pos\/wp-json\/wp\/v2\/users\/1"}],"replies":[{"embeddable":true,"href":"https:\/\/www.unisantos.br\/pos\/wp-json\/wp\/v2\/comments?post=49"}],"version-history":[{"count":1,"href":"https:\/\/www.unisantos.br\/pos\/wp-json\/wp\/v2\/pages\/49\/revisions"}],"predecessor-version":[{"id":50,"href":"https:\/\/www.unisantos.br\/pos\/wp-json\/wp\/v2\/pages\/49\/revisions\/50"}],"up":[{"embeddable":true,"href":"https:\/\/www.unisantos.br\/pos\/wp-json\/wp\/v2\/pages\/23"}],"wp:attachment":[{"href":"https:\/\/www.unisantos.br\/pos\/wp-json\/wp\/v2\/media?parent=49"}],"curies":[{"name":"wp","href":"https:\/\/api.w.org\/{rel}","templated":true}]}}