{"id":4894,"date":"2023-01-24T16:22:45","date_gmt":"2023-01-24T19:22:45","guid":{"rendered":"https:\/\/www.unisantos.br\/pos\/?page_id=4894"},"modified":"2025-03-07T16:49:49","modified_gmt":"2025-03-07T19:49:49","slug":"direito-espacial-internacional","status":"publish","type":"page","link":"https:\/\/www.unisantos.br\/pos\/lato-sensu\/direito-espacial-internacional\/","title":{"rendered":"Direito Espacial Internacional"},"content":{"rendered":"<p><strong>PROFESSOR RESPONS\u00c1VEL<\/strong><br \/>\nProf. Dr. Daniel Freire e Almeida<\/p>\n<p><strong>CARGA HOR\u00c1RIA<\/strong><br \/>\n360 horas<\/p>\n<p><strong>IN\u00cdCIO<\/strong><br \/>\nMar\u00e7o\/2025<\/p>\n<p><strong>DIAS\/HOR\u00c1RIO<\/strong><br \/>\nSegundas, ter\u00e7as e quartas-feiras, das 14h \u00e1s 18h<\/p>\n<p><strong>MODALIDADE<br \/>\n<\/strong>EAD Live, organizada em encontros digitais ao vivo com suporte de Ambiente Virtual de Aprendizagem<\/p>\n<p><strong>P\u00daBLICO-ALVO<\/strong><br \/>\nProfissionais com forma\u00e7\u00e3o em Direito, bem como com forma\u00e7\u00e3o superior em diversas \u00e1reas afins do conhecimento, dentre elas Rela\u00e7\u00f5es Internacionais, Administra\u00e7\u00e3o, Administra\u00e7\u00e3o P\u00fablica, Engenharia Aeroespacial e Ci\u00eancias Sociais, entre outras.\u00a0Profissionais brasileiros, latino-americanos e europeus.<\/p>\n<p><strong>OBJETIVO<\/strong><br \/>\nPropiciar e possibilitar o desenvolvimento de capacidades, compet\u00eancias e habilidades para a forma\u00e7\u00e3o de especialistas em Direito Espacial Internacional.<\/p>\n<p><strong>INVESTIMENTO<\/strong><br \/>\n16 parcelas de R$ 500<\/p>\n<p><strong>CONTE\u00daDO<\/strong><br \/>\n\u2022 Direito Espacial Internacional<br \/>\n\u2022 Direito Espacial Latino-Americano<br \/>\n\u2022 Direito Internacional<br \/>\n\u2022 Direito Espacial Europeu<br \/>\n\u2022 Semin\u00e1rios Espaciais Internacionais<br \/>\n\u2022 Direito na Internet e o Ambiente Espacial Internacional<br \/>\n\u2022 Novos Atores do Direito Espacial Internacional<\/p>\n<p><strong>DIFERENCIAIS<\/strong><br \/>\n\u2022 Primeiro curso da Am\u00e9rica Latina de p\u00f3s-gradua\u00e7\u00e3o em Direito Espacial Internacional.<br \/>\n\u2022 Aulas ministradas em ingl\u00eas.<br \/>\n\u2022 Curso aberto a estudantes do Brasil e do exterior.<br \/>\n\u2022 A UNISANTOS \u00e9 l\u00edder em pesquisas sobre Direito Espacial no Brasil, credenciada junto ao Instituto Internacional de Direito Espacial e com parcerias estrat\u00e9gicas no Brasil e exterior.<br \/>\n\u2022 Curso intensivo e compreensivo, abordando diferentes tem\u00e1ticas de Direito Espacial Internacional, em perspectiva atualizada e pr\u00e1tica.<br \/>\n\u2022 Corpo docente especializado com avan\u00e7ados conhecimentos acad\u00eamicos e pr\u00e1ticos em Direito Espacial, incluindo profissionais filiados ao Instituto Internacional de Direito Espacial, Corte Permanente de Arbitragem, Ag\u00eancia Espacial Brasileira, Instituto Nacional de Pesquisas Espaciais, NASA (ag\u00eancia espacial norte-americana), ESA (ag\u00eancia espacial europeia), al\u00e9m de empresas e startups da \u00e1rea.<br \/>\n\u2022 Atividades extracurriculares abertas aos alunos, com perspectiva de visitas t\u00e9cnicas a \u00f3rg\u00e3os e institui\u00e7\u00f5es nacionais e internacionais.<br \/>\n\u2022 Possibilidade de participa\u00e7\u00e3o dos estudantes no Grupo de Pesquisa de Direito e Pol\u00edtica Espacial da UNISANTOS, certificado no CNPQ &#8211; https:\/\/www.unisantos.br\/grupodireitoespacial\/<\/p>\n<p><strong>OBSERVA\u00c7\u00d5ES<\/strong><br \/>\nA Universidade se reserva o direito de alterar o cronograma e o corpo docente.<br \/>\nDocumenta\u00e7\u00e3o necess\u00e1ria para quem n\u00e3o \u00e9 aluno da Cat\u00f3lica de Santos: c\u00f3pias do RG, CPF, certid\u00e3o de nascimento ou casamento.<br \/>\nA inscri\u00e7\u00e3o presencial s\u00f3 poder\u00e1 ser efetuada pelo interessado no curso, ou por pessoa munida de procura\u00e7\u00e3o autenticada em cart\u00f3rio.<br \/>\nA efetiva\u00e7\u00e3o da matr\u00edcula est\u00e1 condicionada ao pagamento do boleto da 1\u00aa. parcela e entrega da documenta\u00e7\u00e3o exigida.<\/p>\n<p><strong>OUTRAS INFORMA\u00c7\u00d5ES<\/strong><br \/>\nE-mail: atendimentovirtual@unisantos.br<\/p>\n","protected":false},"excerpt":{"rendered":"<p>PROFESSOR RESPONS\u00c1VEL Prof. Dr. Daniel Freire e Almeida CARGA HOR\u00c1RIA 360 horas IN\u00cdCIO Mar\u00e7o\/2025 DIAS\/HOR\u00c1RIO Segundas, ter\u00e7as e quartas-feiras, das [&hellip;]<\/p>\n","protected":false},"author":1,"featured_media":0,"parent":210,"menu_order":0,"comment_status":"closed","ping_status":"closed","template":"","meta":{"footnotes":""},"_links":{"self":[{"href":"https:\/\/www.unisantos.br\/pos\/wp-json\/wp\/v2\/pages\/4894"}],"collection":[{"href":"https:\/\/www.unisantos.br\/pos\/wp-json\/wp\/v2\/pages"}],"about":[{"href":"https:\/\/www.unisantos.br\/pos\/wp-json\/wp\/v2\/types\/page"}],"author":[{"embeddable":true,"href":"https:\/\/www.unisantos.br\/pos\/wp-json\/wp\/v2\/users\/1"}],"replies":[{"embeddable":true,"href":"https:\/\/www.unisantos.br\/pos\/wp-json\/wp\/v2\/comments?post=4894"}],"version-history":[{"count":20,"href":"https:\/\/www.unisantos.br\/pos\/wp-json\/wp\/v2\/pages\/4894\/revisions"}],"predecessor-version":[{"id":6736,"href":"https:\/\/www.unisantos.br\/pos\/wp-json\/wp\/v2\/pages\/4894\/revisions\/6736"}],"up":[{"embeddable":true,"href":"https:\/\/www.unisantos.br\/pos\/wp-json\/wp\/v2\/pages\/210"}],"wp:attachment":[{"href":"https:\/\/www.unisantos.br\/pos\/wp-json\/wp\/v2\/media?parent=4894"}],"curies":[{"name":"wp","href":"https:\/\/api.w.org\/{rel}","templated":true}]}}